{"id":3953,"date":"2023-02-27T15:03:58","date_gmt":"2023-02-27T15:03:58","guid":{"rendered":"https:\/\/xdsomename.tempurl.host\/ukiyo-website\/product\/aware-polylana-vavd-plad-130x150cm-gra\/"},"modified":"2026-04-16T01:09:04","modified_gmt":"2026-04-16T01:09:04","slug":"aware-polylana-vavd-plad-130x150cm-gra","status":"publish","type":"product","link":"https:\/\/ukiyo-home.com\/sv\/aware-polylana-vavd-plad-130x150cm-gra\/","title":{"rendered":"Aware\u2122 Polylana\u00ae v\u00e4vd pl\u00e4d 130x150cm, gr\u00e5"},"content":{"rendered":"<p>Ukiyo Aware\u2122 Polylana\u00ae v\u00e4vd pl\u00e4d \u00e4r ett trevligt tillskott f\u00f6r att pigga upp inredningen hemma. Filten \u00e4r v\u00e4vd och har fransar p\u00e5 sidorna. Anv\u00e4nd den i soffan f\u00f6r mysiga filmkv\u00e4llar eller p\u00e5 s\u00e4ngen som en trevlig dekoration. Med AWARE\u2122 sp\u00e5r\u00e4mne som bevisar anv\u00e4ndandet av \u00e5tervunna material. 2% av int\u00e4kterna f\u00f6r varje s\u00e5ld Impact-produkt kommer att doneras till Water.org.<\/p>\n","protected":false},"excerpt":{"rendered":"<p>Ukiyo Aware\u2122 Polylana\u00ae v\u00e4vd pl\u00e4d \u00e4r ett trevligt tillskott f\u00f6r att pigga upp inredningen hemma. Filten \u00e4r v\u00e4vd och har fransar p\u00e5 sidorna. Anv\u00e4nd den i soffan f\u00f6r mysiga filmkv\u00e4llar eller p\u00e5 s\u00e4ngen som en trevlig dekoration. Med AWARE\u2122 sp\u00e5r\u00e4mne som bevisar anv\u00e4ndandet av \u00e5tervunna material. 2% av int\u00e4kterna f\u00f6r varje s\u00e5ld Impact-produkt kommer att [&hellip;]<\/p>\n","protected":false},"featured_media":14655,"comment_status":"closed","ping_status":"closed","template":"","meta":{"_acf_changed":false},"product_cat":[67],"product_tag":[],"class_list":["post-3953","product","type-product","status-publish","has-post-thumbnail","hentry","product_cat-textiler-sv","pa_color-grey"],"acf":[],"yoast_head":"<!-- This site is optimized with the Yoast SEO plugin v27.0 - https:\/\/yoast.com\/product\/yoast-seo-wordpress\/ -->\n<title>Aware\u2122 Polylana\u00ae v\u00e4vd pl\u00e4d 130x150cm, gr\u00e5 - Ukiyo Home<\/title>\n<meta name=\"robots\" content=\"index, follow, max-snippet:-1, max-image-preview:large, max-video-preview:-1\" \/>\n<link rel=\"canonical\" href=\"https:\/\/ukiyo-home.com\/sv\/aware-polylana-vavd-plad-130x150cm-gra\/\" \/>\n<meta property=\"og:locale\" content=\"sv_SE\" \/>\n<meta property=\"og:type\" content=\"article\" \/>\n<meta property=\"og:title\" content=\"Aware\u2122 Polylana\u00ae v\u00e4vd pl\u00e4d 130x150cm, gr\u00e5 - Ukiyo Home\" \/>\n<meta property=\"og:description\" content=\"Ukiyo Aware\u2122 Polylana\u00ae v\u00e4vd pl\u00e4d \u00e4r ett trevligt tillskott f\u00f6r att pigga upp inredningen hemma. Filten \u00e4r v\u00e4vd och har fransar p\u00e5 sidorna. Anv\u00e4nd den i soffan f\u00f6r mysiga filmkv\u00e4llar eller p\u00e5 s\u00e4ngen som en trevlig dekoration. Med AWARE\u2122 sp\u00e5r\u00e4mne som bevisar anv\u00e4ndandet av \u00e5tervunna material. 2% av int\u00e4kterna f\u00f6r varje s\u00e5ld Impact-produkt kommer att [&hellip;]\" \/>\n<meta property=\"og:url\" content=\"https:\/\/ukiyo-home.com\/sv\/aware-polylana-vavd-plad-130x150cm-gra\/\" \/>\n<meta property=\"og:site_name\" content=\"Ukiyo Home\" \/>\n<meta property=\"article:modified_time\" content=\"2026-04-16T01:09:04+00:00\" \/>\n<meta property=\"og:image\" content=\"https:\/\/ukiyo-home.com\/wp-content\/uploads\/sites\/7\/2026\/04\/P459.102__S_0__f9267cf64eb24238840db091c0e3961b.jpg\" \/>\n\t<meta property=\"og:image:width\" content=\"1024\" \/>\n\t<meta property=\"og:image:height\" content=\"1024\" \/>\n\t<meta property=\"og:image:type\" content=\"image\/jpeg\" \/>\n<meta name=\"twitter:card\" content=\"summary_large_image\" \/>\n<script type=\"application\/ld+json\" class=\"yoast-schema-graph\">{\"@context\":\"https:\/\/schema.org\",\"@graph\":[{\"@type\":\"WebPage\",\"@id\":\"https:\/\/ukiyo-home.com\/sv\/aware-polylana-vavd-plad-130x150cm-gra\/\",\"url\":\"https:\/\/ukiyo-home.com\/sv\/aware-polylana-vavd-plad-130x150cm-gra\/\",\"name\":\"Aware\u2122 Polylana\u00ae v\u00e4vd pl\u00e4d 130x150cm, gr\u00e5 - Ukiyo Home\",\"isPartOf\":{\"@id\":\"https:\/\/ukiyo-home.com\/sv\/#website\"},\"primaryImageOfPage\":{\"@id\":\"https:\/\/ukiyo-home.com\/sv\/aware-polylana-vavd-plad-130x150cm-gra\/#primaryimage\"},\"image\":{\"@id\":\"https:\/\/ukiyo-home.com\/sv\/aware-polylana-vavd-plad-130x150cm-gra\/#primaryimage\"},\"thumbnailUrl\":\"https:\/\/ukiyo-home.com\/wp-content\/uploads\/sites\/7\/2026\/04\/P459.102__S_0__f9267cf64eb24238840db091c0e3961b.jpg\",\"datePublished\":\"2023-02-27T15:03:58+00:00\",\"dateModified\":\"2026-04-16T01:09:04+00:00\",\"breadcrumb\":{\"@id\":\"https:\/\/ukiyo-home.com\/sv\/aware-polylana-vavd-plad-130x150cm-gra\/#breadcrumb\"},\"inLanguage\":\"sv-SE\",\"potentialAction\":[{\"@type\":\"ReadAction\",\"target\":[\"https:\/\/ukiyo-home.com\/sv\/aware-polylana-vavd-plad-130x150cm-gra\/\"]}]},{\"@type\":\"ImageObject\",\"inLanguage\":\"sv-SE\",\"@id\":\"https:\/\/ukiyo-home.com\/sv\/aware-polylana-vavd-plad-130x150cm-gra\/#primaryimage\",\"url\":\"https:\/\/ukiyo-home.com\/wp-content\/uploads\/sites\/7\/2026\/04\/P459.102__S_0__f9267cf64eb24238840db091c0e3961b.jpg\",\"contentUrl\":\"https:\/\/ukiyo-home.com\/wp-content\/uploads\/sites\/7\/2026\/04\/P459.102__S_0__f9267cf64eb24238840db091c0e3961b.jpg\",\"width\":1024,\"height\":1024},{\"@type\":\"BreadcrumbList\",\"@id\":\"https:\/\/ukiyo-home.com\/sv\/aware-polylana-vavd-plad-130x150cm-gra\/#breadcrumb\",\"itemListElement\":[{\"@type\":\"ListItem\",\"position\":1,\"name\":\"Home\",\"item\":\"https:\/\/ukiyo-home.com\/sv\/\"},{\"@type\":\"ListItem\",\"position\":2,\"name\":\"Kollektion\",\"item\":\"https:\/\/ukiyo-home.com\/sv\/kollektion-sv\/\"},{\"@type\":\"ListItem\",\"position\":3,\"name\":\"Aware\u2122 Polylana\u00ae v\u00e4vd pl\u00e4d 130x150cm, gr\u00e5\"}]},{\"@type\":\"WebSite\",\"@id\":\"https:\/\/ukiyo-home.com\/sv\/#website\",\"url\":\"https:\/\/ukiyo-home.com\/sv\/\",\"name\":\"Ukiyo Home\",\"description\":\"Just another Swiss Peak Sites site\",\"potentialAction\":[{\"@type\":\"SearchAction\",\"target\":{\"@type\":\"EntryPoint\",\"urlTemplate\":\"https:\/\/ukiyo-home.com\/sv\/?s={search_term_string}\"},\"query-input\":{\"@type\":\"PropertyValueSpecification\",\"valueRequired\":true,\"valueName\":\"search_term_string\"}}],\"inLanguage\":\"sv-SE\"}]}<\/script>\n<!-- \/ Yoast SEO plugin. -->","yoast_head_json":{"title":"Aware\u2122 Polylana\u00ae v\u00e4vd pl\u00e4d 130x150cm, gr\u00e5 - Ukiyo Home","robots":{"index":"index","follow":"follow","max-snippet":"max-snippet:-1","max-image-preview":"max-image-preview:large","max-video-preview":"max-video-preview:-1"},"canonical":"https:\/\/ukiyo-home.com\/sv\/aware-polylana-vavd-plad-130x150cm-gra\/","og_locale":"sv_SE","og_type":"article","og_title":"Aware\u2122 Polylana\u00ae v\u00e4vd pl\u00e4d 130x150cm, gr\u00e5 - Ukiyo Home","og_description":"Ukiyo Aware\u2122 Polylana\u00ae v\u00e4vd pl\u00e4d \u00e4r ett trevligt tillskott f\u00f6r att pigga upp inredningen hemma. Filten \u00e4r v\u00e4vd och har fransar p\u00e5 sidorna. Anv\u00e4nd den i soffan f\u00f6r mysiga filmkv\u00e4llar eller p\u00e5 s\u00e4ngen som en trevlig dekoration. Med AWARE\u2122 sp\u00e5r\u00e4mne som bevisar anv\u00e4ndandet av \u00e5tervunna material. 2% av int\u00e4kterna f\u00f6r varje s\u00e5ld Impact-produkt kommer att [&hellip;]","og_url":"https:\/\/ukiyo-home.com\/sv\/aware-polylana-vavd-plad-130x150cm-gra\/","og_site_name":"Ukiyo Home","article_modified_time":"2026-04-16T01:09:04+00:00","og_image":[{"width":1024,"height":1024,"url":"https:\/\/ukiyo-home.com\/wp-content\/uploads\/sites\/7\/2026\/04\/P459.102__S_0__f9267cf64eb24238840db091c0e3961b.jpg","type":"image\/jpeg"}],"twitter_card":"summary_large_image","schema":{"@context":"https:\/\/schema.org","@graph":[{"@type":"WebPage","@id":"https:\/\/ukiyo-home.com\/sv\/aware-polylana-vavd-plad-130x150cm-gra\/","url":"https:\/\/ukiyo-home.com\/sv\/aware-polylana-vavd-plad-130x150cm-gra\/","name":"Aware\u2122 Polylana\u00ae v\u00e4vd pl\u00e4d 130x150cm, gr\u00e5 - Ukiyo Home","isPartOf":{"@id":"https:\/\/ukiyo-home.com\/sv\/#website"},"primaryImageOfPage":{"@id":"https:\/\/ukiyo-home.com\/sv\/aware-polylana-vavd-plad-130x150cm-gra\/#primaryimage"},"image":{"@id":"https:\/\/ukiyo-home.com\/sv\/aware-polylana-vavd-plad-130x150cm-gra\/#primaryimage"},"thumbnailUrl":"https:\/\/ukiyo-home.com\/wp-content\/uploads\/sites\/7\/2026\/04\/P459.102__S_0__f9267cf64eb24238840db091c0e3961b.jpg","datePublished":"2023-02-27T15:03:58+00:00","dateModified":"2026-04-16T01:09:04+00:00","breadcrumb":{"@id":"https:\/\/ukiyo-home.com\/sv\/aware-polylana-vavd-plad-130x150cm-gra\/#breadcrumb"},"inLanguage":"sv-SE","potentialAction":[{"@type":"ReadAction","target":["https:\/\/ukiyo-home.com\/sv\/aware-polylana-vavd-plad-130x150cm-gra\/"]}]},{"@type":"ImageObject","inLanguage":"sv-SE","@id":"https:\/\/ukiyo-home.com\/sv\/aware-polylana-vavd-plad-130x150cm-gra\/#primaryimage","url":"https:\/\/ukiyo-home.com\/wp-content\/uploads\/sites\/7\/2026\/04\/P459.102__S_0__f9267cf64eb24238840db091c0e3961b.jpg","contentUrl":"https:\/\/ukiyo-home.com\/wp-content\/uploads\/sites\/7\/2026\/04\/P459.102__S_0__f9267cf64eb24238840db091c0e3961b.jpg","width":1024,"height":1024},{"@type":"BreadcrumbList","@id":"https:\/\/ukiyo-home.com\/sv\/aware-polylana-vavd-plad-130x150cm-gra\/#breadcrumb","itemListElement":[{"@type":"ListItem","position":1,"name":"Home","item":"https:\/\/ukiyo-home.com\/sv\/"},{"@type":"ListItem","position":2,"name":"Kollektion","item":"https:\/\/ukiyo-home.com\/sv\/kollektion-sv\/"},{"@type":"ListItem","position":3,"name":"Aware\u2122 Polylana\u00ae v\u00e4vd pl\u00e4d 130x150cm, gr\u00e5"}]},{"@type":"WebSite","@id":"https:\/\/ukiyo-home.com\/sv\/#website","url":"https:\/\/ukiyo-home.com\/sv\/","name":"Ukiyo Home","description":"Just another Swiss Peak Sites site","potentialAction":[{"@type":"SearchAction","target":{"@type":"EntryPoint","urlTemplate":"https:\/\/ukiyo-home.com\/sv\/?s={search_term_string}"},"query-input":{"@type":"PropertyValueSpecification","valueRequired":true,"valueName":"search_term_string"}}],"inLanguage":"sv-SE"}]}},"_links":{"self":[{"href":"https:\/\/ukiyo-home.com\/sv\/wp-json\/wp\/v2\/product\/3953","targetHints":{"allow":["GET"]}}],"collection":[{"href":"https:\/\/ukiyo-home.com\/sv\/wp-json\/wp\/v2\/product"}],"about":[{"href":"https:\/\/ukiyo-home.com\/sv\/wp-json\/wp\/v2\/types\/product"}],"replies":[{"embeddable":true,"href":"https:\/\/ukiyo-home.com\/sv\/wp-json\/wp\/v2\/comments?post=3953"}],"wp:featuredmedia":[{"embeddable":true,"href":"https:\/\/ukiyo-home.com\/sv\/wp-json\/wp\/v2\/media\/14655"}],"wp:attachment":[{"href":"https:\/\/ukiyo-home.com\/sv\/wp-json\/wp\/v2\/media?parent=3953"}],"wp:term":[{"taxonomy":"product_cat","embeddable":true,"href":"https:\/\/ukiyo-home.com\/sv\/wp-json\/wp\/v2\/product_cat?post=3953"},{"taxonomy":"product_tag","embeddable":true,"href":"https:\/\/ukiyo-home.com\/sv\/wp-json\/wp\/v2\/product_tag?post=3953"}],"curies":[{"name":"wp","href":"https:\/\/api.w.org\/{rel}","templated":true}]}}