{"id":3950,"date":"2023-02-27T15:03:58","date_gmt":"2023-02-27T15:03:58","guid":{"rendered":"https:\/\/xdsomename.tempurl.host\/ukiyo-website\/product\/sakura-aware-500-gsm-badlakan-70-x-140cm-bla\/"},"modified":"2026-03-20T02:04:34","modified_gmt":"2026-03-20T02:04:34","slug":"sakura-aware-500-gsm-badlakan-70-x-140cm-bla","status":"publish","type":"product","link":"https:\/\/ukiyo-home.com\/sv\/sakura-aware-500-gsm-badlakan-70-x-140cm-bla\/","title":{"rendered":"Sakura AWARE\u2122 500 gsm badlakan 70 x 140cm, bl\u00e5"},"content":{"rendered":"<p>H\u00e5llbart stort badlakan i spakvalitet, 500 gram vilket g\u00f6r den h\u00e4rligt tjock, silkeslen och mjuk mot huden. Denna lyxiga Ukiyo handduk \u00e4r mjuk, snabbtorkande och har en h\u00f6g absorbtion. Handduken inneh\u00e5ller 30% \u00e5tervunnen bomull. Med AWARE\u2122 sp\u00e5r\u00e4mne som bevisar anv\u00e4ndandet av \u00e5tervunnen bomull. Varje handduk sparar 1453,1 liter vatten. 2% av int\u00e4kterna f\u00f6r varje s\u00e5ld Impact-produkt kommer att doneras till Water.org. G\u00e5r att tv\u00e4tta i maskin. Tillverkad i Portugal.<\/p>\n","protected":false},"excerpt":{"rendered":"<p>H\u00e5llbart stort badlakan i spakvalitet, 500 gram vilket g\u00f6r den h\u00e4rligt tjock, silkeslen och mjuk mot huden. Denna lyxiga Ukiyo handduk \u00e4r mjuk, snabbtorkande och har en h\u00f6g absorbtion. Handduken inneh\u00e5ller 30% \u00e5tervunnen bomull. Med AWARE\u2122 sp\u00e5r\u00e4mne som bevisar anv\u00e4ndandet av \u00e5tervunnen bomull. Varje handduk sparar 1453,1 liter vatten. 2% av int\u00e4kterna f\u00f6r varje s\u00e5ld [&hellip;]<\/p>\n","protected":false},"featured_media":12575,"comment_status":"closed","ping_status":"closed","template":"","meta":{"_acf_changed":false},"product_cat":[67],"product_tag":[],"class_list":["post-3950","product","type-product","status-publish","has-post-thumbnail","hentry","product_cat-textiler-sv","pa_color-blue"],"acf":[],"yoast_head":"<!-- This site is optimized with the Yoast SEO plugin v27.0 - https:\/\/yoast.com\/product\/yoast-seo-wordpress\/ -->\n<title>Sakura AWARE\u2122 500 gsm badlakan 70 x 140cm, bl\u00e5 - Ukiyo Home<\/title>\n<meta name=\"robots\" content=\"index, follow, max-snippet:-1, max-image-preview:large, max-video-preview:-1\" \/>\n<link rel=\"canonical\" href=\"https:\/\/ukiyo-home.com\/sv\/sakura-aware-500-gsm-badlakan-70-x-140cm-bla\/\" \/>\n<meta property=\"og:locale\" content=\"sv_SE\" \/>\n<meta property=\"og:type\" content=\"article\" \/>\n<meta property=\"og:title\" content=\"Sakura AWARE\u2122 500 gsm badlakan 70 x 140cm, bl\u00e5 - Ukiyo Home\" \/>\n<meta property=\"og:description\" content=\"H\u00e5llbart stort badlakan i spakvalitet, 500 gram vilket g\u00f6r den h\u00e4rligt tjock, silkeslen och mjuk mot huden. Denna lyxiga Ukiyo handduk \u00e4r mjuk, snabbtorkande och har en h\u00f6g absorbtion. Handduken inneh\u00e5ller 30% \u00e5tervunnen bomull. Med AWARE\u2122 sp\u00e5r\u00e4mne som bevisar anv\u00e4ndandet av \u00e5tervunnen bomull. Varje handduk sparar 1453,1 liter vatten. 2% av int\u00e4kterna f\u00f6r varje s\u00e5ld [&hellip;]\" \/>\n<meta property=\"og:url\" content=\"https:\/\/ukiyo-home.com\/sv\/sakura-aware-500-gsm-badlakan-70-x-140cm-bla\/\" \/>\n<meta property=\"og:site_name\" content=\"Ukiyo Home\" \/>\n<meta property=\"article:modified_time\" content=\"2026-03-20T02:04:34+00:00\" \/>\n<meta property=\"og:image\" content=\"https:\/\/ukiyo-home.com\/wp-content\/uploads\/sites\/7\/2024\/02\/P453.825__S_0__c0fc00da82b8463f9beb84a572c3448f.jpg\" \/>\n\t<meta property=\"og:image:width\" content=\"1024\" \/>\n\t<meta property=\"og:image:height\" content=\"1024\" \/>\n\t<meta property=\"og:image:type\" content=\"image\/jpeg\" \/>\n<meta name=\"twitter:card\" content=\"summary_large_image\" \/>\n<script type=\"application\/ld+json\" class=\"yoast-schema-graph\">{\"@context\":\"https:\/\/schema.org\",\"@graph\":[{\"@type\":\"WebPage\",\"@id\":\"https:\/\/ukiyo-home.com\/sv\/sakura-aware-500-gsm-badlakan-70-x-140cm-bla\/\",\"url\":\"https:\/\/ukiyo-home.com\/sv\/sakura-aware-500-gsm-badlakan-70-x-140cm-bla\/\",\"name\":\"Sakura AWARE\u2122 500 gsm badlakan 70 x 140cm, bl\u00e5 - Ukiyo Home\",\"isPartOf\":{\"@id\":\"https:\/\/ukiyo-home.com\/sv\/#website\"},\"primaryImageOfPage\":{\"@id\":\"https:\/\/ukiyo-home.com\/sv\/sakura-aware-500-gsm-badlakan-70-x-140cm-bla\/#primaryimage\"},\"image\":{\"@id\":\"https:\/\/ukiyo-home.com\/sv\/sakura-aware-500-gsm-badlakan-70-x-140cm-bla\/#primaryimage\"},\"thumbnailUrl\":\"https:\/\/ukiyo-home.com\/wp-content\/uploads\/sites\/7\/2024\/02\/P453.825__S_0__c0fc00da82b8463f9beb84a572c3448f.jpg\",\"datePublished\":\"2023-02-27T15:03:58+00:00\",\"dateModified\":\"2026-03-20T02:04:34+00:00\",\"breadcrumb\":{\"@id\":\"https:\/\/ukiyo-home.com\/sv\/sakura-aware-500-gsm-badlakan-70-x-140cm-bla\/#breadcrumb\"},\"inLanguage\":\"sv-SE\",\"potentialAction\":[{\"@type\":\"ReadAction\",\"target\":[\"https:\/\/ukiyo-home.com\/sv\/sakura-aware-500-gsm-badlakan-70-x-140cm-bla\/\"]}]},{\"@type\":\"ImageObject\",\"inLanguage\":\"sv-SE\",\"@id\":\"https:\/\/ukiyo-home.com\/sv\/sakura-aware-500-gsm-badlakan-70-x-140cm-bla\/#primaryimage\",\"url\":\"https:\/\/ukiyo-home.com\/wp-content\/uploads\/sites\/7\/2024\/02\/P453.825__S_0__c0fc00da82b8463f9beb84a572c3448f.jpg\",\"contentUrl\":\"https:\/\/ukiyo-home.com\/wp-content\/uploads\/sites\/7\/2024\/02\/P453.825__S_0__c0fc00da82b8463f9beb84a572c3448f.jpg\",\"width\":1024,\"height\":1024},{\"@type\":\"BreadcrumbList\",\"@id\":\"https:\/\/ukiyo-home.com\/sv\/sakura-aware-500-gsm-badlakan-70-x-140cm-bla\/#breadcrumb\",\"itemListElement\":[{\"@type\":\"ListItem\",\"position\":1,\"name\":\"Home\",\"item\":\"https:\/\/ukiyo-home.com\/sv\/\"},{\"@type\":\"ListItem\",\"position\":2,\"name\":\"Kollektion\",\"item\":\"https:\/\/ukiyo-home.com\/sv\/kollektion-sv\/\"},{\"@type\":\"ListItem\",\"position\":3,\"name\":\"Sakura AWARE\u2122 500 gsm badlakan 70 x 140cm, bl\u00e5\"}]},{\"@type\":\"WebSite\",\"@id\":\"https:\/\/ukiyo-home.com\/sv\/#website\",\"url\":\"https:\/\/ukiyo-home.com\/sv\/\",\"name\":\"Ukiyo Home\",\"description\":\"Just another Swiss Peak Sites site\",\"potentialAction\":[{\"@type\":\"SearchAction\",\"target\":{\"@type\":\"EntryPoint\",\"urlTemplate\":\"https:\/\/ukiyo-home.com\/sv\/?s={search_term_string}\"},\"query-input\":{\"@type\":\"PropertyValueSpecification\",\"valueRequired\":true,\"valueName\":\"search_term_string\"}}],\"inLanguage\":\"sv-SE\"}]}<\/script>\n<!-- \/ Yoast SEO plugin. -->","yoast_head_json":{"title":"Sakura AWARE\u2122 500 gsm badlakan 70 x 140cm, bl\u00e5 - Ukiyo Home","robots":{"index":"index","follow":"follow","max-snippet":"max-snippet:-1","max-image-preview":"max-image-preview:large","max-video-preview":"max-video-preview:-1"},"canonical":"https:\/\/ukiyo-home.com\/sv\/sakura-aware-500-gsm-badlakan-70-x-140cm-bla\/","og_locale":"sv_SE","og_type":"article","og_title":"Sakura AWARE\u2122 500 gsm badlakan 70 x 140cm, bl\u00e5 - Ukiyo Home","og_description":"H\u00e5llbart stort badlakan i spakvalitet, 500 gram vilket g\u00f6r den h\u00e4rligt tjock, silkeslen och mjuk mot huden. Denna lyxiga Ukiyo handduk \u00e4r mjuk, snabbtorkande och har en h\u00f6g absorbtion. Handduken inneh\u00e5ller 30% \u00e5tervunnen bomull. Med AWARE\u2122 sp\u00e5r\u00e4mne som bevisar anv\u00e4ndandet av \u00e5tervunnen bomull. Varje handduk sparar 1453,1 liter vatten. 2% av int\u00e4kterna f\u00f6r varje s\u00e5ld [&hellip;]","og_url":"https:\/\/ukiyo-home.com\/sv\/sakura-aware-500-gsm-badlakan-70-x-140cm-bla\/","og_site_name":"Ukiyo Home","article_modified_time":"2026-03-20T02:04:34+00:00","og_image":[{"width":1024,"height":1024,"url":"https:\/\/ukiyo-home.com\/wp-content\/uploads\/sites\/7\/2024\/02\/P453.825__S_0__c0fc00da82b8463f9beb84a572c3448f.jpg","type":"image\/jpeg"}],"twitter_card":"summary_large_image","schema":{"@context":"https:\/\/schema.org","@graph":[{"@type":"WebPage","@id":"https:\/\/ukiyo-home.com\/sv\/sakura-aware-500-gsm-badlakan-70-x-140cm-bla\/","url":"https:\/\/ukiyo-home.com\/sv\/sakura-aware-500-gsm-badlakan-70-x-140cm-bla\/","name":"Sakura AWARE\u2122 500 gsm badlakan 70 x 140cm, bl\u00e5 - Ukiyo Home","isPartOf":{"@id":"https:\/\/ukiyo-home.com\/sv\/#website"},"primaryImageOfPage":{"@id":"https:\/\/ukiyo-home.com\/sv\/sakura-aware-500-gsm-badlakan-70-x-140cm-bla\/#primaryimage"},"image":{"@id":"https:\/\/ukiyo-home.com\/sv\/sakura-aware-500-gsm-badlakan-70-x-140cm-bla\/#primaryimage"},"thumbnailUrl":"https:\/\/ukiyo-home.com\/wp-content\/uploads\/sites\/7\/2024\/02\/P453.825__S_0__c0fc00da82b8463f9beb84a572c3448f.jpg","datePublished":"2023-02-27T15:03:58+00:00","dateModified":"2026-03-20T02:04:34+00:00","breadcrumb":{"@id":"https:\/\/ukiyo-home.com\/sv\/sakura-aware-500-gsm-badlakan-70-x-140cm-bla\/#breadcrumb"},"inLanguage":"sv-SE","potentialAction":[{"@type":"ReadAction","target":["https:\/\/ukiyo-home.com\/sv\/sakura-aware-500-gsm-badlakan-70-x-140cm-bla\/"]}]},{"@type":"ImageObject","inLanguage":"sv-SE","@id":"https:\/\/ukiyo-home.com\/sv\/sakura-aware-500-gsm-badlakan-70-x-140cm-bla\/#primaryimage","url":"https:\/\/ukiyo-home.com\/wp-content\/uploads\/sites\/7\/2024\/02\/P453.825__S_0__c0fc00da82b8463f9beb84a572c3448f.jpg","contentUrl":"https:\/\/ukiyo-home.com\/wp-content\/uploads\/sites\/7\/2024\/02\/P453.825__S_0__c0fc00da82b8463f9beb84a572c3448f.jpg","width":1024,"height":1024},{"@type":"BreadcrumbList","@id":"https:\/\/ukiyo-home.com\/sv\/sakura-aware-500-gsm-badlakan-70-x-140cm-bla\/#breadcrumb","itemListElement":[{"@type":"ListItem","position":1,"name":"Home","item":"https:\/\/ukiyo-home.com\/sv\/"},{"@type":"ListItem","position":2,"name":"Kollektion","item":"https:\/\/ukiyo-home.com\/sv\/kollektion-sv\/"},{"@type":"ListItem","position":3,"name":"Sakura AWARE\u2122 500 gsm badlakan 70 x 140cm, bl\u00e5"}]},{"@type":"WebSite","@id":"https:\/\/ukiyo-home.com\/sv\/#website","url":"https:\/\/ukiyo-home.com\/sv\/","name":"Ukiyo Home","description":"Just another Swiss Peak Sites site","potentialAction":[{"@type":"SearchAction","target":{"@type":"EntryPoint","urlTemplate":"https:\/\/ukiyo-home.com\/sv\/?s={search_term_string}"},"query-input":{"@type":"PropertyValueSpecification","valueRequired":true,"valueName":"search_term_string"}}],"inLanguage":"sv-SE"}]}},"_links":{"self":[{"href":"https:\/\/ukiyo-home.com\/sv\/wp-json\/wp\/v2\/product\/3950","targetHints":{"allow":["GET"]}}],"collection":[{"href":"https:\/\/ukiyo-home.com\/sv\/wp-json\/wp\/v2\/product"}],"about":[{"href":"https:\/\/ukiyo-home.com\/sv\/wp-json\/wp\/v2\/types\/product"}],"replies":[{"embeddable":true,"href":"https:\/\/ukiyo-home.com\/sv\/wp-json\/wp\/v2\/comments?post=3950"}],"wp:featuredmedia":[{"embeddable":true,"href":"https:\/\/ukiyo-home.com\/sv\/wp-json\/wp\/v2\/media\/12575"}],"wp:attachment":[{"href":"https:\/\/ukiyo-home.com\/sv\/wp-json\/wp\/v2\/media?parent=3950"}],"wp:term":[{"taxonomy":"product_cat","embeddable":true,"href":"https:\/\/ukiyo-home.com\/sv\/wp-json\/wp\/v2\/product_cat?post=3950"},{"taxonomy":"product_tag","embeddable":true,"href":"https:\/\/ukiyo-home.com\/sv\/wp-json\/wp\/v2\/product_tag?post=3950"}],"curies":[{"name":"wp","href":"https:\/\/api.w.org\/{rel}","templated":true}]}}