{"id":3940,"date":"2023-02-27T15:01:52","date_gmt":"2023-02-27T15:01:52","guid":{"rendered":"https:\/\/xdsomename.tempurl.host\/ukiyo-website\/product\/hisako-aware-4-sasonger-handduk-filt-100x180-gron\/"},"modified":"2026-03-20T02:04:29","modified_gmt":"2026-03-20T02:04:29","slug":"hisako-aware-4-sasonger-handduk-filt-100x180-gron","status":"publish","type":"product","link":"https:\/\/ukiyo-home.com\/sv\/hisako-aware-4-sasonger-handduk-filt-100x180-gron\/","title":{"rendered":"Hisako\u00a0AWARE\u2122 4 s\u00e4songer handduk\/filt 100&#215;180, gr\u00f6n"},"content":{"rendered":"<p>En lyxig och m\u00e5ngsidig handduk som passar f\u00f6r m\u00e5nga olika tillf\u00e4llen. Handduken inneh\u00e5ller 22% \u00e5tervunnen bomull som \u00e4r supermjuk och med en silkeslen k\u00e4nsla. Med AWARE\u2122 sp\u00e5r\u00e4mne som bevisar anv\u00e4ndandet av \u00e5tervunnen bomull. Anv\u00e4nd handduken p\u00e5 stranden, semestern, bastun, vid poolen, camping, tr\u00e4ning, som en filt eller som en bebisfilt. Passar lika bra som en filt p\u00e5 soffan eller till picknicken. Handduken \u00e4r snabbtorkande, m\u00f6gelresistent och enkel att tv\u00e4tta. Varje handduk sparar 1409,2 liter vatten.  2% av int\u00e4kterna f\u00f6r varje s\u00e5ld Impact-produkt kommer att doneras till Water.org. Kan tv\u00e4ttas i maskin. Tillverkad i Portugal.<\/p>\n","protected":false},"excerpt":{"rendered":"<p>En lyxig och m\u00e5ngsidig handduk som passar f\u00f6r m\u00e5nga olika tillf\u00e4llen. Handduken inneh\u00e5ller 22% \u00e5tervunnen bomull som \u00e4r supermjuk och med en silkeslen k\u00e4nsla. Med AWARE\u2122 sp\u00e5r\u00e4mne som bevisar anv\u00e4ndandet av \u00e5tervunnen bomull. Anv\u00e4nd handduken p\u00e5 stranden, semestern, bastun, vid poolen, camping, tr\u00e4ning, som en filt eller som en bebisfilt. Passar lika bra som en [&hellip;]<\/p>\n","protected":false},"featured_media":11416,"comment_status":"closed","ping_status":"closed","template":"","meta":{"_acf_changed":false},"product_cat":[67],"product_tag":[],"class_list":["post-3940","product","type-product","status-publish","has-post-thumbnail","hentry","product_cat-textiler-sv","pa_color-green"],"acf":[],"yoast_head":"<!-- This site is optimized with the Yoast SEO plugin v27.0 - https:\/\/yoast.com\/product\/yoast-seo-wordpress\/ -->\n<title>Hisako\u00a0AWARE\u2122 4 s\u00e4songer handduk\/filt 100x180, gr\u00f6n - Ukiyo Home<\/title>\n<meta name=\"robots\" content=\"index, follow, max-snippet:-1, max-image-preview:large, max-video-preview:-1\" \/>\n<link rel=\"canonical\" href=\"https:\/\/ukiyo-home.com\/sv\/hisako-aware-4-sasonger-handduk-filt-100x180-gron\/\" \/>\n<meta property=\"og:locale\" content=\"sv_SE\" \/>\n<meta property=\"og:type\" content=\"article\" \/>\n<meta property=\"og:title\" content=\"Hisako\u00a0AWARE\u2122 4 s\u00e4songer handduk\/filt 100x180, gr\u00f6n - Ukiyo Home\" \/>\n<meta property=\"og:description\" content=\"En lyxig och m\u00e5ngsidig handduk som passar f\u00f6r m\u00e5nga olika tillf\u00e4llen. Handduken inneh\u00e5ller 22% \u00e5tervunnen bomull som \u00e4r supermjuk och med en silkeslen k\u00e4nsla. Med AWARE\u2122 sp\u00e5r\u00e4mne som bevisar anv\u00e4ndandet av \u00e5tervunnen bomull. Anv\u00e4nd handduken p\u00e5 stranden, semestern, bastun, vid poolen, camping, tr\u00e4ning, som en filt eller som en bebisfilt. Passar lika bra som en [&hellip;]\" \/>\n<meta property=\"og:url\" content=\"https:\/\/ukiyo-home.com\/sv\/hisako-aware-4-sasonger-handduk-filt-100x180-gron\/\" \/>\n<meta property=\"og:site_name\" content=\"Ukiyo Home\" \/>\n<meta property=\"article:modified_time\" content=\"2026-03-20T02:04:29+00:00\" \/>\n<meta property=\"og:image\" content=\"https:\/\/ukiyo-home.com\/wp-content\/uploads\/sites\/7\/2024\/02\/P453.807__S_0__3268fa25169d49159173f9e38dde09b7.jpg\" \/>\n\t<meta property=\"og:image:width\" content=\"1024\" \/>\n\t<meta property=\"og:image:height\" content=\"1024\" \/>\n\t<meta property=\"og:image:type\" content=\"image\/jpeg\" \/>\n<meta name=\"twitter:card\" content=\"summary_large_image\" \/>\n<meta name=\"twitter:label1\" content=\"Ber\u00e4knad l\u00e4stid\" \/>\n\t<meta name=\"twitter:data1\" content=\"1 minut\" \/>\n<script type=\"application\/ld+json\" class=\"yoast-schema-graph\">{\"@context\":\"https:\/\/schema.org\",\"@graph\":[{\"@type\":\"WebPage\",\"@id\":\"https:\/\/ukiyo-home.com\/sv\/hisako-aware-4-sasonger-handduk-filt-100x180-gron\/\",\"url\":\"https:\/\/ukiyo-home.com\/sv\/hisako-aware-4-sasonger-handduk-filt-100x180-gron\/\",\"name\":\"Hisako\u00a0AWARE\u2122 4 s\u00e4songer handduk\/filt 100x180, gr\u00f6n - Ukiyo Home\",\"isPartOf\":{\"@id\":\"https:\/\/ukiyo-home.com\/sv\/#website\"},\"primaryImageOfPage\":{\"@id\":\"https:\/\/ukiyo-home.com\/sv\/hisako-aware-4-sasonger-handduk-filt-100x180-gron\/#primaryimage\"},\"image\":{\"@id\":\"https:\/\/ukiyo-home.com\/sv\/hisako-aware-4-sasonger-handduk-filt-100x180-gron\/#primaryimage\"},\"thumbnailUrl\":\"https:\/\/ukiyo-home.com\/wp-content\/uploads\/sites\/7\/2024\/02\/P453.807__S_0__3268fa25169d49159173f9e38dde09b7.jpg\",\"datePublished\":\"2023-02-27T15:01:52+00:00\",\"dateModified\":\"2026-03-20T02:04:29+00:00\",\"breadcrumb\":{\"@id\":\"https:\/\/ukiyo-home.com\/sv\/hisako-aware-4-sasonger-handduk-filt-100x180-gron\/#breadcrumb\"},\"inLanguage\":\"sv-SE\",\"potentialAction\":[{\"@type\":\"ReadAction\",\"target\":[\"https:\/\/ukiyo-home.com\/sv\/hisako-aware-4-sasonger-handduk-filt-100x180-gron\/\"]}]},{\"@type\":\"ImageObject\",\"inLanguage\":\"sv-SE\",\"@id\":\"https:\/\/ukiyo-home.com\/sv\/hisako-aware-4-sasonger-handduk-filt-100x180-gron\/#primaryimage\",\"url\":\"https:\/\/ukiyo-home.com\/wp-content\/uploads\/sites\/7\/2024\/02\/P453.807__S_0__3268fa25169d49159173f9e38dde09b7.jpg\",\"contentUrl\":\"https:\/\/ukiyo-home.com\/wp-content\/uploads\/sites\/7\/2024\/02\/P453.807__S_0__3268fa25169d49159173f9e38dde09b7.jpg\",\"width\":1024,\"height\":1024},{\"@type\":\"BreadcrumbList\",\"@id\":\"https:\/\/ukiyo-home.com\/sv\/hisako-aware-4-sasonger-handduk-filt-100x180-gron\/#breadcrumb\",\"itemListElement\":[{\"@type\":\"ListItem\",\"position\":1,\"name\":\"Home\",\"item\":\"https:\/\/ukiyo-home.com\/sv\/\"},{\"@type\":\"ListItem\",\"position\":2,\"name\":\"Kollektion\",\"item\":\"https:\/\/ukiyo-home.com\/sv\/kollektion-sv\/\"},{\"@type\":\"ListItem\",\"position\":3,\"name\":\"Hisako\u00a0AWARE\u2122 4 s\u00e4songer handduk\/filt 100&#215;180, gr\u00f6n\"}]},{\"@type\":\"WebSite\",\"@id\":\"https:\/\/ukiyo-home.com\/sv\/#website\",\"url\":\"https:\/\/ukiyo-home.com\/sv\/\",\"name\":\"Ukiyo Home\",\"description\":\"Just another Swiss Peak Sites site\",\"potentialAction\":[{\"@type\":\"SearchAction\",\"target\":{\"@type\":\"EntryPoint\",\"urlTemplate\":\"https:\/\/ukiyo-home.com\/sv\/?s={search_term_string}\"},\"query-input\":{\"@type\":\"PropertyValueSpecification\",\"valueRequired\":true,\"valueName\":\"search_term_string\"}}],\"inLanguage\":\"sv-SE\"}]}<\/script>\n<!-- \/ Yoast SEO plugin. -->","yoast_head_json":{"title":"Hisako\u00a0AWARE\u2122 4 s\u00e4songer handduk\/filt 100x180, gr\u00f6n - Ukiyo Home","robots":{"index":"index","follow":"follow","max-snippet":"max-snippet:-1","max-image-preview":"max-image-preview:large","max-video-preview":"max-video-preview:-1"},"canonical":"https:\/\/ukiyo-home.com\/sv\/hisako-aware-4-sasonger-handduk-filt-100x180-gron\/","og_locale":"sv_SE","og_type":"article","og_title":"Hisako\u00a0AWARE\u2122 4 s\u00e4songer handduk\/filt 100x180, gr\u00f6n - Ukiyo Home","og_description":"En lyxig och m\u00e5ngsidig handduk som passar f\u00f6r m\u00e5nga olika tillf\u00e4llen. Handduken inneh\u00e5ller 22% \u00e5tervunnen bomull som \u00e4r supermjuk och med en silkeslen k\u00e4nsla. Med AWARE\u2122 sp\u00e5r\u00e4mne som bevisar anv\u00e4ndandet av \u00e5tervunnen bomull. Anv\u00e4nd handduken p\u00e5 stranden, semestern, bastun, vid poolen, camping, tr\u00e4ning, som en filt eller som en bebisfilt. Passar lika bra som en [&hellip;]","og_url":"https:\/\/ukiyo-home.com\/sv\/hisako-aware-4-sasonger-handduk-filt-100x180-gron\/","og_site_name":"Ukiyo Home","article_modified_time":"2026-03-20T02:04:29+00:00","og_image":[{"width":1024,"height":1024,"url":"https:\/\/ukiyo-home.com\/wp-content\/uploads\/sites\/7\/2024\/02\/P453.807__S_0__3268fa25169d49159173f9e38dde09b7.jpg","type":"image\/jpeg"}],"twitter_card":"summary_large_image","twitter_misc":{"Ber\u00e4knad l\u00e4stid":"1 minut"},"schema":{"@context":"https:\/\/schema.org","@graph":[{"@type":"WebPage","@id":"https:\/\/ukiyo-home.com\/sv\/hisako-aware-4-sasonger-handduk-filt-100x180-gron\/","url":"https:\/\/ukiyo-home.com\/sv\/hisako-aware-4-sasonger-handduk-filt-100x180-gron\/","name":"Hisako\u00a0AWARE\u2122 4 s\u00e4songer handduk\/filt 100x180, gr\u00f6n - Ukiyo Home","isPartOf":{"@id":"https:\/\/ukiyo-home.com\/sv\/#website"},"primaryImageOfPage":{"@id":"https:\/\/ukiyo-home.com\/sv\/hisako-aware-4-sasonger-handduk-filt-100x180-gron\/#primaryimage"},"image":{"@id":"https:\/\/ukiyo-home.com\/sv\/hisako-aware-4-sasonger-handduk-filt-100x180-gron\/#primaryimage"},"thumbnailUrl":"https:\/\/ukiyo-home.com\/wp-content\/uploads\/sites\/7\/2024\/02\/P453.807__S_0__3268fa25169d49159173f9e38dde09b7.jpg","datePublished":"2023-02-27T15:01:52+00:00","dateModified":"2026-03-20T02:04:29+00:00","breadcrumb":{"@id":"https:\/\/ukiyo-home.com\/sv\/hisako-aware-4-sasonger-handduk-filt-100x180-gron\/#breadcrumb"},"inLanguage":"sv-SE","potentialAction":[{"@type":"ReadAction","target":["https:\/\/ukiyo-home.com\/sv\/hisako-aware-4-sasonger-handduk-filt-100x180-gron\/"]}]},{"@type":"ImageObject","inLanguage":"sv-SE","@id":"https:\/\/ukiyo-home.com\/sv\/hisako-aware-4-sasonger-handduk-filt-100x180-gron\/#primaryimage","url":"https:\/\/ukiyo-home.com\/wp-content\/uploads\/sites\/7\/2024\/02\/P453.807__S_0__3268fa25169d49159173f9e38dde09b7.jpg","contentUrl":"https:\/\/ukiyo-home.com\/wp-content\/uploads\/sites\/7\/2024\/02\/P453.807__S_0__3268fa25169d49159173f9e38dde09b7.jpg","width":1024,"height":1024},{"@type":"BreadcrumbList","@id":"https:\/\/ukiyo-home.com\/sv\/hisako-aware-4-sasonger-handduk-filt-100x180-gron\/#breadcrumb","itemListElement":[{"@type":"ListItem","position":1,"name":"Home","item":"https:\/\/ukiyo-home.com\/sv\/"},{"@type":"ListItem","position":2,"name":"Kollektion","item":"https:\/\/ukiyo-home.com\/sv\/kollektion-sv\/"},{"@type":"ListItem","position":3,"name":"Hisako\u00a0AWARE\u2122 4 s\u00e4songer handduk\/filt 100&#215;180, gr\u00f6n"}]},{"@type":"WebSite","@id":"https:\/\/ukiyo-home.com\/sv\/#website","url":"https:\/\/ukiyo-home.com\/sv\/","name":"Ukiyo Home","description":"Just another Swiss Peak Sites site","potentialAction":[{"@type":"SearchAction","target":{"@type":"EntryPoint","urlTemplate":"https:\/\/ukiyo-home.com\/sv\/?s={search_term_string}"},"query-input":{"@type":"PropertyValueSpecification","valueRequired":true,"valueName":"search_term_string"}}],"inLanguage":"sv-SE"}]}},"_links":{"self":[{"href":"https:\/\/ukiyo-home.com\/sv\/wp-json\/wp\/v2\/product\/3940","targetHints":{"allow":["GET"]}}],"collection":[{"href":"https:\/\/ukiyo-home.com\/sv\/wp-json\/wp\/v2\/product"}],"about":[{"href":"https:\/\/ukiyo-home.com\/sv\/wp-json\/wp\/v2\/types\/product"}],"replies":[{"embeddable":true,"href":"https:\/\/ukiyo-home.com\/sv\/wp-json\/wp\/v2\/comments?post=3940"}],"wp:featuredmedia":[{"embeddable":true,"href":"https:\/\/ukiyo-home.com\/sv\/wp-json\/wp\/v2\/media\/11416"}],"wp:attachment":[{"href":"https:\/\/ukiyo-home.com\/sv\/wp-json\/wp\/v2\/media?parent=3940"}],"wp:term":[{"taxonomy":"product_cat","embeddable":true,"href":"https:\/\/ukiyo-home.com\/sv\/wp-json\/wp\/v2\/product_cat?post=3940"},{"taxonomy":"product_tag","embeddable":true,"href":"https:\/\/ukiyo-home.com\/sv\/wp-json\/wp\/v2\/product_tag?post=3940"}],"curies":[{"name":"wp","href":"https:\/\/api.w.org\/{rel}","templated":true}]}}