{"id":3933,"date":"2023-02-27T14:59:11","date_gmt":"2023-02-27T14:59:11","guid":{"rendered":"https:\/\/xdsomename.tempurl.host\/ukiyo-website\/product\/yumiko-aware-hammam-handduk-100x180cm-gra\/"},"modified":"2026-03-20T02:04:20","modified_gmt":"2026-03-20T02:04:20","slug":"yumiko-aware-hammamhandduk-100x180cm-gra","status":"publish","type":"product","link":"https:\/\/ukiyo-home.com\/sv\/yumiko-aware-hammamhandduk-100x180cm-gra\/","title":{"rendered":"Yumiko AWARE\u2122 Hammamhandduk 100x180cm, gr\u00e5"},"content":{"rendered":"<p>Handduken \u00e4r l\u00e4ttvikt, h\u00f6gabsorberande, sandresistent och snabbtorkande och \u00e4r samtidigt en av de mest h\u00e5llbara handdukarna p\u00e5 marknaden. Hammam handdukar \u00e4r multifunktionella: funkar till picknick, som bebisfilt eller till yoga, strand och gymet, kan till och med anv\u00e4ndas som bordsduk. Det b\u00e4sta av allt, det tunna materialet g\u00f6r den smidig att ta med sig, kasta ner den i strandv\u00e4skan, resv\u00e4skan eller sl\u00e4ng den bara \u00f6ver axeln. Handduken inneh\u00e5ller 12% \u00e5tervunnen bomull som \u00e4r supermjuk och med en silkeslen k\u00e4nsla. Med AWARE\u2122 sp\u00e5r\u00e4mne som bevisar anv\u00e4ndandet av \u00e5tervunnen bomull. Varje handduk sparar 597,8 liter vatten. 2% av int\u00e4kterna f\u00f6r varje s\u00e5ld Impact-produkt kommer att doneras till Water.org. Kan tv\u00e4ttas i maskin. Tillverkad i Portugal.<\/p>\n","protected":false},"excerpt":{"rendered":"<p>Handduken \u00e4r l\u00e4ttvikt, h\u00f6gabsorberande, sandresistent och snabbtorkande och \u00e4r samtidigt en av de mest h\u00e5llbara handdukarna p\u00e5 marknaden. Hammam handdukar \u00e4r multifunktionella: funkar till picknick, som bebisfilt eller till yoga, strand och gymet, kan till och med anv\u00e4ndas som bordsduk. Det b\u00e4sta av allt, det tunna materialet g\u00f6r den smidig att ta med sig, kasta [&hellip;]<\/p>\n","protected":false},"featured_media":10820,"comment_status":"closed","ping_status":"closed","template":"","meta":{"_acf_changed":false},"product_cat":[67],"product_tag":[],"class_list":["post-3933","product","type-product","status-publish","has-post-thumbnail","hentry","product_cat-textiler-sv","pa_color-grey"],"acf":[],"yoast_head":"<!-- This site is optimized with the Yoast SEO plugin v27.0 - https:\/\/yoast.com\/product\/yoast-seo-wordpress\/ -->\n<title>Yumiko AWARE\u2122 Hammamhandduk 100x180cm, gr\u00e5 - Ukiyo Home<\/title>\n<meta name=\"robots\" content=\"index, follow, max-snippet:-1, max-image-preview:large, max-video-preview:-1\" \/>\n<link rel=\"canonical\" href=\"https:\/\/ukiyo-home.com\/sv\/yumiko-aware-hammamhandduk-100x180cm-gra\/\" \/>\n<meta property=\"og:locale\" content=\"sv_SE\" \/>\n<meta property=\"og:type\" content=\"article\" \/>\n<meta property=\"og:title\" content=\"Yumiko AWARE\u2122 Hammamhandduk 100x180cm, gr\u00e5 - Ukiyo Home\" \/>\n<meta property=\"og:description\" content=\"Handduken \u00e4r l\u00e4ttvikt, h\u00f6gabsorberande, sandresistent och snabbtorkande och \u00e4r samtidigt en av de mest h\u00e5llbara handdukarna p\u00e5 marknaden. Hammam handdukar \u00e4r multifunktionella: funkar till picknick, som bebisfilt eller till yoga, strand och gymet, kan till och med anv\u00e4ndas som bordsduk. Det b\u00e4sta av allt, det tunna materialet g\u00f6r den smidig att ta med sig, kasta [&hellip;]\" \/>\n<meta property=\"og:url\" content=\"https:\/\/ukiyo-home.com\/sv\/yumiko-aware-hammamhandduk-100x180cm-gra\/\" \/>\n<meta property=\"og:site_name\" content=\"Ukiyo Home\" \/>\n<meta property=\"article:modified_time\" content=\"2026-03-20T02:04:20+00:00\" \/>\n<meta property=\"og:image\" content=\"https:\/\/ukiyo-home.com\/wp-content\/uploads\/sites\/7\/2024\/02\/P453.792__S_0__4cbb6b8d9d54461fb730f20b63cd736f.jpg\" \/>\n\t<meta property=\"og:image:width\" content=\"1024\" \/>\n\t<meta property=\"og:image:height\" content=\"1024\" \/>\n\t<meta property=\"og:image:type\" content=\"image\/jpeg\" \/>\n<meta name=\"twitter:card\" content=\"summary_large_image\" \/>\n<meta name=\"twitter:label1\" content=\"Ber\u00e4knad l\u00e4stid\" \/>\n\t<meta name=\"twitter:data1\" content=\"1 minut\" \/>\n<script type=\"application\/ld+json\" class=\"yoast-schema-graph\">{\"@context\":\"https:\/\/schema.org\",\"@graph\":[{\"@type\":\"WebPage\",\"@id\":\"https:\/\/ukiyo-home.com\/sv\/yumiko-aware-hammamhandduk-100x180cm-gra\/\",\"url\":\"https:\/\/ukiyo-home.com\/sv\/yumiko-aware-hammamhandduk-100x180cm-gra\/\",\"name\":\"Yumiko AWARE\u2122 Hammamhandduk 100x180cm, gr\u00e5 - Ukiyo Home\",\"isPartOf\":{\"@id\":\"https:\/\/ukiyo-home.com\/sv\/#website\"},\"primaryImageOfPage\":{\"@id\":\"https:\/\/ukiyo-home.com\/sv\/yumiko-aware-hammamhandduk-100x180cm-gra\/#primaryimage\"},\"image\":{\"@id\":\"https:\/\/ukiyo-home.com\/sv\/yumiko-aware-hammamhandduk-100x180cm-gra\/#primaryimage\"},\"thumbnailUrl\":\"https:\/\/ukiyo-home.com\/wp-content\/uploads\/sites\/7\/2024\/02\/P453.792__S_0__4cbb6b8d9d54461fb730f20b63cd736f.jpg\",\"datePublished\":\"2023-02-27T14:59:11+00:00\",\"dateModified\":\"2026-03-20T02:04:20+00:00\",\"breadcrumb\":{\"@id\":\"https:\/\/ukiyo-home.com\/sv\/yumiko-aware-hammamhandduk-100x180cm-gra\/#breadcrumb\"},\"inLanguage\":\"sv-SE\",\"potentialAction\":[{\"@type\":\"ReadAction\",\"target\":[\"https:\/\/ukiyo-home.com\/sv\/yumiko-aware-hammamhandduk-100x180cm-gra\/\"]}]},{\"@type\":\"ImageObject\",\"inLanguage\":\"sv-SE\",\"@id\":\"https:\/\/ukiyo-home.com\/sv\/yumiko-aware-hammamhandduk-100x180cm-gra\/#primaryimage\",\"url\":\"https:\/\/ukiyo-home.com\/wp-content\/uploads\/sites\/7\/2024\/02\/P453.792__S_0__4cbb6b8d9d54461fb730f20b63cd736f.jpg\",\"contentUrl\":\"https:\/\/ukiyo-home.com\/wp-content\/uploads\/sites\/7\/2024\/02\/P453.792__S_0__4cbb6b8d9d54461fb730f20b63cd736f.jpg\",\"width\":1024,\"height\":1024},{\"@type\":\"BreadcrumbList\",\"@id\":\"https:\/\/ukiyo-home.com\/sv\/yumiko-aware-hammamhandduk-100x180cm-gra\/#breadcrumb\",\"itemListElement\":[{\"@type\":\"ListItem\",\"position\":1,\"name\":\"Home\",\"item\":\"https:\/\/ukiyo-home.com\/sv\/\"},{\"@type\":\"ListItem\",\"position\":2,\"name\":\"Kollektion\",\"item\":\"https:\/\/ukiyo-home.com\/sv\/kollektion-sv\/\"},{\"@type\":\"ListItem\",\"position\":3,\"name\":\"Yumiko AWARE\u2122 Hammamhandduk 100x180cm, gr\u00e5\"}]},{\"@type\":\"WebSite\",\"@id\":\"https:\/\/ukiyo-home.com\/sv\/#website\",\"url\":\"https:\/\/ukiyo-home.com\/sv\/\",\"name\":\"Ukiyo Home\",\"description\":\"Just another Swiss Peak Sites site\",\"potentialAction\":[{\"@type\":\"SearchAction\",\"target\":{\"@type\":\"EntryPoint\",\"urlTemplate\":\"https:\/\/ukiyo-home.com\/sv\/?s={search_term_string}\"},\"query-input\":{\"@type\":\"PropertyValueSpecification\",\"valueRequired\":true,\"valueName\":\"search_term_string\"}}],\"inLanguage\":\"sv-SE\"}]}<\/script>\n<!-- \/ Yoast SEO plugin. -->","yoast_head_json":{"title":"Yumiko AWARE\u2122 Hammamhandduk 100x180cm, gr\u00e5 - Ukiyo Home","robots":{"index":"index","follow":"follow","max-snippet":"max-snippet:-1","max-image-preview":"max-image-preview:large","max-video-preview":"max-video-preview:-1"},"canonical":"https:\/\/ukiyo-home.com\/sv\/yumiko-aware-hammamhandduk-100x180cm-gra\/","og_locale":"sv_SE","og_type":"article","og_title":"Yumiko AWARE\u2122 Hammamhandduk 100x180cm, gr\u00e5 - Ukiyo Home","og_description":"Handduken \u00e4r l\u00e4ttvikt, h\u00f6gabsorberande, sandresistent och snabbtorkande och \u00e4r samtidigt en av de mest h\u00e5llbara handdukarna p\u00e5 marknaden. Hammam handdukar \u00e4r multifunktionella: funkar till picknick, som bebisfilt eller till yoga, strand och gymet, kan till och med anv\u00e4ndas som bordsduk. Det b\u00e4sta av allt, det tunna materialet g\u00f6r den smidig att ta med sig, kasta [&hellip;]","og_url":"https:\/\/ukiyo-home.com\/sv\/yumiko-aware-hammamhandduk-100x180cm-gra\/","og_site_name":"Ukiyo Home","article_modified_time":"2026-03-20T02:04:20+00:00","og_image":[{"width":1024,"height":1024,"url":"https:\/\/ukiyo-home.com\/wp-content\/uploads\/sites\/7\/2024\/02\/P453.792__S_0__4cbb6b8d9d54461fb730f20b63cd736f.jpg","type":"image\/jpeg"}],"twitter_card":"summary_large_image","twitter_misc":{"Ber\u00e4knad l\u00e4stid":"1 minut"},"schema":{"@context":"https:\/\/schema.org","@graph":[{"@type":"WebPage","@id":"https:\/\/ukiyo-home.com\/sv\/yumiko-aware-hammamhandduk-100x180cm-gra\/","url":"https:\/\/ukiyo-home.com\/sv\/yumiko-aware-hammamhandduk-100x180cm-gra\/","name":"Yumiko AWARE\u2122 Hammamhandduk 100x180cm, gr\u00e5 - Ukiyo Home","isPartOf":{"@id":"https:\/\/ukiyo-home.com\/sv\/#website"},"primaryImageOfPage":{"@id":"https:\/\/ukiyo-home.com\/sv\/yumiko-aware-hammamhandduk-100x180cm-gra\/#primaryimage"},"image":{"@id":"https:\/\/ukiyo-home.com\/sv\/yumiko-aware-hammamhandduk-100x180cm-gra\/#primaryimage"},"thumbnailUrl":"https:\/\/ukiyo-home.com\/wp-content\/uploads\/sites\/7\/2024\/02\/P453.792__S_0__4cbb6b8d9d54461fb730f20b63cd736f.jpg","datePublished":"2023-02-27T14:59:11+00:00","dateModified":"2026-03-20T02:04:20+00:00","breadcrumb":{"@id":"https:\/\/ukiyo-home.com\/sv\/yumiko-aware-hammamhandduk-100x180cm-gra\/#breadcrumb"},"inLanguage":"sv-SE","potentialAction":[{"@type":"ReadAction","target":["https:\/\/ukiyo-home.com\/sv\/yumiko-aware-hammamhandduk-100x180cm-gra\/"]}]},{"@type":"ImageObject","inLanguage":"sv-SE","@id":"https:\/\/ukiyo-home.com\/sv\/yumiko-aware-hammamhandduk-100x180cm-gra\/#primaryimage","url":"https:\/\/ukiyo-home.com\/wp-content\/uploads\/sites\/7\/2024\/02\/P453.792__S_0__4cbb6b8d9d54461fb730f20b63cd736f.jpg","contentUrl":"https:\/\/ukiyo-home.com\/wp-content\/uploads\/sites\/7\/2024\/02\/P453.792__S_0__4cbb6b8d9d54461fb730f20b63cd736f.jpg","width":1024,"height":1024},{"@type":"BreadcrumbList","@id":"https:\/\/ukiyo-home.com\/sv\/yumiko-aware-hammamhandduk-100x180cm-gra\/#breadcrumb","itemListElement":[{"@type":"ListItem","position":1,"name":"Home","item":"https:\/\/ukiyo-home.com\/sv\/"},{"@type":"ListItem","position":2,"name":"Kollektion","item":"https:\/\/ukiyo-home.com\/sv\/kollektion-sv\/"},{"@type":"ListItem","position":3,"name":"Yumiko AWARE\u2122 Hammamhandduk 100x180cm, gr\u00e5"}]},{"@type":"WebSite","@id":"https:\/\/ukiyo-home.com\/sv\/#website","url":"https:\/\/ukiyo-home.com\/sv\/","name":"Ukiyo Home","description":"Just another Swiss Peak Sites site","potentialAction":[{"@type":"SearchAction","target":{"@type":"EntryPoint","urlTemplate":"https:\/\/ukiyo-home.com\/sv\/?s={search_term_string}"},"query-input":{"@type":"PropertyValueSpecification","valueRequired":true,"valueName":"search_term_string"}}],"inLanguage":"sv-SE"}]}},"_links":{"self":[{"href":"https:\/\/ukiyo-home.com\/sv\/wp-json\/wp\/v2\/product\/3933","targetHints":{"allow":["GET"]}}],"collection":[{"href":"https:\/\/ukiyo-home.com\/sv\/wp-json\/wp\/v2\/product"}],"about":[{"href":"https:\/\/ukiyo-home.com\/sv\/wp-json\/wp\/v2\/types\/product"}],"replies":[{"embeddable":true,"href":"https:\/\/ukiyo-home.com\/sv\/wp-json\/wp\/v2\/comments?post=3933"}],"wp:featuredmedia":[{"embeddable":true,"href":"https:\/\/ukiyo-home.com\/sv\/wp-json\/wp\/v2\/media\/10820"}],"wp:attachment":[{"href":"https:\/\/ukiyo-home.com\/sv\/wp-json\/wp\/v2\/media?parent=3933"}],"wp:term":[{"taxonomy":"product_cat","embeddable":true,"href":"https:\/\/ukiyo-home.com\/sv\/wp-json\/wp\/v2\/product_cat?post=3933"},{"taxonomy":"product_tag","embeddable":true,"href":"https:\/\/ukiyo-home.com\/sv\/wp-json\/wp\/v2\/product_tag?post=3933"}],"curies":[{"name":"wp","href":"https:\/\/api.w.org\/{rel}","templated":true}]}}