{"id":3912,"date":"2023-02-27T14:52:17","date_gmt":"2023-02-27T14:52:17","guid":{"rendered":"https:\/\/xdsomename.tempurl.host\/ukiyo-website\/product\/gavoset-vit\/"},"modified":"2026-04-16T01:08:31","modified_gmt":"2026-04-16T01:08:31","slug":"gavoset-vit","status":"publish","type":"product","link":"https:\/\/ukiyo-home.com\/sv\/gavoset-vit\/","title":{"rendered":"G\u00e5voset, vit"},"content":{"rendered":"<p>Slappna av, ladda om och f\u00e5 ny energi med Ukiyo g\u00e5voset som inneh\u00e5ller r\u00f6kelse och ljus av sojavax. Genom att kombinera r\u00f6kelse och ljus, b\u00e5da med en doft av jasmin skapas en h\u00e4rlig atmosf\u00e4r med en k\u00e4nsla av ny energi. 10 brinntimmar, nettovikt 55gr. Levereras i kraft giftbox.<\/p>\n","protected":false},"excerpt":{"rendered":"<p>Slappna av, ladda om och f\u00e5 ny energi med Ukiyo g\u00e5voset som inneh\u00e5ller r\u00f6kelse och ljus av sojavax. Genom att kombinera r\u00f6kelse och ljus, b\u00e5da med en doft av jasmin skapas en h\u00e4rlig atmosf\u00e4r med en k\u00e4nsla av ny energi. 10 brinntimmar, nettovikt 55gr. Levereras i kraft giftbox.<\/p>\n","protected":false},"featured_media":14473,"comment_status":"closed","ping_status":"closed","template":"","meta":{"_acf_changed":false},"product_cat":[58],"product_tag":[],"class_list":["post-3912","product","type-product","status-publish","has-post-thumbnail","hentry","product_cat-dekoration-sv","pa_color-white"],"acf":[],"yoast_head":"<!-- This site is optimized with the Yoast SEO plugin v27.0 - https:\/\/yoast.com\/product\/yoast-seo-wordpress\/ -->\n<title>G\u00e5voset, vit - Ukiyo Home<\/title>\n<meta name=\"robots\" content=\"index, follow, max-snippet:-1, max-image-preview:large, max-video-preview:-1\" \/>\n<link rel=\"canonical\" href=\"https:\/\/ukiyo-home.com\/sv\/gavoset-vit\/\" \/>\n<meta property=\"og:locale\" content=\"sv_SE\" \/>\n<meta property=\"og:type\" content=\"article\" \/>\n<meta property=\"og:title\" content=\"G\u00e5voset, vit - Ukiyo Home\" \/>\n<meta property=\"og:description\" content=\"Slappna av, ladda om och f\u00e5 ny energi med Ukiyo g\u00e5voset som inneh\u00e5ller r\u00f6kelse och ljus av sojavax. Genom att kombinera r\u00f6kelse och ljus, b\u00e5da med en doft av jasmin skapas en h\u00e4rlig atmosf\u00e4r med en k\u00e4nsla av ny energi. 10 brinntimmar, nettovikt 55gr. Levereras i kraft giftbox.\" \/>\n<meta property=\"og:url\" content=\"https:\/\/ukiyo-home.com\/sv\/gavoset-vit\/\" \/>\n<meta property=\"og:site_name\" content=\"Ukiyo Home\" \/>\n<meta property=\"article:modified_time\" content=\"2026-04-16T01:08:31+00:00\" \/>\n<meta property=\"og:image\" content=\"https:\/\/ukiyo-home.com\/wp-content\/uploads\/sites\/7\/2026\/04\/P262.973__S_0__0e01a9dbf5a74b15b882d5af3b41b3cf.jpg\" \/>\n\t<meta property=\"og:image:width\" content=\"1024\" \/>\n\t<meta property=\"og:image:height\" content=\"1024\" \/>\n\t<meta property=\"og:image:type\" content=\"image\/jpeg\" \/>\n<meta name=\"twitter:card\" content=\"summary_large_image\" \/>\n<script type=\"application\/ld+json\" class=\"yoast-schema-graph\">{\"@context\":\"https:\/\/schema.org\",\"@graph\":[{\"@type\":\"WebPage\",\"@id\":\"https:\/\/ukiyo-home.com\/sv\/gavoset-vit\/\",\"url\":\"https:\/\/ukiyo-home.com\/sv\/gavoset-vit\/\",\"name\":\"G\u00e5voset, vit - Ukiyo Home\",\"isPartOf\":{\"@id\":\"https:\/\/ukiyo-home.com\/sv\/#website\"},\"primaryImageOfPage\":{\"@id\":\"https:\/\/ukiyo-home.com\/sv\/gavoset-vit\/#primaryimage\"},\"image\":{\"@id\":\"https:\/\/ukiyo-home.com\/sv\/gavoset-vit\/#primaryimage\"},\"thumbnailUrl\":\"https:\/\/ukiyo-home.com\/wp-content\/uploads\/sites\/7\/2026\/04\/P262.973__S_0__0e01a9dbf5a74b15b882d5af3b41b3cf.jpg\",\"datePublished\":\"2023-02-27T14:52:17+00:00\",\"dateModified\":\"2026-04-16T01:08:31+00:00\",\"breadcrumb\":{\"@id\":\"https:\/\/ukiyo-home.com\/sv\/gavoset-vit\/#breadcrumb\"},\"inLanguage\":\"sv-SE\",\"potentialAction\":[{\"@type\":\"ReadAction\",\"target\":[\"https:\/\/ukiyo-home.com\/sv\/gavoset-vit\/\"]}]},{\"@type\":\"ImageObject\",\"inLanguage\":\"sv-SE\",\"@id\":\"https:\/\/ukiyo-home.com\/sv\/gavoset-vit\/#primaryimage\",\"url\":\"https:\/\/ukiyo-home.com\/wp-content\/uploads\/sites\/7\/2026\/04\/P262.973__S_0__0e01a9dbf5a74b15b882d5af3b41b3cf.jpg\",\"contentUrl\":\"https:\/\/ukiyo-home.com\/wp-content\/uploads\/sites\/7\/2026\/04\/P262.973__S_0__0e01a9dbf5a74b15b882d5af3b41b3cf.jpg\",\"width\":1024,\"height\":1024},{\"@type\":\"BreadcrumbList\",\"@id\":\"https:\/\/ukiyo-home.com\/sv\/gavoset-vit\/#breadcrumb\",\"itemListElement\":[{\"@type\":\"ListItem\",\"position\":1,\"name\":\"Home\",\"item\":\"https:\/\/ukiyo-home.com\/sv\/\"},{\"@type\":\"ListItem\",\"position\":2,\"name\":\"Kollektion\",\"item\":\"https:\/\/ukiyo-home.com\/sv\/kollektion-sv\/\"},{\"@type\":\"ListItem\",\"position\":3,\"name\":\"G\u00e5voset, vit\"}]},{\"@type\":\"WebSite\",\"@id\":\"https:\/\/ukiyo-home.com\/sv\/#website\",\"url\":\"https:\/\/ukiyo-home.com\/sv\/\",\"name\":\"Ukiyo Home\",\"description\":\"Just another Swiss Peak Sites site\",\"potentialAction\":[{\"@type\":\"SearchAction\",\"target\":{\"@type\":\"EntryPoint\",\"urlTemplate\":\"https:\/\/ukiyo-home.com\/sv\/?s={search_term_string}\"},\"query-input\":{\"@type\":\"PropertyValueSpecification\",\"valueRequired\":true,\"valueName\":\"search_term_string\"}}],\"inLanguage\":\"sv-SE\"}]}<\/script>\n<!-- \/ Yoast SEO plugin. -->","yoast_head_json":{"title":"G\u00e5voset, vit - Ukiyo Home","robots":{"index":"index","follow":"follow","max-snippet":"max-snippet:-1","max-image-preview":"max-image-preview:large","max-video-preview":"max-video-preview:-1"},"canonical":"https:\/\/ukiyo-home.com\/sv\/gavoset-vit\/","og_locale":"sv_SE","og_type":"article","og_title":"G\u00e5voset, vit - Ukiyo Home","og_description":"Slappna av, ladda om och f\u00e5 ny energi med Ukiyo g\u00e5voset som inneh\u00e5ller r\u00f6kelse och ljus av sojavax. Genom att kombinera r\u00f6kelse och ljus, b\u00e5da med en doft av jasmin skapas en h\u00e4rlig atmosf\u00e4r med en k\u00e4nsla av ny energi. 10 brinntimmar, nettovikt 55gr. Levereras i kraft giftbox.","og_url":"https:\/\/ukiyo-home.com\/sv\/gavoset-vit\/","og_site_name":"Ukiyo Home","article_modified_time":"2026-04-16T01:08:31+00:00","og_image":[{"width":1024,"height":1024,"url":"https:\/\/ukiyo-home.com\/wp-content\/uploads\/sites\/7\/2026\/04\/P262.973__S_0__0e01a9dbf5a74b15b882d5af3b41b3cf.jpg","type":"image\/jpeg"}],"twitter_card":"summary_large_image","schema":{"@context":"https:\/\/schema.org","@graph":[{"@type":"WebPage","@id":"https:\/\/ukiyo-home.com\/sv\/gavoset-vit\/","url":"https:\/\/ukiyo-home.com\/sv\/gavoset-vit\/","name":"G\u00e5voset, vit - Ukiyo Home","isPartOf":{"@id":"https:\/\/ukiyo-home.com\/sv\/#website"},"primaryImageOfPage":{"@id":"https:\/\/ukiyo-home.com\/sv\/gavoset-vit\/#primaryimage"},"image":{"@id":"https:\/\/ukiyo-home.com\/sv\/gavoset-vit\/#primaryimage"},"thumbnailUrl":"https:\/\/ukiyo-home.com\/wp-content\/uploads\/sites\/7\/2026\/04\/P262.973__S_0__0e01a9dbf5a74b15b882d5af3b41b3cf.jpg","datePublished":"2023-02-27T14:52:17+00:00","dateModified":"2026-04-16T01:08:31+00:00","breadcrumb":{"@id":"https:\/\/ukiyo-home.com\/sv\/gavoset-vit\/#breadcrumb"},"inLanguage":"sv-SE","potentialAction":[{"@type":"ReadAction","target":["https:\/\/ukiyo-home.com\/sv\/gavoset-vit\/"]}]},{"@type":"ImageObject","inLanguage":"sv-SE","@id":"https:\/\/ukiyo-home.com\/sv\/gavoset-vit\/#primaryimage","url":"https:\/\/ukiyo-home.com\/wp-content\/uploads\/sites\/7\/2026\/04\/P262.973__S_0__0e01a9dbf5a74b15b882d5af3b41b3cf.jpg","contentUrl":"https:\/\/ukiyo-home.com\/wp-content\/uploads\/sites\/7\/2026\/04\/P262.973__S_0__0e01a9dbf5a74b15b882d5af3b41b3cf.jpg","width":1024,"height":1024},{"@type":"BreadcrumbList","@id":"https:\/\/ukiyo-home.com\/sv\/gavoset-vit\/#breadcrumb","itemListElement":[{"@type":"ListItem","position":1,"name":"Home","item":"https:\/\/ukiyo-home.com\/sv\/"},{"@type":"ListItem","position":2,"name":"Kollektion","item":"https:\/\/ukiyo-home.com\/sv\/kollektion-sv\/"},{"@type":"ListItem","position":3,"name":"G\u00e5voset, vit"}]},{"@type":"WebSite","@id":"https:\/\/ukiyo-home.com\/sv\/#website","url":"https:\/\/ukiyo-home.com\/sv\/","name":"Ukiyo Home","description":"Just another Swiss Peak Sites site","potentialAction":[{"@type":"SearchAction","target":{"@type":"EntryPoint","urlTemplate":"https:\/\/ukiyo-home.com\/sv\/?s={search_term_string}"},"query-input":{"@type":"PropertyValueSpecification","valueRequired":true,"valueName":"search_term_string"}}],"inLanguage":"sv-SE"}]}},"_links":{"self":[{"href":"https:\/\/ukiyo-home.com\/sv\/wp-json\/wp\/v2\/product\/3912","targetHints":{"allow":["GET"]}}],"collection":[{"href":"https:\/\/ukiyo-home.com\/sv\/wp-json\/wp\/v2\/product"}],"about":[{"href":"https:\/\/ukiyo-home.com\/sv\/wp-json\/wp\/v2\/types\/product"}],"replies":[{"embeddable":true,"href":"https:\/\/ukiyo-home.com\/sv\/wp-json\/wp\/v2\/comments?post=3912"}],"wp:featuredmedia":[{"embeddable":true,"href":"https:\/\/ukiyo-home.com\/sv\/wp-json\/wp\/v2\/media\/14473"}],"wp:attachment":[{"href":"https:\/\/ukiyo-home.com\/sv\/wp-json\/wp\/v2\/media?parent=3912"}],"wp:term":[{"taxonomy":"product_cat","embeddable":true,"href":"https:\/\/ukiyo-home.com\/sv\/wp-json\/wp\/v2\/product_cat?post=3912"},{"taxonomy":"product_tag","embeddable":true,"href":"https:\/\/ukiyo-home.com\/sv\/wp-json\/wp\/v2\/product_tag?post=3912"}],"curies":[{"name":"wp","href":"https:\/\/api.w.org\/{rel}","templated":true}]}}