{"id":5818,"date":"2023-02-27T15:03:58","date_gmt":"2023-02-27T15:03:58","guid":{"rendered":"https:\/\/ukiyo-home.com\/asciugamano-ukiyo-sakura-aware-500-gm2-70x140cm-blu\/"},"modified":"2026-03-20T02:32:31","modified_gmt":"2026-03-20T02:32:31","slug":"asciugamano-ukiyo-sakura-aware-500-gm2-70x140cm-blu","status":"publish","type":"product","link":"https:\/\/ukiyo-home.com\/it\/asciugamano-ukiyo-sakura-aware-500-gm2-70x140cm-blu\/","title":{"rendered":"Asciugamano Ukiyo Sakura\u00a0AWARE\u2122 500 gm2 70x140cm, blu"},"content":{"rendered":"<p>Questo asciugamano da bagno sostenibile di qualit\u00e0 da SPA da 500 gm2 \u00e8 deliziosamente spesso, setoso e super morbido sulla pelle. Questo lussuoso grande asciugamano Ukiyo \u00e8 ultra morbido, ad asciugatura rapida e offrr una grande capacit\u00e0 di assorbimento. E&#8217; realizzato con il 30% di cotone riciclato. Grazie alle particelle traccianti AWARE\u2122 l&#8217;uso genuino di cotone riciclato \u00e8 garantito. Ogni asciugamano consente di risparmiare 1453,1 litri di acqua. Il 2% del ricavato di ogni prodotto Impact venduto sar\u00e0 devoluto a Water.org. Lavabile in lavatrice. Prodotto in Portogallo.<\/p>\n","protected":false},"excerpt":{"rendered":"<p>Questo asciugamano da bagno sostenibile di qualit\u00e0 da SPA da 500 gm2 \u00e8 deliziosamente spesso, setoso e super morbido sulla pelle. Questo lussuoso grande asciugamano Ukiyo \u00e8 ultra morbido, ad asciugatura rapida e offrr una grande capacit\u00e0 di assorbimento. E&#8217; realizzato con il 30% di cotone riciclato. Grazie alle particelle traccianti AWARE\u2122 l&#8217;uso genuino di [&hellip;]<\/p>\n","protected":false},"featured_media":12572,"comment_status":"closed","ping_status":"closed","template":"","meta":{"_acf_changed":false},"product_cat":[98],"product_tag":[],"class_list":["post-5818","product","type-product","status-publish","has-post-thumbnail","hentry","product_cat-tessile","pa_color-blue"],"acf":[],"yoast_head":"<!-- This site is optimized with the Yoast SEO plugin v27.0 - https:\/\/yoast.com\/product\/yoast-seo-wordpress\/ -->\n<title>Asciugamano Ukiyo Sakura\u00a0AWARE\u2122 500 gm2 70x140cm, blu - Ukiyo Home<\/title>\n<meta name=\"robots\" content=\"index, follow, max-snippet:-1, max-image-preview:large, max-video-preview:-1\" \/>\n<link rel=\"canonical\" href=\"https:\/\/ukiyo-home.com\/it\/asciugamano-ukiyo-sakura-aware-500-gm2-70x140cm-blu\/\" \/>\n<meta property=\"og:locale\" content=\"it_IT\" \/>\n<meta property=\"og:type\" content=\"article\" \/>\n<meta property=\"og:title\" content=\"Asciugamano Ukiyo Sakura\u00a0AWARE\u2122 500 gm2 70x140cm, blu - Ukiyo Home\" \/>\n<meta property=\"og:description\" content=\"Questo asciugamano da bagno sostenibile di qualit\u00e0 da SPA da 500 gm2 \u00e8 deliziosamente spesso, setoso e super morbido sulla pelle. Questo lussuoso grande asciugamano Ukiyo \u00e8 ultra morbido, ad asciugatura rapida e offrr una grande capacit\u00e0 di assorbimento. E&#8217; realizzato con il 30% di cotone riciclato. Grazie alle particelle traccianti AWARE\u2122 l&#8217;uso genuino di [&hellip;]\" \/>\n<meta property=\"og:url\" content=\"https:\/\/ukiyo-home.com\/it\/asciugamano-ukiyo-sakura-aware-500-gm2-70x140cm-blu\/\" \/>\n<meta property=\"og:site_name\" content=\"Ukiyo Home\" \/>\n<meta property=\"article:modified_time\" content=\"2026-03-20T02:32:31+00:00\" \/>\n<meta property=\"og:image\" content=\"https:\/\/ukiyo-home.com\/wp-content\/uploads\/sites\/7\/2024\/02\/P453.825__S_0__c0fc00da82b8463f9beb84a572c3448f.jpg\" \/>\n\t<meta property=\"og:image:width\" content=\"1024\" \/>\n\t<meta property=\"og:image:height\" content=\"1024\" \/>\n\t<meta property=\"og:image:type\" content=\"image\/jpeg\" \/>\n<meta name=\"twitter:card\" content=\"summary_large_image\" \/>\n<script type=\"application\/ld+json\" class=\"yoast-schema-graph\">{\"@context\":\"https:\/\/schema.org\",\"@graph\":[{\"@type\":\"WebPage\",\"@id\":\"https:\/\/ukiyo-home.com\/it\/asciugamano-ukiyo-sakura-aware-500-gm2-70x140cm-blu\/\",\"url\":\"https:\/\/ukiyo-home.com\/it\/asciugamano-ukiyo-sakura-aware-500-gm2-70x140cm-blu\/\",\"name\":\"Asciugamano Ukiyo Sakura\u00a0AWARE\u2122 500 gm2 70x140cm, blu - Ukiyo Home\",\"isPartOf\":{\"@id\":\"https:\/\/ukiyo-home.com\/it\/#website\"},\"primaryImageOfPage\":{\"@id\":\"https:\/\/ukiyo-home.com\/it\/asciugamano-ukiyo-sakura-aware-500-gm2-70x140cm-blu\/#primaryimage\"},\"image\":{\"@id\":\"https:\/\/ukiyo-home.com\/it\/asciugamano-ukiyo-sakura-aware-500-gm2-70x140cm-blu\/#primaryimage\"},\"thumbnailUrl\":\"https:\/\/ukiyo-home.com\/wp-content\/uploads\/sites\/7\/2024\/02\/P453.825__S_0__c0fc00da82b8463f9beb84a572c3448f.jpg\",\"datePublished\":\"2023-02-27T15:03:58+00:00\",\"dateModified\":\"2026-03-20T02:32:31+00:00\",\"breadcrumb\":{\"@id\":\"https:\/\/ukiyo-home.com\/it\/asciugamano-ukiyo-sakura-aware-500-gm2-70x140cm-blu\/#breadcrumb\"},\"inLanguage\":\"it-IT\",\"potentialAction\":[{\"@type\":\"ReadAction\",\"target\":[\"https:\/\/ukiyo-home.com\/it\/asciugamano-ukiyo-sakura-aware-500-gm2-70x140cm-blu\/\"]}]},{\"@type\":\"ImageObject\",\"inLanguage\":\"it-IT\",\"@id\":\"https:\/\/ukiyo-home.com\/it\/asciugamano-ukiyo-sakura-aware-500-gm2-70x140cm-blu\/#primaryimage\",\"url\":\"https:\/\/ukiyo-home.com\/wp-content\/uploads\/sites\/7\/2024\/02\/P453.825__S_0__c0fc00da82b8463f9beb84a572c3448f.jpg\",\"contentUrl\":\"https:\/\/ukiyo-home.com\/wp-content\/uploads\/sites\/7\/2024\/02\/P453.825__S_0__c0fc00da82b8463f9beb84a572c3448f.jpg\",\"width\":1024,\"height\":1024},{\"@type\":\"BreadcrumbList\",\"@id\":\"https:\/\/ukiyo-home.com\/it\/asciugamano-ukiyo-sakura-aware-500-gm2-70x140cm-blu\/#breadcrumb\",\"itemListElement\":[{\"@type\":\"ListItem\",\"position\":1,\"name\":\"Home\",\"item\":\"https:\/\/ukiyo-home.com\/it\/\"},{\"@type\":\"ListItem\",\"position\":2,\"name\":\"Collezione\",\"item\":\"https:\/\/ukiyo-home.com\/it\/collezione\/\"},{\"@type\":\"ListItem\",\"position\":3,\"name\":\"Asciugamano Ukiyo Sakura\u00a0AWARE\u2122 500 gm2 70x140cm, blu\"}]},{\"@type\":\"WebSite\",\"@id\":\"https:\/\/ukiyo-home.com\/it\/#website\",\"url\":\"https:\/\/ukiyo-home.com\/it\/\",\"name\":\"Ukiyo Home\",\"description\":\"Just another Swiss Peak Sites site\",\"potentialAction\":[{\"@type\":\"SearchAction\",\"target\":{\"@type\":\"EntryPoint\",\"urlTemplate\":\"https:\/\/ukiyo-home.com\/it\/?s={search_term_string}\"},\"query-input\":{\"@type\":\"PropertyValueSpecification\",\"valueRequired\":true,\"valueName\":\"search_term_string\"}}],\"inLanguage\":\"it-IT\"}]}<\/script>\n<!-- \/ Yoast SEO plugin. -->","yoast_head_json":{"title":"Asciugamano Ukiyo Sakura\u00a0AWARE\u2122 500 gm2 70x140cm, blu - Ukiyo Home","robots":{"index":"index","follow":"follow","max-snippet":"max-snippet:-1","max-image-preview":"max-image-preview:large","max-video-preview":"max-video-preview:-1"},"canonical":"https:\/\/ukiyo-home.com\/it\/asciugamano-ukiyo-sakura-aware-500-gm2-70x140cm-blu\/","og_locale":"it_IT","og_type":"article","og_title":"Asciugamano Ukiyo Sakura\u00a0AWARE\u2122 500 gm2 70x140cm, blu - Ukiyo Home","og_description":"Questo asciugamano da bagno sostenibile di qualit\u00e0 da SPA da 500 gm2 \u00e8 deliziosamente spesso, setoso e super morbido sulla pelle. Questo lussuoso grande asciugamano Ukiyo \u00e8 ultra morbido, ad asciugatura rapida e offrr una grande capacit\u00e0 di assorbimento. E&#8217; realizzato con il 30% di cotone riciclato. Grazie alle particelle traccianti AWARE\u2122 l&#8217;uso genuino di [&hellip;]","og_url":"https:\/\/ukiyo-home.com\/it\/asciugamano-ukiyo-sakura-aware-500-gm2-70x140cm-blu\/","og_site_name":"Ukiyo Home","article_modified_time":"2026-03-20T02:32:31+00:00","og_image":[{"width":1024,"height":1024,"url":"https:\/\/ukiyo-home.com\/wp-content\/uploads\/sites\/7\/2024\/02\/P453.825__S_0__c0fc00da82b8463f9beb84a572c3448f.jpg","type":"image\/jpeg"}],"twitter_card":"summary_large_image","schema":{"@context":"https:\/\/schema.org","@graph":[{"@type":"WebPage","@id":"https:\/\/ukiyo-home.com\/it\/asciugamano-ukiyo-sakura-aware-500-gm2-70x140cm-blu\/","url":"https:\/\/ukiyo-home.com\/it\/asciugamano-ukiyo-sakura-aware-500-gm2-70x140cm-blu\/","name":"Asciugamano Ukiyo Sakura\u00a0AWARE\u2122 500 gm2 70x140cm, blu - Ukiyo Home","isPartOf":{"@id":"https:\/\/ukiyo-home.com\/it\/#website"},"primaryImageOfPage":{"@id":"https:\/\/ukiyo-home.com\/it\/asciugamano-ukiyo-sakura-aware-500-gm2-70x140cm-blu\/#primaryimage"},"image":{"@id":"https:\/\/ukiyo-home.com\/it\/asciugamano-ukiyo-sakura-aware-500-gm2-70x140cm-blu\/#primaryimage"},"thumbnailUrl":"https:\/\/ukiyo-home.com\/wp-content\/uploads\/sites\/7\/2024\/02\/P453.825__S_0__c0fc00da82b8463f9beb84a572c3448f.jpg","datePublished":"2023-02-27T15:03:58+00:00","dateModified":"2026-03-20T02:32:31+00:00","breadcrumb":{"@id":"https:\/\/ukiyo-home.com\/it\/asciugamano-ukiyo-sakura-aware-500-gm2-70x140cm-blu\/#breadcrumb"},"inLanguage":"it-IT","potentialAction":[{"@type":"ReadAction","target":["https:\/\/ukiyo-home.com\/it\/asciugamano-ukiyo-sakura-aware-500-gm2-70x140cm-blu\/"]}]},{"@type":"ImageObject","inLanguage":"it-IT","@id":"https:\/\/ukiyo-home.com\/it\/asciugamano-ukiyo-sakura-aware-500-gm2-70x140cm-blu\/#primaryimage","url":"https:\/\/ukiyo-home.com\/wp-content\/uploads\/sites\/7\/2024\/02\/P453.825__S_0__c0fc00da82b8463f9beb84a572c3448f.jpg","contentUrl":"https:\/\/ukiyo-home.com\/wp-content\/uploads\/sites\/7\/2024\/02\/P453.825__S_0__c0fc00da82b8463f9beb84a572c3448f.jpg","width":1024,"height":1024},{"@type":"BreadcrumbList","@id":"https:\/\/ukiyo-home.com\/it\/asciugamano-ukiyo-sakura-aware-500-gm2-70x140cm-blu\/#breadcrumb","itemListElement":[{"@type":"ListItem","position":1,"name":"Home","item":"https:\/\/ukiyo-home.com\/it\/"},{"@type":"ListItem","position":2,"name":"Collezione","item":"https:\/\/ukiyo-home.com\/it\/collezione\/"},{"@type":"ListItem","position":3,"name":"Asciugamano Ukiyo Sakura\u00a0AWARE\u2122 500 gm2 70x140cm, blu"}]},{"@type":"WebSite","@id":"https:\/\/ukiyo-home.com\/it\/#website","url":"https:\/\/ukiyo-home.com\/it\/","name":"Ukiyo Home","description":"Just another Swiss Peak Sites site","potentialAction":[{"@type":"SearchAction","target":{"@type":"EntryPoint","urlTemplate":"https:\/\/ukiyo-home.com\/it\/?s={search_term_string}"},"query-input":{"@type":"PropertyValueSpecification","valueRequired":true,"valueName":"search_term_string"}}],"inLanguage":"it-IT"}]}},"_links":{"self":[{"href":"https:\/\/ukiyo-home.com\/it\/wp-json\/wp\/v2\/product\/5818","targetHints":{"allow":["GET"]}}],"collection":[{"href":"https:\/\/ukiyo-home.com\/it\/wp-json\/wp\/v2\/product"}],"about":[{"href":"https:\/\/ukiyo-home.com\/it\/wp-json\/wp\/v2\/types\/product"}],"replies":[{"embeddable":true,"href":"https:\/\/ukiyo-home.com\/it\/wp-json\/wp\/v2\/comments?post=5818"}],"wp:featuredmedia":[{"embeddable":true,"href":"https:\/\/ukiyo-home.com\/it\/wp-json\/wp\/v2\/media\/12572"}],"wp:attachment":[{"href":"https:\/\/ukiyo-home.com\/it\/wp-json\/wp\/v2\/media?parent=5818"}],"wp:term":[{"taxonomy":"product_cat","embeddable":true,"href":"https:\/\/ukiyo-home.com\/it\/wp-json\/wp\/v2\/product_cat?post=5818"},{"taxonomy":"product_tag","embeddable":true,"href":"https:\/\/ukiyo-home.com\/it\/wp-json\/wp\/v2\/product_tag?post=5818"}],"curies":[{"name":"wp","href":"https:\/\/api.w.org\/{rel}","templated":true}]}}