{"id":5039,"date":"2023-06-22T00:04:15","date_gmt":"2023-06-22T00:04:15","guid":{"rendered":"https:\/\/ukiyo-home.com\/pierres-dequilibre-en-bois-dans-une-pochette-ukiyo-crios-marron\/"},"modified":"2026-04-16T00:15:04","modified_gmt":"2026-04-16T00:15:04","slug":"ierres-dequilibre-en-bois-dans-une-pochette-crios-marron","status":"publish","type":"product","link":"https:\/\/ukiyo-home.com\/fr\/ierres-dequilibre-en-bois-dans-une-pochette-crios-marron\/","title":{"rendered":"ierres d&rsquo;\u00e9quilibre en bois dans une pochette Crios, marron"},"content":{"rendered":"<p>Pierres d&rsquo;\u00e9quilibre en bois de pin Ukiyo. G\u00e9rer la gravit\u00e9 et cr\u00e9ez un magnifique centre de table pour votre int\u00e9rieur. Fabriqu\u00e9es en bois de pin de qualit\u00e9, elles sont emball\u00e9es dans une pochette en polyester recycl\u00e9 certifi\u00e9e GRS. Le grain naturel du bois ajoute une touche unique et rustique \u00e0 tout espace.<\/p>\n","protected":false},"excerpt":{"rendered":"<p>Pierres d&rsquo;\u00e9quilibre en bois de pin Ukiyo. G\u00e9rer la gravit\u00e9 et cr\u00e9ez un magnifique centre de table pour votre int\u00e9rieur. Fabriqu\u00e9es en bois de pin de qualit\u00e9, elles sont emball\u00e9es dans une pochette en polyester recycl\u00e9 certifi\u00e9e GRS. Le grain naturel du bois ajoute une touche unique et rustique \u00e0 tout espace.<\/p>\n","protected":false},"featured_media":14658,"comment_status":"closed","ping_status":"closed","template":"","meta":{"_acf_changed":false},"product_cat":[71],"product_tag":[],"class_list":["post-5039","product","type-product","status-publish","has-post-thumbnail","hentry","product_cat-decor","pa_color-brown"],"acf":[],"yoast_head":"<!-- This site is optimized with the Yoast SEO plugin v27.0 - https:\/\/yoast.com\/product\/yoast-seo-wordpress\/ -->\n<title>ierres d&#039;\u00e9quilibre en bois dans une pochette Crios, marron - Ukiyo Home<\/title>\n<meta name=\"robots\" content=\"index, follow, max-snippet:-1, max-image-preview:large, max-video-preview:-1\" \/>\n<link rel=\"canonical\" href=\"https:\/\/ukiyo-home.com\/fr\/ierres-dequilibre-en-bois-dans-une-pochette-crios-marron\/\" \/>\n<meta property=\"og:locale\" content=\"fr_FR\" \/>\n<meta property=\"og:type\" content=\"article\" \/>\n<meta property=\"og:title\" content=\"ierres d&#039;\u00e9quilibre en bois dans une pochette Crios, marron - Ukiyo Home\" \/>\n<meta property=\"og:description\" content=\"Pierres d&rsquo;\u00e9quilibre en bois de pin Ukiyo. G\u00e9rer la gravit\u00e9 et cr\u00e9ez un magnifique centre de table pour votre int\u00e9rieur. Fabriqu\u00e9es en bois de pin de qualit\u00e9, elles sont emball\u00e9es dans une pochette en polyester recycl\u00e9 certifi\u00e9e GRS. Le grain naturel du bois ajoute une touche unique et rustique \u00e0 tout espace.\" \/>\n<meta property=\"og:url\" content=\"https:\/\/ukiyo-home.com\/fr\/ierres-dequilibre-en-bois-dans-une-pochette-crios-marron\/\" \/>\n<meta property=\"og:site_name\" content=\"Ukiyo Home\" \/>\n<meta property=\"article:modified_time\" content=\"2026-04-16T00:15:04+00:00\" \/>\n<meta property=\"og:image\" content=\"https:\/\/ukiyo-home.com\/wp-content\/uploads\/sites\/7\/2026\/04\/P940.299__S_0__9e847c8a703c4ff08fccc27064b49d48.jpg\" \/>\n\t<meta property=\"og:image:width\" content=\"1024\" \/>\n\t<meta property=\"og:image:height\" content=\"1024\" \/>\n\t<meta property=\"og:image:type\" content=\"image\/jpeg\" \/>\n<meta name=\"twitter:card\" content=\"summary_large_image\" \/>\n<script type=\"application\/ld+json\" class=\"yoast-schema-graph\">{\"@context\":\"https:\/\/schema.org\",\"@graph\":[{\"@type\":\"WebPage\",\"@id\":\"https:\/\/ukiyo-home.com\/fr\/ierres-dequilibre-en-bois-dans-une-pochette-crios-marron\/\",\"url\":\"https:\/\/ukiyo-home.com\/fr\/ierres-dequilibre-en-bois-dans-une-pochette-crios-marron\/\",\"name\":\"ierres d'\u00e9quilibre en bois dans une pochette Crios, marron - Ukiyo Home\",\"isPartOf\":{\"@id\":\"https:\/\/ukiyo-home.com\/fr\/#website\"},\"primaryImageOfPage\":{\"@id\":\"https:\/\/ukiyo-home.com\/fr\/ierres-dequilibre-en-bois-dans-une-pochette-crios-marron\/#primaryimage\"},\"image\":{\"@id\":\"https:\/\/ukiyo-home.com\/fr\/ierres-dequilibre-en-bois-dans-une-pochette-crios-marron\/#primaryimage\"},\"thumbnailUrl\":\"https:\/\/ukiyo-home.com\/wp-content\/uploads\/sites\/7\/2026\/04\/P940.299__S_0__9e847c8a703c4ff08fccc27064b49d48.jpg\",\"datePublished\":\"2023-06-22T00:04:15+00:00\",\"dateModified\":\"2026-04-16T00:15:04+00:00\",\"breadcrumb\":{\"@id\":\"https:\/\/ukiyo-home.com\/fr\/ierres-dequilibre-en-bois-dans-une-pochette-crios-marron\/#breadcrumb\"},\"inLanguage\":\"fr-FR\",\"potentialAction\":[{\"@type\":\"ReadAction\",\"target\":[\"https:\/\/ukiyo-home.com\/fr\/ierres-dequilibre-en-bois-dans-une-pochette-crios-marron\/\"]}]},{\"@type\":\"ImageObject\",\"inLanguage\":\"fr-FR\",\"@id\":\"https:\/\/ukiyo-home.com\/fr\/ierres-dequilibre-en-bois-dans-une-pochette-crios-marron\/#primaryimage\",\"url\":\"https:\/\/ukiyo-home.com\/wp-content\/uploads\/sites\/7\/2026\/04\/P940.299__S_0__9e847c8a703c4ff08fccc27064b49d48.jpg\",\"contentUrl\":\"https:\/\/ukiyo-home.com\/wp-content\/uploads\/sites\/7\/2026\/04\/P940.299__S_0__9e847c8a703c4ff08fccc27064b49d48.jpg\",\"width\":1024,\"height\":1024},{\"@type\":\"BreadcrumbList\",\"@id\":\"https:\/\/ukiyo-home.com\/fr\/ierres-dequilibre-en-bois-dans-une-pochette-crios-marron\/#breadcrumb\",\"itemListElement\":[{\"@type\":\"ListItem\",\"position\":1,\"name\":\"Home\",\"item\":\"https:\/\/ukiyo-home.com\/fr\/\"},{\"@type\":\"ListItem\",\"position\":2,\"name\":\"Collection\",\"item\":\"https:\/\/ukiyo-home.com\/fr\/collection-fr\/\"},{\"@type\":\"ListItem\",\"position\":3,\"name\":\"ierres d&#8217;\u00e9quilibre en bois dans une pochette Crios, marron\"}]},{\"@type\":\"WebSite\",\"@id\":\"https:\/\/ukiyo-home.com\/fr\/#website\",\"url\":\"https:\/\/ukiyo-home.com\/fr\/\",\"name\":\"Ukiyo Home\",\"description\":\"Just another Swiss Peak Sites site\",\"potentialAction\":[{\"@type\":\"SearchAction\",\"target\":{\"@type\":\"EntryPoint\",\"urlTemplate\":\"https:\/\/ukiyo-home.com\/fr\/?s={search_term_string}\"},\"query-input\":{\"@type\":\"PropertyValueSpecification\",\"valueRequired\":true,\"valueName\":\"search_term_string\"}}],\"inLanguage\":\"fr-FR\"}]}<\/script>\n<!-- \/ Yoast SEO plugin. -->","yoast_head_json":{"title":"ierres d'\u00e9quilibre en bois dans une pochette Crios, marron - Ukiyo Home","robots":{"index":"index","follow":"follow","max-snippet":"max-snippet:-1","max-image-preview":"max-image-preview:large","max-video-preview":"max-video-preview:-1"},"canonical":"https:\/\/ukiyo-home.com\/fr\/ierres-dequilibre-en-bois-dans-une-pochette-crios-marron\/","og_locale":"fr_FR","og_type":"article","og_title":"ierres d'\u00e9quilibre en bois dans une pochette Crios, marron - Ukiyo Home","og_description":"Pierres d&rsquo;\u00e9quilibre en bois de pin Ukiyo. G\u00e9rer la gravit\u00e9 et cr\u00e9ez un magnifique centre de table pour votre int\u00e9rieur. Fabriqu\u00e9es en bois de pin de qualit\u00e9, elles sont emball\u00e9es dans une pochette en polyester recycl\u00e9 certifi\u00e9e GRS. Le grain naturel du bois ajoute une touche unique et rustique \u00e0 tout espace.","og_url":"https:\/\/ukiyo-home.com\/fr\/ierres-dequilibre-en-bois-dans-une-pochette-crios-marron\/","og_site_name":"Ukiyo Home","article_modified_time":"2026-04-16T00:15:04+00:00","og_image":[{"width":1024,"height":1024,"url":"https:\/\/ukiyo-home.com\/wp-content\/uploads\/sites\/7\/2026\/04\/P940.299__S_0__9e847c8a703c4ff08fccc27064b49d48.jpg","type":"image\/jpeg"}],"twitter_card":"summary_large_image","schema":{"@context":"https:\/\/schema.org","@graph":[{"@type":"WebPage","@id":"https:\/\/ukiyo-home.com\/fr\/ierres-dequilibre-en-bois-dans-une-pochette-crios-marron\/","url":"https:\/\/ukiyo-home.com\/fr\/ierres-dequilibre-en-bois-dans-une-pochette-crios-marron\/","name":"ierres d'\u00e9quilibre en bois dans une pochette Crios, marron - Ukiyo Home","isPartOf":{"@id":"https:\/\/ukiyo-home.com\/fr\/#website"},"primaryImageOfPage":{"@id":"https:\/\/ukiyo-home.com\/fr\/ierres-dequilibre-en-bois-dans-une-pochette-crios-marron\/#primaryimage"},"image":{"@id":"https:\/\/ukiyo-home.com\/fr\/ierres-dequilibre-en-bois-dans-une-pochette-crios-marron\/#primaryimage"},"thumbnailUrl":"https:\/\/ukiyo-home.com\/wp-content\/uploads\/sites\/7\/2026\/04\/P940.299__S_0__9e847c8a703c4ff08fccc27064b49d48.jpg","datePublished":"2023-06-22T00:04:15+00:00","dateModified":"2026-04-16T00:15:04+00:00","breadcrumb":{"@id":"https:\/\/ukiyo-home.com\/fr\/ierres-dequilibre-en-bois-dans-une-pochette-crios-marron\/#breadcrumb"},"inLanguage":"fr-FR","potentialAction":[{"@type":"ReadAction","target":["https:\/\/ukiyo-home.com\/fr\/ierres-dequilibre-en-bois-dans-une-pochette-crios-marron\/"]}]},{"@type":"ImageObject","inLanguage":"fr-FR","@id":"https:\/\/ukiyo-home.com\/fr\/ierres-dequilibre-en-bois-dans-une-pochette-crios-marron\/#primaryimage","url":"https:\/\/ukiyo-home.com\/wp-content\/uploads\/sites\/7\/2026\/04\/P940.299__S_0__9e847c8a703c4ff08fccc27064b49d48.jpg","contentUrl":"https:\/\/ukiyo-home.com\/wp-content\/uploads\/sites\/7\/2026\/04\/P940.299__S_0__9e847c8a703c4ff08fccc27064b49d48.jpg","width":1024,"height":1024},{"@type":"BreadcrumbList","@id":"https:\/\/ukiyo-home.com\/fr\/ierres-dequilibre-en-bois-dans-une-pochette-crios-marron\/#breadcrumb","itemListElement":[{"@type":"ListItem","position":1,"name":"Home","item":"https:\/\/ukiyo-home.com\/fr\/"},{"@type":"ListItem","position":2,"name":"Collection","item":"https:\/\/ukiyo-home.com\/fr\/collection-fr\/"},{"@type":"ListItem","position":3,"name":"ierres d&#8217;\u00e9quilibre en bois dans une pochette Crios, marron"}]},{"@type":"WebSite","@id":"https:\/\/ukiyo-home.com\/fr\/#website","url":"https:\/\/ukiyo-home.com\/fr\/","name":"Ukiyo Home","description":"Just another Swiss Peak Sites site","potentialAction":[{"@type":"SearchAction","target":{"@type":"EntryPoint","urlTemplate":"https:\/\/ukiyo-home.com\/fr\/?s={search_term_string}"},"query-input":{"@type":"PropertyValueSpecification","valueRequired":true,"valueName":"search_term_string"}}],"inLanguage":"fr-FR"}]}},"_links":{"self":[{"href":"https:\/\/ukiyo-home.com\/fr\/wp-json\/wp\/v2\/product\/5039","targetHints":{"allow":["GET"]}}],"collection":[{"href":"https:\/\/ukiyo-home.com\/fr\/wp-json\/wp\/v2\/product"}],"about":[{"href":"https:\/\/ukiyo-home.com\/fr\/wp-json\/wp\/v2\/types\/product"}],"replies":[{"embeddable":true,"href":"https:\/\/ukiyo-home.com\/fr\/wp-json\/wp\/v2\/comments?post=5039"}],"wp:featuredmedia":[{"embeddable":true,"href":"https:\/\/ukiyo-home.com\/fr\/wp-json\/wp\/v2\/media\/14658"}],"wp:attachment":[{"href":"https:\/\/ukiyo-home.com\/fr\/wp-json\/wp\/v2\/media?parent=5039"}],"wp:term":[{"taxonomy":"product_cat","embeddable":true,"href":"https:\/\/ukiyo-home.com\/fr\/wp-json\/wp\/v2\/product_cat?post=5039"},{"taxonomy":"product_tag","embeddable":true,"href":"https:\/\/ukiyo-home.com\/fr\/wp-json\/wp\/v2\/product_tag?post=5039"}],"curies":[{"name":"wp","href":"https:\/\/api.w.org\/{rel}","templated":true}]}}