{"id":3733,"date":"2023-02-27T15:01:52","date_gmt":"2023-02-27T15:01:52","guid":{"rendered":"https:\/\/xdsomename.tempurl.host\/ukiyo-website\/product\/serviette-4-saisons-hisako-aware-made-in-europe-noir\/"},"modified":"2026-03-20T01:08:24","modified_gmt":"2026-03-20T01:08:24","slug":"serviette-4-saisons-hisako-aware-made-in-europe-noir","status":"publish","type":"product","link":"https:\/\/ukiyo-home.com\/fr\/serviette-4-saisons-hisako-aware-made-in-europe-noir\/","title":{"rendered":"Serviette 4 Saisons Hisako AWARE\u2122 Made in Europe, noir"},"content":{"rendered":"<p>Serviette 100X180cm polyvalente, fabriqu\u00e9e \u00e0 partir de 22 % de coton recycl\u00e9. Avec traceur AWARE\u2122 qui valide l&rsquo;utilisation authentique du coton recycl\u00e9. Vous pouvez l&rsquo;utiliser pour presque tout, comme la plage, les voyages, le sauna, la piscine, le camping, le sport, comme serviette de plage, serviette de bain, \u00e9charpe, par\u00e9o, serviette de yoga, couverture. Chaque serviette permet d&rsquo;\u00e9conomiser 1409,2 litres d&rsquo;eau. 2 % des recettes de chaque produit Impact vendu seront revers\u00e9s \u00e0 Water.org. Lavable en machine. Fabriqu\u00e9 au Portugal.<\/p>\n","protected":false},"excerpt":{"rendered":"<p>Serviette 100X180cm polyvalente, fabriqu\u00e9e \u00e0 partir de 22 % de coton recycl\u00e9. Avec traceur AWARE\u2122 qui valide l&rsquo;utilisation authentique du coton recycl\u00e9. Vous pouvez l&rsquo;utiliser pour presque tout, comme la plage, les voyages, le sauna, la piscine, le camping, le sport, comme serviette de plage, serviette de bain, \u00e9charpe, par\u00e9o, serviette de yoga, couverture. Chaque [&hellip;]<\/p>\n","protected":false},"featured_media":11160,"comment_status":"closed","ping_status":"closed","template":"","meta":{"_acf_changed":false},"product_cat":[72],"product_tag":[],"class_list":["post-3733","product","type-product","status-publish","has-post-thumbnail","hentry","product_cat-textiles","pa_color-black"],"acf":[],"yoast_head":"<!-- This site is optimized with the Yoast SEO plugin v27.0 - https:\/\/yoast.com\/product\/yoast-seo-wordpress\/ -->\n<title>Serviette 4 Saisons Hisako AWARE\u2122 Made in Europe, noir - Ukiyo Home<\/title>\n<meta name=\"robots\" content=\"index, follow, max-snippet:-1, max-image-preview:large, max-video-preview:-1\" \/>\n<link rel=\"canonical\" href=\"https:\/\/ukiyo-home.com\/fr\/serviette-4-saisons-hisako-aware-made-in-europe-noir\/\" \/>\n<meta property=\"og:locale\" content=\"fr_FR\" \/>\n<meta property=\"og:type\" content=\"article\" \/>\n<meta property=\"og:title\" content=\"Serviette 4 Saisons Hisako AWARE\u2122 Made in Europe, noir - Ukiyo Home\" \/>\n<meta property=\"og:description\" content=\"Serviette 100X180cm polyvalente, fabriqu\u00e9e \u00e0 partir de 22 % de coton recycl\u00e9. Avec traceur AWARE\u2122 qui valide l&rsquo;utilisation authentique du coton recycl\u00e9. Vous pouvez l&rsquo;utiliser pour presque tout, comme la plage, les voyages, le sauna, la piscine, le camping, le sport, comme serviette de plage, serviette de bain, \u00e9charpe, par\u00e9o, serviette de yoga, couverture. Chaque [&hellip;]\" \/>\n<meta property=\"og:url\" content=\"https:\/\/ukiyo-home.com\/fr\/serviette-4-saisons-hisako-aware-made-in-europe-noir\/\" \/>\n<meta property=\"og:site_name\" content=\"Ukiyo Home\" \/>\n<meta property=\"article:modified_time\" content=\"2026-03-20T01:08:24+00:00\" \/>\n<meta property=\"og:image\" content=\"https:\/\/ukiyo-home.com\/wp-content\/uploads\/sites\/7\/2024\/02\/P453.801__S_0__90a504ce3e1e46a098ce490db4833866.jpg\" \/>\n\t<meta property=\"og:image:width\" content=\"1024\" \/>\n\t<meta property=\"og:image:height\" content=\"1024\" \/>\n\t<meta property=\"og:image:type\" content=\"image\/jpeg\" \/>\n<meta name=\"twitter:card\" content=\"summary_large_image\" \/>\n<script type=\"application\/ld+json\" class=\"yoast-schema-graph\">{\"@context\":\"https:\/\/schema.org\",\"@graph\":[{\"@type\":\"WebPage\",\"@id\":\"https:\/\/ukiyo-home.com\/fr\/serviette-4-saisons-hisako-aware-made-in-europe-noir\/\",\"url\":\"https:\/\/ukiyo-home.com\/fr\/serviette-4-saisons-hisako-aware-made-in-europe-noir\/\",\"name\":\"Serviette 4 Saisons Hisako AWARE\u2122 Made in Europe, noir - Ukiyo Home\",\"isPartOf\":{\"@id\":\"https:\/\/ukiyo-home.com\/fr\/#website\"},\"primaryImageOfPage\":{\"@id\":\"https:\/\/ukiyo-home.com\/fr\/serviette-4-saisons-hisako-aware-made-in-europe-noir\/#primaryimage\"},\"image\":{\"@id\":\"https:\/\/ukiyo-home.com\/fr\/serviette-4-saisons-hisako-aware-made-in-europe-noir\/#primaryimage\"},\"thumbnailUrl\":\"https:\/\/ukiyo-home.com\/wp-content\/uploads\/sites\/7\/2024\/02\/P453.801__S_0__90a504ce3e1e46a098ce490db4833866.jpg\",\"datePublished\":\"2023-02-27T15:01:52+00:00\",\"dateModified\":\"2026-03-20T01:08:24+00:00\",\"breadcrumb\":{\"@id\":\"https:\/\/ukiyo-home.com\/fr\/serviette-4-saisons-hisako-aware-made-in-europe-noir\/#breadcrumb\"},\"inLanguage\":\"fr-FR\",\"potentialAction\":[{\"@type\":\"ReadAction\",\"target\":[\"https:\/\/ukiyo-home.com\/fr\/serviette-4-saisons-hisako-aware-made-in-europe-noir\/\"]}]},{\"@type\":\"ImageObject\",\"inLanguage\":\"fr-FR\",\"@id\":\"https:\/\/ukiyo-home.com\/fr\/serviette-4-saisons-hisako-aware-made-in-europe-noir\/#primaryimage\",\"url\":\"https:\/\/ukiyo-home.com\/wp-content\/uploads\/sites\/7\/2024\/02\/P453.801__S_0__90a504ce3e1e46a098ce490db4833866.jpg\",\"contentUrl\":\"https:\/\/ukiyo-home.com\/wp-content\/uploads\/sites\/7\/2024\/02\/P453.801__S_0__90a504ce3e1e46a098ce490db4833866.jpg\",\"width\":1024,\"height\":1024},{\"@type\":\"BreadcrumbList\",\"@id\":\"https:\/\/ukiyo-home.com\/fr\/serviette-4-saisons-hisako-aware-made-in-europe-noir\/#breadcrumb\",\"itemListElement\":[{\"@type\":\"ListItem\",\"position\":1,\"name\":\"Home\",\"item\":\"https:\/\/ukiyo-home.com\/fr\/\"},{\"@type\":\"ListItem\",\"position\":2,\"name\":\"Collection\",\"item\":\"https:\/\/ukiyo-home.com\/fr\/collection-fr\/\"},{\"@type\":\"ListItem\",\"position\":3,\"name\":\"Serviette 4 Saisons Hisako AWARE\u2122 Made in Europe, noir\"}]},{\"@type\":\"WebSite\",\"@id\":\"https:\/\/ukiyo-home.com\/fr\/#website\",\"url\":\"https:\/\/ukiyo-home.com\/fr\/\",\"name\":\"Ukiyo Home\",\"description\":\"Just another Swiss Peak Sites site\",\"potentialAction\":[{\"@type\":\"SearchAction\",\"target\":{\"@type\":\"EntryPoint\",\"urlTemplate\":\"https:\/\/ukiyo-home.com\/fr\/?s={search_term_string}\"},\"query-input\":{\"@type\":\"PropertyValueSpecification\",\"valueRequired\":true,\"valueName\":\"search_term_string\"}}],\"inLanguage\":\"fr-FR\"}]}<\/script>\n<!-- \/ Yoast SEO plugin. -->","yoast_head_json":{"title":"Serviette 4 Saisons Hisako AWARE\u2122 Made in Europe, noir - Ukiyo Home","robots":{"index":"index","follow":"follow","max-snippet":"max-snippet:-1","max-image-preview":"max-image-preview:large","max-video-preview":"max-video-preview:-1"},"canonical":"https:\/\/ukiyo-home.com\/fr\/serviette-4-saisons-hisako-aware-made-in-europe-noir\/","og_locale":"fr_FR","og_type":"article","og_title":"Serviette 4 Saisons Hisako AWARE\u2122 Made in Europe, noir - Ukiyo Home","og_description":"Serviette 100X180cm polyvalente, fabriqu\u00e9e \u00e0 partir de 22 % de coton recycl\u00e9. Avec traceur AWARE\u2122 qui valide l&rsquo;utilisation authentique du coton recycl\u00e9. Vous pouvez l&rsquo;utiliser pour presque tout, comme la plage, les voyages, le sauna, la piscine, le camping, le sport, comme serviette de plage, serviette de bain, \u00e9charpe, par\u00e9o, serviette de yoga, couverture. Chaque [&hellip;]","og_url":"https:\/\/ukiyo-home.com\/fr\/serviette-4-saisons-hisako-aware-made-in-europe-noir\/","og_site_name":"Ukiyo Home","article_modified_time":"2026-03-20T01:08:24+00:00","og_image":[{"width":1024,"height":1024,"url":"https:\/\/ukiyo-home.com\/wp-content\/uploads\/sites\/7\/2024\/02\/P453.801__S_0__90a504ce3e1e46a098ce490db4833866.jpg","type":"image\/jpeg"}],"twitter_card":"summary_large_image","schema":{"@context":"https:\/\/schema.org","@graph":[{"@type":"WebPage","@id":"https:\/\/ukiyo-home.com\/fr\/serviette-4-saisons-hisako-aware-made-in-europe-noir\/","url":"https:\/\/ukiyo-home.com\/fr\/serviette-4-saisons-hisako-aware-made-in-europe-noir\/","name":"Serviette 4 Saisons Hisako AWARE\u2122 Made in Europe, noir - Ukiyo Home","isPartOf":{"@id":"https:\/\/ukiyo-home.com\/fr\/#website"},"primaryImageOfPage":{"@id":"https:\/\/ukiyo-home.com\/fr\/serviette-4-saisons-hisako-aware-made-in-europe-noir\/#primaryimage"},"image":{"@id":"https:\/\/ukiyo-home.com\/fr\/serviette-4-saisons-hisako-aware-made-in-europe-noir\/#primaryimage"},"thumbnailUrl":"https:\/\/ukiyo-home.com\/wp-content\/uploads\/sites\/7\/2024\/02\/P453.801__S_0__90a504ce3e1e46a098ce490db4833866.jpg","datePublished":"2023-02-27T15:01:52+00:00","dateModified":"2026-03-20T01:08:24+00:00","breadcrumb":{"@id":"https:\/\/ukiyo-home.com\/fr\/serviette-4-saisons-hisako-aware-made-in-europe-noir\/#breadcrumb"},"inLanguage":"fr-FR","potentialAction":[{"@type":"ReadAction","target":["https:\/\/ukiyo-home.com\/fr\/serviette-4-saisons-hisako-aware-made-in-europe-noir\/"]}]},{"@type":"ImageObject","inLanguage":"fr-FR","@id":"https:\/\/ukiyo-home.com\/fr\/serviette-4-saisons-hisako-aware-made-in-europe-noir\/#primaryimage","url":"https:\/\/ukiyo-home.com\/wp-content\/uploads\/sites\/7\/2024\/02\/P453.801__S_0__90a504ce3e1e46a098ce490db4833866.jpg","contentUrl":"https:\/\/ukiyo-home.com\/wp-content\/uploads\/sites\/7\/2024\/02\/P453.801__S_0__90a504ce3e1e46a098ce490db4833866.jpg","width":1024,"height":1024},{"@type":"BreadcrumbList","@id":"https:\/\/ukiyo-home.com\/fr\/serviette-4-saisons-hisako-aware-made-in-europe-noir\/#breadcrumb","itemListElement":[{"@type":"ListItem","position":1,"name":"Home","item":"https:\/\/ukiyo-home.com\/fr\/"},{"@type":"ListItem","position":2,"name":"Collection","item":"https:\/\/ukiyo-home.com\/fr\/collection-fr\/"},{"@type":"ListItem","position":3,"name":"Serviette 4 Saisons Hisako AWARE\u2122 Made in Europe, noir"}]},{"@type":"WebSite","@id":"https:\/\/ukiyo-home.com\/fr\/#website","url":"https:\/\/ukiyo-home.com\/fr\/","name":"Ukiyo Home","description":"Just another Swiss Peak Sites site","potentialAction":[{"@type":"SearchAction","target":{"@type":"EntryPoint","urlTemplate":"https:\/\/ukiyo-home.com\/fr\/?s={search_term_string}"},"query-input":{"@type":"PropertyValueSpecification","valueRequired":true,"valueName":"search_term_string"}}],"inLanguage":"fr-FR"}]}},"_links":{"self":[{"href":"https:\/\/ukiyo-home.com\/fr\/wp-json\/wp\/v2\/product\/3733","targetHints":{"allow":["GET"]}}],"collection":[{"href":"https:\/\/ukiyo-home.com\/fr\/wp-json\/wp\/v2\/product"}],"about":[{"href":"https:\/\/ukiyo-home.com\/fr\/wp-json\/wp\/v2\/types\/product"}],"replies":[{"embeddable":true,"href":"https:\/\/ukiyo-home.com\/fr\/wp-json\/wp\/v2\/comments?post=3733"}],"wp:featuredmedia":[{"embeddable":true,"href":"https:\/\/ukiyo-home.com\/fr\/wp-json\/wp\/v2\/media\/11160"}],"wp:attachment":[{"href":"https:\/\/ukiyo-home.com\/fr\/wp-json\/wp\/v2\/media?parent=3733"}],"wp:term":[{"taxonomy":"product_cat","embeddable":true,"href":"https:\/\/ukiyo-home.com\/fr\/wp-json\/wp\/v2\/product_cat?post=3733"},{"taxonomy":"product_tag","embeddable":true,"href":"https:\/\/ukiyo-home.com\/fr\/wp-json\/wp\/v2\/product_tag?post=3733"}],"curies":[{"name":"wp","href":"https:\/\/api.w.org\/{rel}","templated":true}]}}