{"id":3708,"date":"2023-02-27T14:52:17","date_gmt":"2023-02-27T14:52:17","guid":{"rendered":"https:\/\/xdsomename.tempurl.host\/ukiyo-website\/product\/set-cadeau-blanc\/"},"modified":"2026-03-12T01:10:35","modified_gmt":"2026-03-12T01:10:35","slug":"set-cadeau-blanc","status":"publish","type":"product","link":"https:\/\/ukiyo-home.com\/fr\/set-cadeau-blanc\/","title":{"rendered":"Set cadeau, blanc"},"content":{"rendered":"<p>Sentez-vous d\u00e9tendu, recharg\u00e9 et renouvel\u00e9 avec le coffret cadeau de b\u00e2tonnets de parfum et de bougies de cire de soja Ukiyo. En combinant les b\u00e2tons de parfum au jasmin et la bougie parfum\u00e9e au jasmin, vous cr\u00e9erez une atmosph\u00e8re \u00e9tonnante qui vous laissera une sensation de revitalisation. 10 heures de combustion, poids net 55gr. Livr\u00e9 dans une bo\u00eete cadeau kraft.<\/p>\n","protected":false},"excerpt":{"rendered":"<p>Sentez-vous d\u00e9tendu, recharg\u00e9 et renouvel\u00e9 avec le coffret cadeau de b\u00e2tonnets de parfum et de bougies de cire de soja Ukiyo. En combinant les b\u00e2tons de parfum au jasmin et la bougie parfum\u00e9e au jasmin, vous cr\u00e9erez une atmosph\u00e8re \u00e9tonnante qui vous laissera une sensation de revitalisation. 10 heures de combustion, poids net 55gr. Livr\u00e9 [&hellip;]<\/p>\n","protected":false},"featured_media":8773,"comment_status":"closed","ping_status":"closed","template":"","meta":{"_acf_changed":false},"product_cat":[71],"product_tag":[],"class_list":["post-3708","product","type-product","status-publish","has-post-thumbnail","hentry","product_cat-decor","pa_color-white"],"acf":[],"yoast_head":"<!-- This site is optimized with the Yoast SEO plugin v27.0 - https:\/\/yoast.com\/product\/yoast-seo-wordpress\/ -->\n<title>Set cadeau, blanc - Ukiyo Home<\/title>\n<meta name=\"robots\" content=\"index, follow, max-snippet:-1, max-image-preview:large, max-video-preview:-1\" \/>\n<link rel=\"canonical\" href=\"https:\/\/ukiyo-home.com\/fr\/set-cadeau-blanc\/\" \/>\n<meta property=\"og:locale\" content=\"fr_FR\" \/>\n<meta property=\"og:type\" content=\"article\" \/>\n<meta property=\"og:title\" content=\"Set cadeau, blanc - Ukiyo Home\" \/>\n<meta property=\"og:description\" content=\"Sentez-vous d\u00e9tendu, recharg\u00e9 et renouvel\u00e9 avec le coffret cadeau de b\u00e2tonnets de parfum et de bougies de cire de soja Ukiyo. En combinant les b\u00e2tons de parfum au jasmin et la bougie parfum\u00e9e au jasmin, vous cr\u00e9erez une atmosph\u00e8re \u00e9tonnante qui vous laissera une sensation de revitalisation. 10 heures de combustion, poids net 55gr. Livr\u00e9 [&hellip;]\" \/>\n<meta property=\"og:url\" content=\"https:\/\/ukiyo-home.com\/fr\/set-cadeau-blanc\/\" \/>\n<meta property=\"og:site_name\" content=\"Ukiyo Home\" \/>\n<meta property=\"article:modified_time\" content=\"2026-03-12T01:10:35+00:00\" \/>\n<meta property=\"og:image\" content=\"https:\/\/ukiyo-home.com\/wp-content\/uploads\/sites\/7\/2024\/02\/P262.973__S_0__f479125231064593bdf7eb2fff27fda3.jpg\" \/>\n\t<meta property=\"og:image:width\" content=\"1024\" \/>\n\t<meta property=\"og:image:height\" content=\"1024\" \/>\n\t<meta property=\"og:image:type\" content=\"image\/jpeg\" \/>\n<meta name=\"twitter:card\" content=\"summary_large_image\" \/>\n<script type=\"application\/ld+json\" class=\"yoast-schema-graph\">{\"@context\":\"https:\/\/schema.org\",\"@graph\":[{\"@type\":\"WebPage\",\"@id\":\"https:\/\/ukiyo-home.com\/fr\/set-cadeau-blanc\/\",\"url\":\"https:\/\/ukiyo-home.com\/fr\/set-cadeau-blanc\/\",\"name\":\"Set cadeau, blanc - Ukiyo Home\",\"isPartOf\":{\"@id\":\"https:\/\/ukiyo-home.com\/fr\/#website\"},\"primaryImageOfPage\":{\"@id\":\"https:\/\/ukiyo-home.com\/fr\/set-cadeau-blanc\/#primaryimage\"},\"image\":{\"@id\":\"https:\/\/ukiyo-home.com\/fr\/set-cadeau-blanc\/#primaryimage\"},\"thumbnailUrl\":\"https:\/\/ukiyo-home.com\/wp-content\/uploads\/sites\/7\/2024\/02\/P262.973__S_0__f479125231064593bdf7eb2fff27fda3.jpg\",\"datePublished\":\"2023-02-27T14:52:17+00:00\",\"dateModified\":\"2026-03-12T01:10:35+00:00\",\"breadcrumb\":{\"@id\":\"https:\/\/ukiyo-home.com\/fr\/set-cadeau-blanc\/#breadcrumb\"},\"inLanguage\":\"fr-FR\",\"potentialAction\":[{\"@type\":\"ReadAction\",\"target\":[\"https:\/\/ukiyo-home.com\/fr\/set-cadeau-blanc\/\"]}]},{\"@type\":\"ImageObject\",\"inLanguage\":\"fr-FR\",\"@id\":\"https:\/\/ukiyo-home.com\/fr\/set-cadeau-blanc\/#primaryimage\",\"url\":\"https:\/\/ukiyo-home.com\/wp-content\/uploads\/sites\/7\/2024\/02\/P262.973__S_0__f479125231064593bdf7eb2fff27fda3.jpg\",\"contentUrl\":\"https:\/\/ukiyo-home.com\/wp-content\/uploads\/sites\/7\/2024\/02\/P262.973__S_0__f479125231064593bdf7eb2fff27fda3.jpg\",\"width\":1024,\"height\":1024},{\"@type\":\"BreadcrumbList\",\"@id\":\"https:\/\/ukiyo-home.com\/fr\/set-cadeau-blanc\/#breadcrumb\",\"itemListElement\":[{\"@type\":\"ListItem\",\"position\":1,\"name\":\"Home\",\"item\":\"https:\/\/ukiyo-home.com\/fr\/\"},{\"@type\":\"ListItem\",\"position\":2,\"name\":\"Collection\",\"item\":\"https:\/\/ukiyo-home.com\/fr\/collection-fr\/\"},{\"@type\":\"ListItem\",\"position\":3,\"name\":\"Set cadeau, blanc\"}]},{\"@type\":\"WebSite\",\"@id\":\"https:\/\/ukiyo-home.com\/fr\/#website\",\"url\":\"https:\/\/ukiyo-home.com\/fr\/\",\"name\":\"Ukiyo Home\",\"description\":\"Just another Swiss Peak Sites site\",\"potentialAction\":[{\"@type\":\"SearchAction\",\"target\":{\"@type\":\"EntryPoint\",\"urlTemplate\":\"https:\/\/ukiyo-home.com\/fr\/?s={search_term_string}\"},\"query-input\":{\"@type\":\"PropertyValueSpecification\",\"valueRequired\":true,\"valueName\":\"search_term_string\"}}],\"inLanguage\":\"fr-FR\"}]}<\/script>\n<!-- \/ Yoast SEO plugin. -->","yoast_head_json":{"title":"Set cadeau, blanc - Ukiyo Home","robots":{"index":"index","follow":"follow","max-snippet":"max-snippet:-1","max-image-preview":"max-image-preview:large","max-video-preview":"max-video-preview:-1"},"canonical":"https:\/\/ukiyo-home.com\/fr\/set-cadeau-blanc\/","og_locale":"fr_FR","og_type":"article","og_title":"Set cadeau, blanc - Ukiyo Home","og_description":"Sentez-vous d\u00e9tendu, recharg\u00e9 et renouvel\u00e9 avec le coffret cadeau de b\u00e2tonnets de parfum et de bougies de cire de soja Ukiyo. En combinant les b\u00e2tons de parfum au jasmin et la bougie parfum\u00e9e au jasmin, vous cr\u00e9erez une atmosph\u00e8re \u00e9tonnante qui vous laissera une sensation de revitalisation. 10 heures de combustion, poids net 55gr. Livr\u00e9 [&hellip;]","og_url":"https:\/\/ukiyo-home.com\/fr\/set-cadeau-blanc\/","og_site_name":"Ukiyo Home","article_modified_time":"2026-03-12T01:10:35+00:00","og_image":[{"width":1024,"height":1024,"url":"https:\/\/ukiyo-home.com\/wp-content\/uploads\/sites\/7\/2024\/02\/P262.973__S_0__f479125231064593bdf7eb2fff27fda3.jpg","type":"image\/jpeg"}],"twitter_card":"summary_large_image","schema":{"@context":"https:\/\/schema.org","@graph":[{"@type":"WebPage","@id":"https:\/\/ukiyo-home.com\/fr\/set-cadeau-blanc\/","url":"https:\/\/ukiyo-home.com\/fr\/set-cadeau-blanc\/","name":"Set cadeau, blanc - Ukiyo Home","isPartOf":{"@id":"https:\/\/ukiyo-home.com\/fr\/#website"},"primaryImageOfPage":{"@id":"https:\/\/ukiyo-home.com\/fr\/set-cadeau-blanc\/#primaryimage"},"image":{"@id":"https:\/\/ukiyo-home.com\/fr\/set-cadeau-blanc\/#primaryimage"},"thumbnailUrl":"https:\/\/ukiyo-home.com\/wp-content\/uploads\/sites\/7\/2024\/02\/P262.973__S_0__f479125231064593bdf7eb2fff27fda3.jpg","datePublished":"2023-02-27T14:52:17+00:00","dateModified":"2026-03-12T01:10:35+00:00","breadcrumb":{"@id":"https:\/\/ukiyo-home.com\/fr\/set-cadeau-blanc\/#breadcrumb"},"inLanguage":"fr-FR","potentialAction":[{"@type":"ReadAction","target":["https:\/\/ukiyo-home.com\/fr\/set-cadeau-blanc\/"]}]},{"@type":"ImageObject","inLanguage":"fr-FR","@id":"https:\/\/ukiyo-home.com\/fr\/set-cadeau-blanc\/#primaryimage","url":"https:\/\/ukiyo-home.com\/wp-content\/uploads\/sites\/7\/2024\/02\/P262.973__S_0__f479125231064593bdf7eb2fff27fda3.jpg","contentUrl":"https:\/\/ukiyo-home.com\/wp-content\/uploads\/sites\/7\/2024\/02\/P262.973__S_0__f479125231064593bdf7eb2fff27fda3.jpg","width":1024,"height":1024},{"@type":"BreadcrumbList","@id":"https:\/\/ukiyo-home.com\/fr\/set-cadeau-blanc\/#breadcrumb","itemListElement":[{"@type":"ListItem","position":1,"name":"Home","item":"https:\/\/ukiyo-home.com\/fr\/"},{"@type":"ListItem","position":2,"name":"Collection","item":"https:\/\/ukiyo-home.com\/fr\/collection-fr\/"},{"@type":"ListItem","position":3,"name":"Set cadeau, blanc"}]},{"@type":"WebSite","@id":"https:\/\/ukiyo-home.com\/fr\/#website","url":"https:\/\/ukiyo-home.com\/fr\/","name":"Ukiyo Home","description":"Just another Swiss Peak Sites site","potentialAction":[{"@type":"SearchAction","target":{"@type":"EntryPoint","urlTemplate":"https:\/\/ukiyo-home.com\/fr\/?s={search_term_string}"},"query-input":{"@type":"PropertyValueSpecification","valueRequired":true,"valueName":"search_term_string"}}],"inLanguage":"fr-FR"}]}},"_links":{"self":[{"href":"https:\/\/ukiyo-home.com\/fr\/wp-json\/wp\/v2\/product\/3708","targetHints":{"allow":["GET"]}}],"collection":[{"href":"https:\/\/ukiyo-home.com\/fr\/wp-json\/wp\/v2\/product"}],"about":[{"href":"https:\/\/ukiyo-home.com\/fr\/wp-json\/wp\/v2\/types\/product"}],"replies":[{"embeddable":true,"href":"https:\/\/ukiyo-home.com\/fr\/wp-json\/wp\/v2\/comments?post=3708"}],"wp:featuredmedia":[{"embeddable":true,"href":"https:\/\/ukiyo-home.com\/fr\/wp-json\/wp\/v2\/media\/8773"}],"wp:attachment":[{"href":"https:\/\/ukiyo-home.com\/fr\/wp-json\/wp\/v2\/media?parent=3708"}],"wp:term":[{"taxonomy":"product_cat","embeddable":true,"href":"https:\/\/ukiyo-home.com\/fr\/wp-json\/wp\/v2\/product_cat?post=3708"},{"taxonomy":"product_tag","embeddable":true,"href":"https:\/\/ukiyo-home.com\/fr\/wp-json\/wp\/v2\/product_tag?post=3708"}],"curies":[{"name":"wp","href":"https:\/\/api.w.org\/{rel}","templated":true}]}}