{"id":3704,"date":"2023-02-27T14:52:17","date_gmt":"2023-02-27T14:52:17","guid":{"rendered":"https:\/\/xdsomename.tempurl.host\/ukiyo-website\/product\/bougie-parfumee-avec-couvercle-en-bambou-blanc\/"},"modified":"2026-03-12T01:10:30","modified_gmt":"2026-03-12T01:10:30","slug":"bougie-parfumee-avec-couvercle-en-bambou-blanc","status":"publish","type":"product","link":"https:\/\/ukiyo-home.com\/fr\/bougie-parfumee-avec-couvercle-en-bambou-blanc\/","title":{"rendered":"Bougie parfum\u00e9e avec couvercle en bambou, blanc"},"content":{"rendered":"<p>Bougie parfum\u00e9e Ukiyo pr\u00e9sent\u00e9e dans un pot \u00e9l\u00e9gant avec un couvercle en bambou. Parfum de jasmin pour cr\u00e9er de la chaleur et du confort dans votre maison.<\/p>\n","protected":false},"excerpt":{"rendered":"<p>Bougie parfum\u00e9e Ukiyo pr\u00e9sent\u00e9e dans un pot \u00e9l\u00e9gant avec un couvercle en bambou. Parfum de jasmin pour cr\u00e9er de la chaleur et du confort dans votre maison.<\/p>\n","protected":false},"featured_media":8472,"comment_status":"closed","ping_status":"closed","template":"","meta":{"_acf_changed":false},"product_cat":[71],"product_tag":[],"class_list":["post-3704","product","type-product","status-publish","has-post-thumbnail","hentry","product_cat-decor","pa_color-white"],"acf":[],"yoast_head":"<!-- This site is optimized with the Yoast SEO plugin v27.0 - https:\/\/yoast.com\/product\/yoast-seo-wordpress\/ -->\n<title>Bougie parfum\u00e9e avec couvercle en bambou, blanc - Ukiyo Home<\/title>\n<meta name=\"robots\" content=\"index, follow, max-snippet:-1, max-image-preview:large, max-video-preview:-1\" \/>\n<link rel=\"canonical\" href=\"https:\/\/ukiyo-home.com\/fr\/bougie-parfumee-avec-couvercle-en-bambou-blanc\/\" \/>\n<meta property=\"og:locale\" content=\"fr_FR\" \/>\n<meta property=\"og:type\" content=\"article\" \/>\n<meta property=\"og:title\" content=\"Bougie parfum\u00e9e avec couvercle en bambou, blanc - Ukiyo Home\" \/>\n<meta property=\"og:description\" content=\"Bougie parfum\u00e9e Ukiyo pr\u00e9sent\u00e9e dans un pot \u00e9l\u00e9gant avec un couvercle en bambou. Parfum de jasmin pour cr\u00e9er de la chaleur et du confort dans votre maison.\" \/>\n<meta property=\"og:url\" content=\"https:\/\/ukiyo-home.com\/fr\/bougie-parfumee-avec-couvercle-en-bambou-blanc\/\" \/>\n<meta property=\"og:site_name\" content=\"Ukiyo Home\" \/>\n<meta property=\"article:modified_time\" content=\"2026-03-12T01:10:30+00:00\" \/>\n<meta property=\"og:image\" content=\"https:\/\/ukiyo-home.com\/wp-content\/uploads\/sites\/7\/2024\/02\/P262.943__S_0__15164f70b4094b008735d2d1e53be225.jpg\" \/>\n\t<meta property=\"og:image:width\" content=\"1024\" \/>\n\t<meta property=\"og:image:height\" content=\"1024\" \/>\n\t<meta property=\"og:image:type\" content=\"image\/jpeg\" \/>\n<meta name=\"twitter:card\" content=\"summary_large_image\" \/>\n<script type=\"application\/ld+json\" class=\"yoast-schema-graph\">{\"@context\":\"https:\/\/schema.org\",\"@graph\":[{\"@type\":\"WebPage\",\"@id\":\"https:\/\/ukiyo-home.com\/fr\/bougie-parfumee-avec-couvercle-en-bambou-blanc\/\",\"url\":\"https:\/\/ukiyo-home.com\/fr\/bougie-parfumee-avec-couvercle-en-bambou-blanc\/\",\"name\":\"Bougie parfum\u00e9e avec couvercle en bambou, blanc - Ukiyo Home\",\"isPartOf\":{\"@id\":\"https:\/\/ukiyo-home.com\/fr\/#website\"},\"primaryImageOfPage\":{\"@id\":\"https:\/\/ukiyo-home.com\/fr\/bougie-parfumee-avec-couvercle-en-bambou-blanc\/#primaryimage\"},\"image\":{\"@id\":\"https:\/\/ukiyo-home.com\/fr\/bougie-parfumee-avec-couvercle-en-bambou-blanc\/#primaryimage\"},\"thumbnailUrl\":\"https:\/\/ukiyo-home.com\/wp-content\/uploads\/sites\/7\/2024\/02\/P262.943__S_0__15164f70b4094b008735d2d1e53be225.jpg\",\"datePublished\":\"2023-02-27T14:52:17+00:00\",\"dateModified\":\"2026-03-12T01:10:30+00:00\",\"breadcrumb\":{\"@id\":\"https:\/\/ukiyo-home.com\/fr\/bougie-parfumee-avec-couvercle-en-bambou-blanc\/#breadcrumb\"},\"inLanguage\":\"fr-FR\",\"potentialAction\":[{\"@type\":\"ReadAction\",\"target\":[\"https:\/\/ukiyo-home.com\/fr\/bougie-parfumee-avec-couvercle-en-bambou-blanc\/\"]}]},{\"@type\":\"ImageObject\",\"inLanguage\":\"fr-FR\",\"@id\":\"https:\/\/ukiyo-home.com\/fr\/bougie-parfumee-avec-couvercle-en-bambou-blanc\/#primaryimage\",\"url\":\"https:\/\/ukiyo-home.com\/wp-content\/uploads\/sites\/7\/2024\/02\/P262.943__S_0__15164f70b4094b008735d2d1e53be225.jpg\",\"contentUrl\":\"https:\/\/ukiyo-home.com\/wp-content\/uploads\/sites\/7\/2024\/02\/P262.943__S_0__15164f70b4094b008735d2d1e53be225.jpg\",\"width\":1024,\"height\":1024},{\"@type\":\"BreadcrumbList\",\"@id\":\"https:\/\/ukiyo-home.com\/fr\/bougie-parfumee-avec-couvercle-en-bambou-blanc\/#breadcrumb\",\"itemListElement\":[{\"@type\":\"ListItem\",\"position\":1,\"name\":\"Home\",\"item\":\"https:\/\/ukiyo-home.com\/fr\/\"},{\"@type\":\"ListItem\",\"position\":2,\"name\":\"Collection\",\"item\":\"https:\/\/ukiyo-home.com\/fr\/collection-fr\/\"},{\"@type\":\"ListItem\",\"position\":3,\"name\":\"Bougie parfum\u00e9e avec couvercle en bambou, blanc\"}]},{\"@type\":\"WebSite\",\"@id\":\"https:\/\/ukiyo-home.com\/fr\/#website\",\"url\":\"https:\/\/ukiyo-home.com\/fr\/\",\"name\":\"Ukiyo Home\",\"description\":\"Just another Swiss Peak Sites site\",\"potentialAction\":[{\"@type\":\"SearchAction\",\"target\":{\"@type\":\"EntryPoint\",\"urlTemplate\":\"https:\/\/ukiyo-home.com\/fr\/?s={search_term_string}\"},\"query-input\":{\"@type\":\"PropertyValueSpecification\",\"valueRequired\":true,\"valueName\":\"search_term_string\"}}],\"inLanguage\":\"fr-FR\"}]}<\/script>\n<!-- \/ Yoast SEO plugin. -->","yoast_head_json":{"title":"Bougie parfum\u00e9e avec couvercle en bambou, blanc - Ukiyo Home","robots":{"index":"index","follow":"follow","max-snippet":"max-snippet:-1","max-image-preview":"max-image-preview:large","max-video-preview":"max-video-preview:-1"},"canonical":"https:\/\/ukiyo-home.com\/fr\/bougie-parfumee-avec-couvercle-en-bambou-blanc\/","og_locale":"fr_FR","og_type":"article","og_title":"Bougie parfum\u00e9e avec couvercle en bambou, blanc - Ukiyo Home","og_description":"Bougie parfum\u00e9e Ukiyo pr\u00e9sent\u00e9e dans un pot \u00e9l\u00e9gant avec un couvercle en bambou. Parfum de jasmin pour cr\u00e9er de la chaleur et du confort dans votre maison.","og_url":"https:\/\/ukiyo-home.com\/fr\/bougie-parfumee-avec-couvercle-en-bambou-blanc\/","og_site_name":"Ukiyo Home","article_modified_time":"2026-03-12T01:10:30+00:00","og_image":[{"width":1024,"height":1024,"url":"https:\/\/ukiyo-home.com\/wp-content\/uploads\/sites\/7\/2024\/02\/P262.943__S_0__15164f70b4094b008735d2d1e53be225.jpg","type":"image\/jpeg"}],"twitter_card":"summary_large_image","schema":{"@context":"https:\/\/schema.org","@graph":[{"@type":"WebPage","@id":"https:\/\/ukiyo-home.com\/fr\/bougie-parfumee-avec-couvercle-en-bambou-blanc\/","url":"https:\/\/ukiyo-home.com\/fr\/bougie-parfumee-avec-couvercle-en-bambou-blanc\/","name":"Bougie parfum\u00e9e avec couvercle en bambou, blanc - Ukiyo Home","isPartOf":{"@id":"https:\/\/ukiyo-home.com\/fr\/#website"},"primaryImageOfPage":{"@id":"https:\/\/ukiyo-home.com\/fr\/bougie-parfumee-avec-couvercle-en-bambou-blanc\/#primaryimage"},"image":{"@id":"https:\/\/ukiyo-home.com\/fr\/bougie-parfumee-avec-couvercle-en-bambou-blanc\/#primaryimage"},"thumbnailUrl":"https:\/\/ukiyo-home.com\/wp-content\/uploads\/sites\/7\/2024\/02\/P262.943__S_0__15164f70b4094b008735d2d1e53be225.jpg","datePublished":"2023-02-27T14:52:17+00:00","dateModified":"2026-03-12T01:10:30+00:00","breadcrumb":{"@id":"https:\/\/ukiyo-home.com\/fr\/bougie-parfumee-avec-couvercle-en-bambou-blanc\/#breadcrumb"},"inLanguage":"fr-FR","potentialAction":[{"@type":"ReadAction","target":["https:\/\/ukiyo-home.com\/fr\/bougie-parfumee-avec-couvercle-en-bambou-blanc\/"]}]},{"@type":"ImageObject","inLanguage":"fr-FR","@id":"https:\/\/ukiyo-home.com\/fr\/bougie-parfumee-avec-couvercle-en-bambou-blanc\/#primaryimage","url":"https:\/\/ukiyo-home.com\/wp-content\/uploads\/sites\/7\/2024\/02\/P262.943__S_0__15164f70b4094b008735d2d1e53be225.jpg","contentUrl":"https:\/\/ukiyo-home.com\/wp-content\/uploads\/sites\/7\/2024\/02\/P262.943__S_0__15164f70b4094b008735d2d1e53be225.jpg","width":1024,"height":1024},{"@type":"BreadcrumbList","@id":"https:\/\/ukiyo-home.com\/fr\/bougie-parfumee-avec-couvercle-en-bambou-blanc\/#breadcrumb","itemListElement":[{"@type":"ListItem","position":1,"name":"Home","item":"https:\/\/ukiyo-home.com\/fr\/"},{"@type":"ListItem","position":2,"name":"Collection","item":"https:\/\/ukiyo-home.com\/fr\/collection-fr\/"},{"@type":"ListItem","position":3,"name":"Bougie parfum\u00e9e avec couvercle en bambou, blanc"}]},{"@type":"WebSite","@id":"https:\/\/ukiyo-home.com\/fr\/#website","url":"https:\/\/ukiyo-home.com\/fr\/","name":"Ukiyo Home","description":"Just another Swiss Peak Sites site","potentialAction":[{"@type":"SearchAction","target":{"@type":"EntryPoint","urlTemplate":"https:\/\/ukiyo-home.com\/fr\/?s={search_term_string}"},"query-input":{"@type":"PropertyValueSpecification","valueRequired":true,"valueName":"search_term_string"}}],"inLanguage":"fr-FR"}]}},"_links":{"self":[{"href":"https:\/\/ukiyo-home.com\/fr\/wp-json\/wp\/v2\/product\/3704","targetHints":{"allow":["GET"]}}],"collection":[{"href":"https:\/\/ukiyo-home.com\/fr\/wp-json\/wp\/v2\/product"}],"about":[{"href":"https:\/\/ukiyo-home.com\/fr\/wp-json\/wp\/v2\/types\/product"}],"replies":[{"embeddable":true,"href":"https:\/\/ukiyo-home.com\/fr\/wp-json\/wp\/v2\/comments?post=3704"}],"wp:featuredmedia":[{"embeddable":true,"href":"https:\/\/ukiyo-home.com\/fr\/wp-json\/wp\/v2\/media\/8472"}],"wp:attachment":[{"href":"https:\/\/ukiyo-home.com\/fr\/wp-json\/wp\/v2\/media?parent=3704"}],"wp:term":[{"taxonomy":"product_cat","embeddable":true,"href":"https:\/\/ukiyo-home.com\/fr\/wp-json\/wp\/v2\/product_cat?post=3704"},{"taxonomy":"product_tag","embeddable":true,"href":"https:\/\/ukiyo-home.com\/fr\/wp-json\/wp\/v2\/product_tag?post=3704"}],"curies":[{"name":"wp","href":"https:\/\/api.w.org\/{rel}","templated":true}]}}