{"id":3700,"date":"2023-02-27T14:49:46","date_gmt":"2023-02-27T14:49:46","guid":{"rendered":"https:\/\/xdsomename.tempurl.host\/ukiyo-website\/product\/set-poivre-et-sel-en-bambou-marron\/"},"modified":"2026-03-12T01:10:23","modified_gmt":"2026-03-12T01:10:23","slug":"set-poivre-et-sel-en-bambou-marron","status":"publish","type":"product","link":"https:\/\/ukiyo-home.com\/fr\/set-poivre-et-sel-en-bambou-marron\/","title":{"rendered":"Set poivre et sel en bambou, marron"},"content":{"rendered":"<p>Set sel et poivre Ukiyo en bambou, r\u00e9unit style et \u00e9l\u00e9gance sur votre table \u00e0 manger. L&rsquo;int\u00e9rieur se compose d&rsquo;un moulin en c\u00e9ramique, afin que vous puissiez moudre le sel et le poivre sans aucun probl\u00e8me. Les deux moulins ont une grande capacit\u00e9 de 110 ml, vous n&rsquo;aurez donc pas \u00e0 remplir les sets souvent. Emball\u00e9 dans une bo\u00eete cadeau en kraft.<\/p>\n","protected":false},"excerpt":{"rendered":"<p>Set sel et poivre Ukiyo en bambou, r\u00e9unit style et \u00e9l\u00e9gance sur votre table \u00e0 manger. L&rsquo;int\u00e9rieur se compose d&rsquo;un moulin en c\u00e9ramique, afin que vous puissiez moudre le sel et le poivre sans aucun probl\u00e8me. Les deux moulins ont une grande capacit\u00e9 de 110 ml, vous n&rsquo;aurez donc pas \u00e0 remplir les sets souvent. [&hellip;]<\/p>\n","protected":false},"featured_media":8157,"comment_status":"closed","ping_status":"closed","template":"","meta":{"_acf_changed":false},"product_cat":[70],"product_tag":[],"class_list":["post-3700","product","type-product","status-publish","has-post-thumbnail","hentry","product_cat-cuisine","pa_color-brown"],"acf":[],"yoast_head":"<!-- This site is optimized with the Yoast SEO plugin v27.0 - https:\/\/yoast.com\/product\/yoast-seo-wordpress\/ -->\n<title>Set poivre et sel en bambou, marron - Ukiyo Home<\/title>\n<meta name=\"robots\" content=\"index, follow, max-snippet:-1, max-image-preview:large, max-video-preview:-1\" \/>\n<link rel=\"canonical\" href=\"https:\/\/ukiyo-home.com\/fr\/set-poivre-et-sel-en-bambou-marron\/\" \/>\n<meta property=\"og:locale\" content=\"fr_FR\" \/>\n<meta property=\"og:type\" content=\"article\" \/>\n<meta property=\"og:title\" content=\"Set poivre et sel en bambou, marron - Ukiyo Home\" \/>\n<meta property=\"og:description\" content=\"Set sel et poivre Ukiyo en bambou, r\u00e9unit style et \u00e9l\u00e9gance sur votre table \u00e0 manger. L&rsquo;int\u00e9rieur se compose d&rsquo;un moulin en c\u00e9ramique, afin que vous puissiez moudre le sel et le poivre sans aucun probl\u00e8me. Les deux moulins ont une grande capacit\u00e9 de 110 ml, vous n&rsquo;aurez donc pas \u00e0 remplir les sets souvent. [&hellip;]\" \/>\n<meta property=\"og:url\" content=\"https:\/\/ukiyo-home.com\/fr\/set-poivre-et-sel-en-bambou-marron\/\" \/>\n<meta property=\"og:site_name\" content=\"Ukiyo Home\" \/>\n<meta property=\"article:modified_time\" content=\"2026-03-12T01:10:23+00:00\" \/>\n<meta property=\"og:image\" content=\"https:\/\/ukiyo-home.com\/wp-content\/uploads\/sites\/7\/2024\/02\/P262.319__S_0__9554512d27c240099a7ce2a057031286.jpg\" \/>\n\t<meta property=\"og:image:width\" content=\"1024\" \/>\n\t<meta property=\"og:image:height\" content=\"1024\" \/>\n\t<meta property=\"og:image:type\" content=\"image\/jpeg\" \/>\n<meta name=\"twitter:card\" content=\"summary_large_image\" \/>\n<script type=\"application\/ld+json\" class=\"yoast-schema-graph\">{\"@context\":\"https:\/\/schema.org\",\"@graph\":[{\"@type\":\"WebPage\",\"@id\":\"https:\/\/ukiyo-home.com\/fr\/set-poivre-et-sel-en-bambou-marron\/\",\"url\":\"https:\/\/ukiyo-home.com\/fr\/set-poivre-et-sel-en-bambou-marron\/\",\"name\":\"Set poivre et sel en bambou, marron - Ukiyo Home\",\"isPartOf\":{\"@id\":\"https:\/\/ukiyo-home.com\/fr\/#website\"},\"primaryImageOfPage\":{\"@id\":\"https:\/\/ukiyo-home.com\/fr\/set-poivre-et-sel-en-bambou-marron\/#primaryimage\"},\"image\":{\"@id\":\"https:\/\/ukiyo-home.com\/fr\/set-poivre-et-sel-en-bambou-marron\/#primaryimage\"},\"thumbnailUrl\":\"https:\/\/ukiyo-home.com\/wp-content\/uploads\/sites\/7\/2024\/02\/P262.319__S_0__9554512d27c240099a7ce2a057031286.jpg\",\"datePublished\":\"2023-02-27T14:49:46+00:00\",\"dateModified\":\"2026-03-12T01:10:23+00:00\",\"breadcrumb\":{\"@id\":\"https:\/\/ukiyo-home.com\/fr\/set-poivre-et-sel-en-bambou-marron\/#breadcrumb\"},\"inLanguage\":\"fr-FR\",\"potentialAction\":[{\"@type\":\"ReadAction\",\"target\":[\"https:\/\/ukiyo-home.com\/fr\/set-poivre-et-sel-en-bambou-marron\/\"]}]},{\"@type\":\"ImageObject\",\"inLanguage\":\"fr-FR\",\"@id\":\"https:\/\/ukiyo-home.com\/fr\/set-poivre-et-sel-en-bambou-marron\/#primaryimage\",\"url\":\"https:\/\/ukiyo-home.com\/wp-content\/uploads\/sites\/7\/2024\/02\/P262.319__S_0__9554512d27c240099a7ce2a057031286.jpg\",\"contentUrl\":\"https:\/\/ukiyo-home.com\/wp-content\/uploads\/sites\/7\/2024\/02\/P262.319__S_0__9554512d27c240099a7ce2a057031286.jpg\",\"width\":1024,\"height\":1024},{\"@type\":\"BreadcrumbList\",\"@id\":\"https:\/\/ukiyo-home.com\/fr\/set-poivre-et-sel-en-bambou-marron\/#breadcrumb\",\"itemListElement\":[{\"@type\":\"ListItem\",\"position\":1,\"name\":\"Home\",\"item\":\"https:\/\/ukiyo-home.com\/fr\/\"},{\"@type\":\"ListItem\",\"position\":2,\"name\":\"Collection\",\"item\":\"https:\/\/ukiyo-home.com\/fr\/collection-fr\/\"},{\"@type\":\"ListItem\",\"position\":3,\"name\":\"Set poivre et sel en bambou, marron\"}]},{\"@type\":\"WebSite\",\"@id\":\"https:\/\/ukiyo-home.com\/fr\/#website\",\"url\":\"https:\/\/ukiyo-home.com\/fr\/\",\"name\":\"Ukiyo Home\",\"description\":\"Just another Swiss Peak Sites site\",\"potentialAction\":[{\"@type\":\"SearchAction\",\"target\":{\"@type\":\"EntryPoint\",\"urlTemplate\":\"https:\/\/ukiyo-home.com\/fr\/?s={search_term_string}\"},\"query-input\":{\"@type\":\"PropertyValueSpecification\",\"valueRequired\":true,\"valueName\":\"search_term_string\"}}],\"inLanguage\":\"fr-FR\"}]}<\/script>\n<!-- \/ Yoast SEO plugin. -->","yoast_head_json":{"title":"Set poivre et sel en bambou, marron - Ukiyo Home","robots":{"index":"index","follow":"follow","max-snippet":"max-snippet:-1","max-image-preview":"max-image-preview:large","max-video-preview":"max-video-preview:-1"},"canonical":"https:\/\/ukiyo-home.com\/fr\/set-poivre-et-sel-en-bambou-marron\/","og_locale":"fr_FR","og_type":"article","og_title":"Set poivre et sel en bambou, marron - Ukiyo Home","og_description":"Set sel et poivre Ukiyo en bambou, r\u00e9unit style et \u00e9l\u00e9gance sur votre table \u00e0 manger. L&rsquo;int\u00e9rieur se compose d&rsquo;un moulin en c\u00e9ramique, afin que vous puissiez moudre le sel et le poivre sans aucun probl\u00e8me. Les deux moulins ont une grande capacit\u00e9 de 110 ml, vous n&rsquo;aurez donc pas \u00e0 remplir les sets souvent. [&hellip;]","og_url":"https:\/\/ukiyo-home.com\/fr\/set-poivre-et-sel-en-bambou-marron\/","og_site_name":"Ukiyo Home","article_modified_time":"2026-03-12T01:10:23+00:00","og_image":[{"width":1024,"height":1024,"url":"https:\/\/ukiyo-home.com\/wp-content\/uploads\/sites\/7\/2024\/02\/P262.319__S_0__9554512d27c240099a7ce2a057031286.jpg","type":"image\/jpeg"}],"twitter_card":"summary_large_image","schema":{"@context":"https:\/\/schema.org","@graph":[{"@type":"WebPage","@id":"https:\/\/ukiyo-home.com\/fr\/set-poivre-et-sel-en-bambou-marron\/","url":"https:\/\/ukiyo-home.com\/fr\/set-poivre-et-sel-en-bambou-marron\/","name":"Set poivre et sel en bambou, marron - Ukiyo Home","isPartOf":{"@id":"https:\/\/ukiyo-home.com\/fr\/#website"},"primaryImageOfPage":{"@id":"https:\/\/ukiyo-home.com\/fr\/set-poivre-et-sel-en-bambou-marron\/#primaryimage"},"image":{"@id":"https:\/\/ukiyo-home.com\/fr\/set-poivre-et-sel-en-bambou-marron\/#primaryimage"},"thumbnailUrl":"https:\/\/ukiyo-home.com\/wp-content\/uploads\/sites\/7\/2024\/02\/P262.319__S_0__9554512d27c240099a7ce2a057031286.jpg","datePublished":"2023-02-27T14:49:46+00:00","dateModified":"2026-03-12T01:10:23+00:00","breadcrumb":{"@id":"https:\/\/ukiyo-home.com\/fr\/set-poivre-et-sel-en-bambou-marron\/#breadcrumb"},"inLanguage":"fr-FR","potentialAction":[{"@type":"ReadAction","target":["https:\/\/ukiyo-home.com\/fr\/set-poivre-et-sel-en-bambou-marron\/"]}]},{"@type":"ImageObject","inLanguage":"fr-FR","@id":"https:\/\/ukiyo-home.com\/fr\/set-poivre-et-sel-en-bambou-marron\/#primaryimage","url":"https:\/\/ukiyo-home.com\/wp-content\/uploads\/sites\/7\/2024\/02\/P262.319__S_0__9554512d27c240099a7ce2a057031286.jpg","contentUrl":"https:\/\/ukiyo-home.com\/wp-content\/uploads\/sites\/7\/2024\/02\/P262.319__S_0__9554512d27c240099a7ce2a057031286.jpg","width":1024,"height":1024},{"@type":"BreadcrumbList","@id":"https:\/\/ukiyo-home.com\/fr\/set-poivre-et-sel-en-bambou-marron\/#breadcrumb","itemListElement":[{"@type":"ListItem","position":1,"name":"Home","item":"https:\/\/ukiyo-home.com\/fr\/"},{"@type":"ListItem","position":2,"name":"Collection","item":"https:\/\/ukiyo-home.com\/fr\/collection-fr\/"},{"@type":"ListItem","position":3,"name":"Set poivre et sel en bambou, marron"}]},{"@type":"WebSite","@id":"https:\/\/ukiyo-home.com\/fr\/#website","url":"https:\/\/ukiyo-home.com\/fr\/","name":"Ukiyo Home","description":"Just another Swiss Peak Sites site","potentialAction":[{"@type":"SearchAction","target":{"@type":"EntryPoint","urlTemplate":"https:\/\/ukiyo-home.com\/fr\/?s={search_term_string}"},"query-input":{"@type":"PropertyValueSpecification","valueRequired":true,"valueName":"search_term_string"}}],"inLanguage":"fr-FR"}]}},"_links":{"self":[{"href":"https:\/\/ukiyo-home.com\/fr\/wp-json\/wp\/v2\/product\/3700","targetHints":{"allow":["GET"]}}],"collection":[{"href":"https:\/\/ukiyo-home.com\/fr\/wp-json\/wp\/v2\/product"}],"about":[{"href":"https:\/\/ukiyo-home.com\/fr\/wp-json\/wp\/v2\/types\/product"}],"replies":[{"embeddable":true,"href":"https:\/\/ukiyo-home.com\/fr\/wp-json\/wp\/v2\/comments?post=3700"}],"wp:featuredmedia":[{"embeddable":true,"href":"https:\/\/ukiyo-home.com\/fr\/wp-json\/wp\/v2\/media\/8157"}],"wp:attachment":[{"href":"https:\/\/ukiyo-home.com\/fr\/wp-json\/wp\/v2\/media?parent=3700"}],"wp:term":[{"taxonomy":"product_cat","embeddable":true,"href":"https:\/\/ukiyo-home.com\/fr\/wp-json\/wp\/v2\/product_cat?post=3700"},{"taxonomy":"product_tag","embeddable":true,"href":"https:\/\/ukiyo-home.com\/fr\/wp-json\/wp\/v2\/product_tag?post=3700"}],"curies":[{"name":"wp","href":"https:\/\/api.w.org\/{rel}","templated":true}]}}