{"id":5041,"date":"2023-06-22T00:04:15","date_gmt":"2023-06-22T00:04:15","guid":{"rendered":"https:\/\/ukiyo-home.com\/piedras-de-equilibrio-de-madera-ukiyo-crios-en-bolsa-marron\/"},"modified":"2026-03-12T02:05:06","modified_gmt":"2026-03-12T02:05:06","slug":"set-piezas-equilibrio-madera-crios-marron","status":"publish","type":"product","link":"https:\/\/ukiyo-home.com\/es\/set-piezas-equilibrio-madera-crios-marron\/","title":{"rendered":"Set piezas equilibrio madera Crios, marron"},"content":{"rendered":"<p>Mejora tu interior y divi\u00e9rtete con estas piedras de equilibrio de madera de pino Ukiyo. Pon a prueba tus habilidades de equilibrio y construye hermosas piezas centrales para tu espacio interior. Fabricado con madera de pino de alta calidad y presentado en una bolsa de poli\u00e9ster reciclado con certificaci\u00f3n GRS. La veta natural de la madera a\u00f1ade un toque \u00fanico y r\u00fastico a cualquier espacio.<\/p>\n","protected":false},"excerpt":{"rendered":"<p>Mejora tu interior y divi\u00e9rtete con estas piedras de equilibrio de madera de pino Ukiyo. Pon a prueba tus habilidades de equilibrio y construye hermosas piezas centrales para tu espacio interior. Fabricado con madera de pino de alta calidad y presentado en una bolsa de poli\u00e9ster reciclado con certificaci\u00f3n GRS. La veta natural de la [&hellip;]<\/p>\n","protected":false},"featured_media":14130,"comment_status":"closed","ping_status":"closed","template":"","meta":{"_acf_changed":false},"product_cat":[57],"product_tag":[],"class_list":["post-5041","product","type-product","status-publish","has-post-thumbnail","hentry","product_cat-decoracion-es","pa_color-brown"],"acf":[],"yoast_head":"<!-- This site is optimized with the Yoast SEO plugin v27.0 - https:\/\/yoast.com\/product\/yoast-seo-wordpress\/ -->\n<title>Set piezas equilibrio madera Crios, marron - Ukiyo Home<\/title>\n<meta name=\"robots\" content=\"index, follow, max-snippet:-1, max-image-preview:large, max-video-preview:-1\" \/>\n<link rel=\"canonical\" href=\"https:\/\/ukiyo-home.com\/es\/set-piezas-equilibrio-madera-crios-marron\/\" \/>\n<meta property=\"og:locale\" content=\"es_ES\" \/>\n<meta property=\"og:type\" content=\"article\" \/>\n<meta property=\"og:title\" content=\"Set piezas equilibrio madera Crios, marron - Ukiyo Home\" \/>\n<meta property=\"og:description\" content=\"Mejora tu interior y divi\u00e9rtete con estas piedras de equilibrio de madera de pino Ukiyo. Pon a prueba tus habilidades de equilibrio y construye hermosas piezas centrales para tu espacio interior. Fabricado con madera de pino de alta calidad y presentado en una bolsa de poli\u00e9ster reciclado con certificaci\u00f3n GRS. La veta natural de la [&hellip;]\" \/>\n<meta property=\"og:url\" content=\"https:\/\/ukiyo-home.com\/es\/set-piezas-equilibrio-madera-crios-marron\/\" \/>\n<meta property=\"og:site_name\" content=\"Ukiyo Home\" \/>\n<meta property=\"article:modified_time\" content=\"2026-03-12T02:05:06+00:00\" \/>\n<meta property=\"og:image\" content=\"https:\/\/ukiyo-home.com\/wp-content\/uploads\/sites\/7\/2024\/02\/P940.299__S_0__87fed8c872e24838ab89ce8b6f2dacf2.jpg\" \/>\n\t<meta property=\"og:image:width\" content=\"1024\" \/>\n\t<meta property=\"og:image:height\" content=\"1024\" \/>\n\t<meta property=\"og:image:type\" content=\"image\/jpeg\" \/>\n<meta name=\"twitter:card\" content=\"summary_large_image\" \/>\n<script type=\"application\/ld+json\" class=\"yoast-schema-graph\">{\"@context\":\"https:\/\/schema.org\",\"@graph\":[{\"@type\":\"WebPage\",\"@id\":\"https:\/\/ukiyo-home.com\/es\/set-piezas-equilibrio-madera-crios-marron\/\",\"url\":\"https:\/\/ukiyo-home.com\/es\/set-piezas-equilibrio-madera-crios-marron\/\",\"name\":\"Set piezas equilibrio madera Crios, marron - Ukiyo Home\",\"isPartOf\":{\"@id\":\"https:\/\/ukiyo-home.com\/es\/#website\"},\"primaryImageOfPage\":{\"@id\":\"https:\/\/ukiyo-home.com\/es\/set-piezas-equilibrio-madera-crios-marron\/#primaryimage\"},\"image\":{\"@id\":\"https:\/\/ukiyo-home.com\/es\/set-piezas-equilibrio-madera-crios-marron\/#primaryimage\"},\"thumbnailUrl\":\"https:\/\/ukiyo-home.com\/wp-content\/uploads\/sites\/7\/2024\/02\/P940.299__S_0__87fed8c872e24838ab89ce8b6f2dacf2.jpg\",\"datePublished\":\"2023-06-22T00:04:15+00:00\",\"dateModified\":\"2026-03-12T02:05:06+00:00\",\"breadcrumb\":{\"@id\":\"https:\/\/ukiyo-home.com\/es\/set-piezas-equilibrio-madera-crios-marron\/#breadcrumb\"},\"inLanguage\":\"es\",\"potentialAction\":[{\"@type\":\"ReadAction\",\"target\":[\"https:\/\/ukiyo-home.com\/es\/set-piezas-equilibrio-madera-crios-marron\/\"]}]},{\"@type\":\"ImageObject\",\"inLanguage\":\"es\",\"@id\":\"https:\/\/ukiyo-home.com\/es\/set-piezas-equilibrio-madera-crios-marron\/#primaryimage\",\"url\":\"https:\/\/ukiyo-home.com\/wp-content\/uploads\/sites\/7\/2024\/02\/P940.299__S_0__87fed8c872e24838ab89ce8b6f2dacf2.jpg\",\"contentUrl\":\"https:\/\/ukiyo-home.com\/wp-content\/uploads\/sites\/7\/2024\/02\/P940.299__S_0__87fed8c872e24838ab89ce8b6f2dacf2.jpg\",\"width\":1024,\"height\":1024},{\"@type\":\"BreadcrumbList\",\"@id\":\"https:\/\/ukiyo-home.com\/es\/set-piezas-equilibrio-madera-crios-marron\/#breadcrumb\",\"itemListElement\":[{\"@type\":\"ListItem\",\"position\":1,\"name\":\"Home\",\"item\":\"https:\/\/ukiyo-home.com\/es\/\"},{\"@type\":\"ListItem\",\"position\":2,\"name\":\"Colecci\u00f3n\",\"item\":\"https:\/\/ukiyo-home.com\/es\/coleccion-es\/\"},{\"@type\":\"ListItem\",\"position\":3,\"name\":\"Set piezas equilibrio madera Crios, marron\"}]},{\"@type\":\"WebSite\",\"@id\":\"https:\/\/ukiyo-home.com\/es\/#website\",\"url\":\"https:\/\/ukiyo-home.com\/es\/\",\"name\":\"Ukiyo Home\",\"description\":\"Just another Swiss Peak Sites site\",\"potentialAction\":[{\"@type\":\"SearchAction\",\"target\":{\"@type\":\"EntryPoint\",\"urlTemplate\":\"https:\/\/ukiyo-home.com\/es\/?s={search_term_string}\"},\"query-input\":{\"@type\":\"PropertyValueSpecification\",\"valueRequired\":true,\"valueName\":\"search_term_string\"}}],\"inLanguage\":\"es\"}]}<\/script>\n<!-- \/ Yoast SEO plugin. -->","yoast_head_json":{"title":"Set piezas equilibrio madera Crios, marron - Ukiyo Home","robots":{"index":"index","follow":"follow","max-snippet":"max-snippet:-1","max-image-preview":"max-image-preview:large","max-video-preview":"max-video-preview:-1"},"canonical":"https:\/\/ukiyo-home.com\/es\/set-piezas-equilibrio-madera-crios-marron\/","og_locale":"es_ES","og_type":"article","og_title":"Set piezas equilibrio madera Crios, marron - Ukiyo Home","og_description":"Mejora tu interior y divi\u00e9rtete con estas piedras de equilibrio de madera de pino Ukiyo. Pon a prueba tus habilidades de equilibrio y construye hermosas piezas centrales para tu espacio interior. Fabricado con madera de pino de alta calidad y presentado en una bolsa de poli\u00e9ster reciclado con certificaci\u00f3n GRS. La veta natural de la [&hellip;]","og_url":"https:\/\/ukiyo-home.com\/es\/set-piezas-equilibrio-madera-crios-marron\/","og_site_name":"Ukiyo Home","article_modified_time":"2026-03-12T02:05:06+00:00","og_image":[{"width":1024,"height":1024,"url":"https:\/\/ukiyo-home.com\/wp-content\/uploads\/sites\/7\/2024\/02\/P940.299__S_0__87fed8c872e24838ab89ce8b6f2dacf2.jpg","type":"image\/jpeg"}],"twitter_card":"summary_large_image","schema":{"@context":"https:\/\/schema.org","@graph":[{"@type":"WebPage","@id":"https:\/\/ukiyo-home.com\/es\/set-piezas-equilibrio-madera-crios-marron\/","url":"https:\/\/ukiyo-home.com\/es\/set-piezas-equilibrio-madera-crios-marron\/","name":"Set piezas equilibrio madera Crios, marron - Ukiyo Home","isPartOf":{"@id":"https:\/\/ukiyo-home.com\/es\/#website"},"primaryImageOfPage":{"@id":"https:\/\/ukiyo-home.com\/es\/set-piezas-equilibrio-madera-crios-marron\/#primaryimage"},"image":{"@id":"https:\/\/ukiyo-home.com\/es\/set-piezas-equilibrio-madera-crios-marron\/#primaryimage"},"thumbnailUrl":"https:\/\/ukiyo-home.com\/wp-content\/uploads\/sites\/7\/2024\/02\/P940.299__S_0__87fed8c872e24838ab89ce8b6f2dacf2.jpg","datePublished":"2023-06-22T00:04:15+00:00","dateModified":"2026-03-12T02:05:06+00:00","breadcrumb":{"@id":"https:\/\/ukiyo-home.com\/es\/set-piezas-equilibrio-madera-crios-marron\/#breadcrumb"},"inLanguage":"es","potentialAction":[{"@type":"ReadAction","target":["https:\/\/ukiyo-home.com\/es\/set-piezas-equilibrio-madera-crios-marron\/"]}]},{"@type":"ImageObject","inLanguage":"es","@id":"https:\/\/ukiyo-home.com\/es\/set-piezas-equilibrio-madera-crios-marron\/#primaryimage","url":"https:\/\/ukiyo-home.com\/wp-content\/uploads\/sites\/7\/2024\/02\/P940.299__S_0__87fed8c872e24838ab89ce8b6f2dacf2.jpg","contentUrl":"https:\/\/ukiyo-home.com\/wp-content\/uploads\/sites\/7\/2024\/02\/P940.299__S_0__87fed8c872e24838ab89ce8b6f2dacf2.jpg","width":1024,"height":1024},{"@type":"BreadcrumbList","@id":"https:\/\/ukiyo-home.com\/es\/set-piezas-equilibrio-madera-crios-marron\/#breadcrumb","itemListElement":[{"@type":"ListItem","position":1,"name":"Home","item":"https:\/\/ukiyo-home.com\/es\/"},{"@type":"ListItem","position":2,"name":"Colecci\u00f3n","item":"https:\/\/ukiyo-home.com\/es\/coleccion-es\/"},{"@type":"ListItem","position":3,"name":"Set piezas equilibrio madera Crios, marron"}]},{"@type":"WebSite","@id":"https:\/\/ukiyo-home.com\/es\/#website","url":"https:\/\/ukiyo-home.com\/es\/","name":"Ukiyo Home","description":"Just another Swiss Peak Sites site","potentialAction":[{"@type":"SearchAction","target":{"@type":"EntryPoint","urlTemplate":"https:\/\/ukiyo-home.com\/es\/?s={search_term_string}"},"query-input":{"@type":"PropertyValueSpecification","valueRequired":true,"valueName":"search_term_string"}}],"inLanguage":"es"}]}},"_links":{"self":[{"href":"https:\/\/ukiyo-home.com\/es\/wp-json\/wp\/v2\/product\/5041","targetHints":{"allow":["GET"]}}],"collection":[{"href":"https:\/\/ukiyo-home.com\/es\/wp-json\/wp\/v2\/product"}],"about":[{"href":"https:\/\/ukiyo-home.com\/es\/wp-json\/wp\/v2\/types\/product"}],"replies":[{"embeddable":true,"href":"https:\/\/ukiyo-home.com\/es\/wp-json\/wp\/v2\/comments?post=5041"}],"wp:featuredmedia":[{"embeddable":true,"href":"https:\/\/ukiyo-home.com\/es\/wp-json\/wp\/v2\/media\/14130"}],"wp:attachment":[{"href":"https:\/\/ukiyo-home.com\/es\/wp-json\/wp\/v2\/media?parent=5041"}],"wp:term":[{"taxonomy":"product_cat","embeddable":true,"href":"https:\/\/ukiyo-home.com\/es\/wp-json\/wp\/v2\/product_cat?post=5041"},{"taxonomy":"product_tag","embeddable":true,"href":"https:\/\/ukiyo-home.com\/es\/wp-json\/wp\/v2\/product_tag?post=5041"}],"curies":[{"name":"wp","href":"https:\/\/api.w.org\/{rel}","templated":true}]}}