{"id":3884,"date":"2023-02-27T15:03:58","date_gmt":"2023-02-27T15:03:58","guid":{"rendered":"https:\/\/xdsomename.tempurl.host\/ukiyo-website\/product\/manta-tejida-aware-polylana-130x150cm-blanquecino\/"},"modified":"2026-04-16T01:05:03","modified_gmt":"2026-04-16T01:05:03","slug":"manta-tejida-aware-polylana-130x150cm-blanquecino","status":"publish","type":"product","link":"https:\/\/ukiyo-home.com\/es\/manta-tejida-aware-polylana-130x150cm-blanquecino\/","title":{"rendered":"Manta tejida Aware \u2122 Polylana\u00ae 130x150cm, blanquecino"},"content":{"rendered":"<p>Mejora tu hogar con estilo con esta manta tejida Ukiyo Aware \u2122 Polylana\u00ae. Esta manta de alta calidad est\u00e1 tejida con bordes con flecos. Gu\u00e1rdalo en tu sof\u00e1 para disfrutar de noches de cine acogedoras o en tu cama. Con trazador AWARE \u2122 que valida el uso genuino de materiales reciclados. El 2% de las ganancias de cada producto vendido que contenga AWARE \u2122 se donar\u00e1 a Water.org.<\/p>\n","protected":false},"excerpt":{"rendered":"<p>Mejora tu hogar con estilo con esta manta tejida Ukiyo Aware \u2122 Polylana\u00ae. Esta manta de alta calidad est\u00e1 tejida con bordes con flecos. Gu\u00e1rdalo en tu sof\u00e1 para disfrutar de noches de cine acogedoras o en tu cama. Con trazador AWARE \u2122 que valida el uso genuino de materiales reciclados. El 2% de las [&hellip;]<\/p>\n","protected":false},"featured_media":14647,"comment_status":"closed","ping_status":"closed","template":"","meta":{"_acf_changed":false},"product_cat":[76],"product_tag":[],"class_list":["post-3884","product","type-product","status-publish","has-post-thumbnail","hentry","product_cat-textiles-es","pa_color-off-white"],"acf":[],"yoast_head":"<!-- This site is optimized with the Yoast SEO plugin v27.0 - https:\/\/yoast.com\/product\/yoast-seo-wordpress\/ -->\n<title>Manta tejida Aware \u2122 Polylana\u00ae 130x150cm, blanquecino - Ukiyo Home<\/title>\n<meta name=\"robots\" content=\"index, follow, max-snippet:-1, max-image-preview:large, max-video-preview:-1\" \/>\n<link rel=\"canonical\" href=\"https:\/\/ukiyo-home.com\/es\/manta-tejida-aware-polylana-130x150cm-blanquecino\/\" \/>\n<meta property=\"og:locale\" content=\"es_ES\" \/>\n<meta property=\"og:type\" content=\"article\" \/>\n<meta property=\"og:title\" content=\"Manta tejida Aware \u2122 Polylana\u00ae 130x150cm, blanquecino - Ukiyo Home\" \/>\n<meta property=\"og:description\" content=\"Mejora tu hogar con estilo con esta manta tejida Ukiyo Aware \u2122 Polylana\u00ae. Esta manta de alta calidad est\u00e1 tejida con bordes con flecos. Gu\u00e1rdalo en tu sof\u00e1 para disfrutar de noches de cine acogedoras o en tu cama. Con trazador AWARE \u2122 que valida el uso genuino de materiales reciclados. El 2% de las [&hellip;]\" \/>\n<meta property=\"og:url\" content=\"https:\/\/ukiyo-home.com\/es\/manta-tejida-aware-polylana-130x150cm-blanquecino\/\" \/>\n<meta property=\"og:site_name\" content=\"Ukiyo Home\" \/>\n<meta property=\"article:modified_time\" content=\"2026-04-16T01:05:03+00:00\" \/>\n<meta property=\"og:image\" content=\"https:\/\/ukiyo-home.com\/wp-content\/uploads\/sites\/7\/2026\/04\/P459.100__S_0__7ff9402dfa764c8fb6275a72afaacebc.jpg\" \/>\n\t<meta property=\"og:image:width\" content=\"1024\" \/>\n\t<meta property=\"og:image:height\" content=\"1024\" \/>\n\t<meta property=\"og:image:type\" content=\"image\/jpeg\" \/>\n<meta name=\"twitter:card\" content=\"summary_large_image\" \/>\n<script type=\"application\/ld+json\" class=\"yoast-schema-graph\">{\"@context\":\"https:\/\/schema.org\",\"@graph\":[{\"@type\":\"WebPage\",\"@id\":\"https:\/\/ukiyo-home.com\/es\/manta-tejida-aware-polylana-130x150cm-blanquecino\/\",\"url\":\"https:\/\/ukiyo-home.com\/es\/manta-tejida-aware-polylana-130x150cm-blanquecino\/\",\"name\":\"Manta tejida Aware \u2122 Polylana\u00ae 130x150cm, blanquecino - Ukiyo Home\",\"isPartOf\":{\"@id\":\"https:\/\/ukiyo-home.com\/es\/#website\"},\"primaryImageOfPage\":{\"@id\":\"https:\/\/ukiyo-home.com\/es\/manta-tejida-aware-polylana-130x150cm-blanquecino\/#primaryimage\"},\"image\":{\"@id\":\"https:\/\/ukiyo-home.com\/es\/manta-tejida-aware-polylana-130x150cm-blanquecino\/#primaryimage\"},\"thumbnailUrl\":\"https:\/\/ukiyo-home.com\/wp-content\/uploads\/sites\/7\/2026\/04\/P459.100__S_0__7ff9402dfa764c8fb6275a72afaacebc.jpg\",\"datePublished\":\"2023-02-27T15:03:58+00:00\",\"dateModified\":\"2026-04-16T01:05:03+00:00\",\"breadcrumb\":{\"@id\":\"https:\/\/ukiyo-home.com\/es\/manta-tejida-aware-polylana-130x150cm-blanquecino\/#breadcrumb\"},\"inLanguage\":\"es\",\"potentialAction\":[{\"@type\":\"ReadAction\",\"target\":[\"https:\/\/ukiyo-home.com\/es\/manta-tejida-aware-polylana-130x150cm-blanquecino\/\"]}]},{\"@type\":\"ImageObject\",\"inLanguage\":\"es\",\"@id\":\"https:\/\/ukiyo-home.com\/es\/manta-tejida-aware-polylana-130x150cm-blanquecino\/#primaryimage\",\"url\":\"https:\/\/ukiyo-home.com\/wp-content\/uploads\/sites\/7\/2026\/04\/P459.100__S_0__7ff9402dfa764c8fb6275a72afaacebc.jpg\",\"contentUrl\":\"https:\/\/ukiyo-home.com\/wp-content\/uploads\/sites\/7\/2026\/04\/P459.100__S_0__7ff9402dfa764c8fb6275a72afaacebc.jpg\",\"width\":1024,\"height\":1024},{\"@type\":\"BreadcrumbList\",\"@id\":\"https:\/\/ukiyo-home.com\/es\/manta-tejida-aware-polylana-130x150cm-blanquecino\/#breadcrumb\",\"itemListElement\":[{\"@type\":\"ListItem\",\"position\":1,\"name\":\"Home\",\"item\":\"https:\/\/ukiyo-home.com\/es\/\"},{\"@type\":\"ListItem\",\"position\":2,\"name\":\"Colecci\u00f3n\",\"item\":\"https:\/\/ukiyo-home.com\/es\/coleccion-es\/\"},{\"@type\":\"ListItem\",\"position\":3,\"name\":\"Manta tejida Aware \u2122 Polylana\u00ae 130x150cm, blanquecino\"}]},{\"@type\":\"WebSite\",\"@id\":\"https:\/\/ukiyo-home.com\/es\/#website\",\"url\":\"https:\/\/ukiyo-home.com\/es\/\",\"name\":\"Ukiyo Home\",\"description\":\"Just another Swiss Peak Sites site\",\"potentialAction\":[{\"@type\":\"SearchAction\",\"target\":{\"@type\":\"EntryPoint\",\"urlTemplate\":\"https:\/\/ukiyo-home.com\/es\/?s={search_term_string}\"},\"query-input\":{\"@type\":\"PropertyValueSpecification\",\"valueRequired\":true,\"valueName\":\"search_term_string\"}}],\"inLanguage\":\"es\"}]}<\/script>\n<!-- \/ Yoast SEO plugin. -->","yoast_head_json":{"title":"Manta tejida Aware \u2122 Polylana\u00ae 130x150cm, blanquecino - Ukiyo Home","robots":{"index":"index","follow":"follow","max-snippet":"max-snippet:-1","max-image-preview":"max-image-preview:large","max-video-preview":"max-video-preview:-1"},"canonical":"https:\/\/ukiyo-home.com\/es\/manta-tejida-aware-polylana-130x150cm-blanquecino\/","og_locale":"es_ES","og_type":"article","og_title":"Manta tejida Aware \u2122 Polylana\u00ae 130x150cm, blanquecino - Ukiyo Home","og_description":"Mejora tu hogar con estilo con esta manta tejida Ukiyo Aware \u2122 Polylana\u00ae. Esta manta de alta calidad est\u00e1 tejida con bordes con flecos. Gu\u00e1rdalo en tu sof\u00e1 para disfrutar de noches de cine acogedoras o en tu cama. Con trazador AWARE \u2122 que valida el uso genuino de materiales reciclados. El 2% de las [&hellip;]","og_url":"https:\/\/ukiyo-home.com\/es\/manta-tejida-aware-polylana-130x150cm-blanquecino\/","og_site_name":"Ukiyo Home","article_modified_time":"2026-04-16T01:05:03+00:00","og_image":[{"width":1024,"height":1024,"url":"https:\/\/ukiyo-home.com\/wp-content\/uploads\/sites\/7\/2026\/04\/P459.100__S_0__7ff9402dfa764c8fb6275a72afaacebc.jpg","type":"image\/jpeg"}],"twitter_card":"summary_large_image","schema":{"@context":"https:\/\/schema.org","@graph":[{"@type":"WebPage","@id":"https:\/\/ukiyo-home.com\/es\/manta-tejida-aware-polylana-130x150cm-blanquecino\/","url":"https:\/\/ukiyo-home.com\/es\/manta-tejida-aware-polylana-130x150cm-blanquecino\/","name":"Manta tejida Aware \u2122 Polylana\u00ae 130x150cm, blanquecino - Ukiyo Home","isPartOf":{"@id":"https:\/\/ukiyo-home.com\/es\/#website"},"primaryImageOfPage":{"@id":"https:\/\/ukiyo-home.com\/es\/manta-tejida-aware-polylana-130x150cm-blanquecino\/#primaryimage"},"image":{"@id":"https:\/\/ukiyo-home.com\/es\/manta-tejida-aware-polylana-130x150cm-blanquecino\/#primaryimage"},"thumbnailUrl":"https:\/\/ukiyo-home.com\/wp-content\/uploads\/sites\/7\/2026\/04\/P459.100__S_0__7ff9402dfa764c8fb6275a72afaacebc.jpg","datePublished":"2023-02-27T15:03:58+00:00","dateModified":"2026-04-16T01:05:03+00:00","breadcrumb":{"@id":"https:\/\/ukiyo-home.com\/es\/manta-tejida-aware-polylana-130x150cm-blanquecino\/#breadcrumb"},"inLanguage":"es","potentialAction":[{"@type":"ReadAction","target":["https:\/\/ukiyo-home.com\/es\/manta-tejida-aware-polylana-130x150cm-blanquecino\/"]}]},{"@type":"ImageObject","inLanguage":"es","@id":"https:\/\/ukiyo-home.com\/es\/manta-tejida-aware-polylana-130x150cm-blanquecino\/#primaryimage","url":"https:\/\/ukiyo-home.com\/wp-content\/uploads\/sites\/7\/2026\/04\/P459.100__S_0__7ff9402dfa764c8fb6275a72afaacebc.jpg","contentUrl":"https:\/\/ukiyo-home.com\/wp-content\/uploads\/sites\/7\/2026\/04\/P459.100__S_0__7ff9402dfa764c8fb6275a72afaacebc.jpg","width":1024,"height":1024},{"@type":"BreadcrumbList","@id":"https:\/\/ukiyo-home.com\/es\/manta-tejida-aware-polylana-130x150cm-blanquecino\/#breadcrumb","itemListElement":[{"@type":"ListItem","position":1,"name":"Home","item":"https:\/\/ukiyo-home.com\/es\/"},{"@type":"ListItem","position":2,"name":"Colecci\u00f3n","item":"https:\/\/ukiyo-home.com\/es\/coleccion-es\/"},{"@type":"ListItem","position":3,"name":"Manta tejida Aware \u2122 Polylana\u00ae 130x150cm, blanquecino"}]},{"@type":"WebSite","@id":"https:\/\/ukiyo-home.com\/es\/#website","url":"https:\/\/ukiyo-home.com\/es\/","name":"Ukiyo Home","description":"Just another Swiss Peak Sites site","potentialAction":[{"@type":"SearchAction","target":{"@type":"EntryPoint","urlTemplate":"https:\/\/ukiyo-home.com\/es\/?s={search_term_string}"},"query-input":{"@type":"PropertyValueSpecification","valueRequired":true,"valueName":"search_term_string"}}],"inLanguage":"es"}]}},"_links":{"self":[{"href":"https:\/\/ukiyo-home.com\/es\/wp-json\/wp\/v2\/product\/3884","targetHints":{"allow":["GET"]}}],"collection":[{"href":"https:\/\/ukiyo-home.com\/es\/wp-json\/wp\/v2\/product"}],"about":[{"href":"https:\/\/ukiyo-home.com\/es\/wp-json\/wp\/v2\/types\/product"}],"replies":[{"embeddable":true,"href":"https:\/\/ukiyo-home.com\/es\/wp-json\/wp\/v2\/comments?post=3884"}],"wp:featuredmedia":[{"embeddable":true,"href":"https:\/\/ukiyo-home.com\/es\/wp-json\/wp\/v2\/media\/14647"}],"wp:attachment":[{"href":"https:\/\/ukiyo-home.com\/es\/wp-json\/wp\/v2\/media?parent=3884"}],"wp:term":[{"taxonomy":"product_cat","embeddable":true,"href":"https:\/\/ukiyo-home.com\/es\/wp-json\/wp\/v2\/product_cat?post=3884"},{"taxonomy":"product_tag","embeddable":true,"href":"https:\/\/ukiyo-home.com\/es\/wp-json\/wp\/v2\/product_tag?post=3884"}],"curies":[{"name":"wp","href":"https:\/\/api.w.org\/{rel}","templated":true}]}}