{"id":3876,"date":"2023-02-27T15:01:52","date_gmt":"2023-02-27T15:01:52","guid":{"rendered":"https:\/\/xdsomename.tempurl.host\/ukiyo-website\/product\/toalla-de-bano-sakura-aware-de-500-g-m2-50-x-100-cm-blanc\/"},"modified":"2026-03-20T02:02:32","modified_gmt":"2026-03-20T02:02:32","slug":"toalla-de-bano-sakura-aware-de-500-g-m2-50-x-100-cm-blanc","status":"publish","type":"product","link":"https:\/\/ukiyo-home.com\/es\/toalla-de-bano-sakura-aware-de-500-g-m2-50-x-100-cm-blanc\/","title":{"rendered":"Toalla de ba\u00f1o Sakura AWARE \u2122 de 500 g\/m2 50 x 100 cm, blanc"},"content":{"rendered":"<p>Estas toallas de ba\u00f1o sostenibles de 500 gramos son deliciosamente gruesas, sedosas y s\u00faper suaves para tu piel. Estas lujosas toallas Ukiyo son ultrasuaves, de secado r\u00e1pido y ofrecen una gran capacidad de absorci\u00f3n. Esta toalla contiene un 30% algod\u00f3n reciclado. Con trazador AWARE \u2122 que valida el uso genuino de algod\u00f3n reciclado. Cada toalla ahorra 741,4 litros de agua. El 2% de las ganancias de cada producto de Impact vendido se donar\u00e1 a Water.org. Apta para lavadora. Fabricada en portugal.<\/p>\n","protected":false},"excerpt":{"rendered":"<p>Estas toallas de ba\u00f1o sostenibles de 500 gramos son deliciosamente gruesas, sedosas y s\u00faper suaves para tu piel. Estas lujosas toallas Ukiyo son ultrasuaves, de secado r\u00e1pido y ofrecen una gran capacidad de absorci\u00f3n. Esta toalla contiene un 30% algod\u00f3n reciclado. Con trazador AWARE \u2122 que valida el uso genuino de algod\u00f3n reciclado. Cada toalla [&hellip;]<\/p>\n","protected":false},"featured_media":11777,"comment_status":"closed","ping_status":"closed","template":"","meta":{"_acf_changed":false},"product_cat":[76],"product_tag":[],"class_list":["post-3876","product","type-product","status-publish","has-post-thumbnail","hentry","product_cat-textiles-es","pa_color-white"],"acf":[],"yoast_head":"<!-- This site is optimized with the Yoast SEO plugin v27.0 - https:\/\/yoast.com\/product\/yoast-seo-wordpress\/ -->\n<title>Toalla de ba\u00f1o Sakura AWARE \u2122 de 500 g\/m2 50 x 100 cm, blanc - Ukiyo Home<\/title>\n<meta name=\"robots\" content=\"index, follow, max-snippet:-1, max-image-preview:large, max-video-preview:-1\" \/>\n<link rel=\"canonical\" href=\"https:\/\/ukiyo-home.com\/es\/toalla-de-bano-sakura-aware-de-500-g-m2-50-x-100-cm-blanc\/\" \/>\n<meta property=\"og:locale\" content=\"es_ES\" \/>\n<meta property=\"og:type\" content=\"article\" \/>\n<meta property=\"og:title\" content=\"Toalla de ba\u00f1o Sakura AWARE \u2122 de 500 g\/m2 50 x 100 cm, blanc - Ukiyo Home\" \/>\n<meta property=\"og:description\" content=\"Estas toallas de ba\u00f1o sostenibles de 500 gramos son deliciosamente gruesas, sedosas y s\u00faper suaves para tu piel. Estas lujosas toallas Ukiyo son ultrasuaves, de secado r\u00e1pido y ofrecen una gran capacidad de absorci\u00f3n. Esta toalla contiene un 30% algod\u00f3n reciclado. Con trazador AWARE \u2122 que valida el uso genuino de algod\u00f3n reciclado. Cada toalla [&hellip;]\" \/>\n<meta property=\"og:url\" content=\"https:\/\/ukiyo-home.com\/es\/toalla-de-bano-sakura-aware-de-500-g-m2-50-x-100-cm-blanc\/\" \/>\n<meta property=\"og:site_name\" content=\"Ukiyo Home\" \/>\n<meta property=\"article:modified_time\" content=\"2026-03-20T02:02:32+00:00\" \/>\n<meta property=\"og:image\" content=\"https:\/\/ukiyo-home.com\/wp-content\/uploads\/sites\/7\/2024\/02\/P453.813__S_0__28eda0efc3694493a0ca5b849c112b56.jpg\" \/>\n\t<meta property=\"og:image:width\" content=\"1024\" \/>\n\t<meta property=\"og:image:height\" content=\"1024\" \/>\n\t<meta property=\"og:image:type\" content=\"image\/jpeg\" \/>\n<meta name=\"twitter:card\" content=\"summary_large_image\" \/>\n<script type=\"application\/ld+json\" class=\"yoast-schema-graph\">{\"@context\":\"https:\/\/schema.org\",\"@graph\":[{\"@type\":\"WebPage\",\"@id\":\"https:\/\/ukiyo-home.com\/es\/toalla-de-bano-sakura-aware-de-500-g-m2-50-x-100-cm-blanc\/\",\"url\":\"https:\/\/ukiyo-home.com\/es\/toalla-de-bano-sakura-aware-de-500-g-m2-50-x-100-cm-blanc\/\",\"name\":\"Toalla de ba\u00f1o Sakura AWARE \u2122 de 500 g\/m2 50 x 100 cm, blanc - Ukiyo Home\",\"isPartOf\":{\"@id\":\"https:\/\/ukiyo-home.com\/es\/#website\"},\"primaryImageOfPage\":{\"@id\":\"https:\/\/ukiyo-home.com\/es\/toalla-de-bano-sakura-aware-de-500-g-m2-50-x-100-cm-blanc\/#primaryimage\"},\"image\":{\"@id\":\"https:\/\/ukiyo-home.com\/es\/toalla-de-bano-sakura-aware-de-500-g-m2-50-x-100-cm-blanc\/#primaryimage\"},\"thumbnailUrl\":\"https:\/\/ukiyo-home.com\/wp-content\/uploads\/sites\/7\/2024\/02\/P453.813__S_0__28eda0efc3694493a0ca5b849c112b56.jpg\",\"datePublished\":\"2023-02-27T15:01:52+00:00\",\"dateModified\":\"2026-03-20T02:02:32+00:00\",\"breadcrumb\":{\"@id\":\"https:\/\/ukiyo-home.com\/es\/toalla-de-bano-sakura-aware-de-500-g-m2-50-x-100-cm-blanc\/#breadcrumb\"},\"inLanguage\":\"es\",\"potentialAction\":[{\"@type\":\"ReadAction\",\"target\":[\"https:\/\/ukiyo-home.com\/es\/toalla-de-bano-sakura-aware-de-500-g-m2-50-x-100-cm-blanc\/\"]}]},{\"@type\":\"ImageObject\",\"inLanguage\":\"es\",\"@id\":\"https:\/\/ukiyo-home.com\/es\/toalla-de-bano-sakura-aware-de-500-g-m2-50-x-100-cm-blanc\/#primaryimage\",\"url\":\"https:\/\/ukiyo-home.com\/wp-content\/uploads\/sites\/7\/2024\/02\/P453.813__S_0__28eda0efc3694493a0ca5b849c112b56.jpg\",\"contentUrl\":\"https:\/\/ukiyo-home.com\/wp-content\/uploads\/sites\/7\/2024\/02\/P453.813__S_0__28eda0efc3694493a0ca5b849c112b56.jpg\",\"width\":1024,\"height\":1024},{\"@type\":\"BreadcrumbList\",\"@id\":\"https:\/\/ukiyo-home.com\/es\/toalla-de-bano-sakura-aware-de-500-g-m2-50-x-100-cm-blanc\/#breadcrumb\",\"itemListElement\":[{\"@type\":\"ListItem\",\"position\":1,\"name\":\"Home\",\"item\":\"https:\/\/ukiyo-home.com\/es\/\"},{\"@type\":\"ListItem\",\"position\":2,\"name\":\"Colecci\u00f3n\",\"item\":\"https:\/\/ukiyo-home.com\/es\/coleccion-es\/\"},{\"@type\":\"ListItem\",\"position\":3,\"name\":\"Toalla de ba\u00f1o Sakura AWARE \u2122 de 500 g\/m2 50 x 100 cm, blanc\"}]},{\"@type\":\"WebSite\",\"@id\":\"https:\/\/ukiyo-home.com\/es\/#website\",\"url\":\"https:\/\/ukiyo-home.com\/es\/\",\"name\":\"Ukiyo Home\",\"description\":\"Just another Swiss Peak Sites site\",\"potentialAction\":[{\"@type\":\"SearchAction\",\"target\":{\"@type\":\"EntryPoint\",\"urlTemplate\":\"https:\/\/ukiyo-home.com\/es\/?s={search_term_string}\"},\"query-input\":{\"@type\":\"PropertyValueSpecification\",\"valueRequired\":true,\"valueName\":\"search_term_string\"}}],\"inLanguage\":\"es\"}]}<\/script>\n<!-- \/ Yoast SEO plugin. -->","yoast_head_json":{"title":"Toalla de ba\u00f1o Sakura AWARE \u2122 de 500 g\/m2 50 x 100 cm, blanc - Ukiyo Home","robots":{"index":"index","follow":"follow","max-snippet":"max-snippet:-1","max-image-preview":"max-image-preview:large","max-video-preview":"max-video-preview:-1"},"canonical":"https:\/\/ukiyo-home.com\/es\/toalla-de-bano-sakura-aware-de-500-g-m2-50-x-100-cm-blanc\/","og_locale":"es_ES","og_type":"article","og_title":"Toalla de ba\u00f1o Sakura AWARE \u2122 de 500 g\/m2 50 x 100 cm, blanc - Ukiyo Home","og_description":"Estas toallas de ba\u00f1o sostenibles de 500 gramos son deliciosamente gruesas, sedosas y s\u00faper suaves para tu piel. Estas lujosas toallas Ukiyo son ultrasuaves, de secado r\u00e1pido y ofrecen una gran capacidad de absorci\u00f3n. Esta toalla contiene un 30% algod\u00f3n reciclado. Con trazador AWARE \u2122 que valida el uso genuino de algod\u00f3n reciclado. Cada toalla [&hellip;]","og_url":"https:\/\/ukiyo-home.com\/es\/toalla-de-bano-sakura-aware-de-500-g-m2-50-x-100-cm-blanc\/","og_site_name":"Ukiyo Home","article_modified_time":"2026-03-20T02:02:32+00:00","og_image":[{"width":1024,"height":1024,"url":"https:\/\/ukiyo-home.com\/wp-content\/uploads\/sites\/7\/2024\/02\/P453.813__S_0__28eda0efc3694493a0ca5b849c112b56.jpg","type":"image\/jpeg"}],"twitter_card":"summary_large_image","schema":{"@context":"https:\/\/schema.org","@graph":[{"@type":"WebPage","@id":"https:\/\/ukiyo-home.com\/es\/toalla-de-bano-sakura-aware-de-500-g-m2-50-x-100-cm-blanc\/","url":"https:\/\/ukiyo-home.com\/es\/toalla-de-bano-sakura-aware-de-500-g-m2-50-x-100-cm-blanc\/","name":"Toalla de ba\u00f1o Sakura AWARE \u2122 de 500 g\/m2 50 x 100 cm, blanc - Ukiyo Home","isPartOf":{"@id":"https:\/\/ukiyo-home.com\/es\/#website"},"primaryImageOfPage":{"@id":"https:\/\/ukiyo-home.com\/es\/toalla-de-bano-sakura-aware-de-500-g-m2-50-x-100-cm-blanc\/#primaryimage"},"image":{"@id":"https:\/\/ukiyo-home.com\/es\/toalla-de-bano-sakura-aware-de-500-g-m2-50-x-100-cm-blanc\/#primaryimage"},"thumbnailUrl":"https:\/\/ukiyo-home.com\/wp-content\/uploads\/sites\/7\/2024\/02\/P453.813__S_0__28eda0efc3694493a0ca5b849c112b56.jpg","datePublished":"2023-02-27T15:01:52+00:00","dateModified":"2026-03-20T02:02:32+00:00","breadcrumb":{"@id":"https:\/\/ukiyo-home.com\/es\/toalla-de-bano-sakura-aware-de-500-g-m2-50-x-100-cm-blanc\/#breadcrumb"},"inLanguage":"es","potentialAction":[{"@type":"ReadAction","target":["https:\/\/ukiyo-home.com\/es\/toalla-de-bano-sakura-aware-de-500-g-m2-50-x-100-cm-blanc\/"]}]},{"@type":"ImageObject","inLanguage":"es","@id":"https:\/\/ukiyo-home.com\/es\/toalla-de-bano-sakura-aware-de-500-g-m2-50-x-100-cm-blanc\/#primaryimage","url":"https:\/\/ukiyo-home.com\/wp-content\/uploads\/sites\/7\/2024\/02\/P453.813__S_0__28eda0efc3694493a0ca5b849c112b56.jpg","contentUrl":"https:\/\/ukiyo-home.com\/wp-content\/uploads\/sites\/7\/2024\/02\/P453.813__S_0__28eda0efc3694493a0ca5b849c112b56.jpg","width":1024,"height":1024},{"@type":"BreadcrumbList","@id":"https:\/\/ukiyo-home.com\/es\/toalla-de-bano-sakura-aware-de-500-g-m2-50-x-100-cm-blanc\/#breadcrumb","itemListElement":[{"@type":"ListItem","position":1,"name":"Home","item":"https:\/\/ukiyo-home.com\/es\/"},{"@type":"ListItem","position":2,"name":"Colecci\u00f3n","item":"https:\/\/ukiyo-home.com\/es\/coleccion-es\/"},{"@type":"ListItem","position":3,"name":"Toalla de ba\u00f1o Sakura AWARE \u2122 de 500 g\/m2 50 x 100 cm, blanc"}]},{"@type":"WebSite","@id":"https:\/\/ukiyo-home.com\/es\/#website","url":"https:\/\/ukiyo-home.com\/es\/","name":"Ukiyo Home","description":"Just another Swiss Peak Sites site","potentialAction":[{"@type":"SearchAction","target":{"@type":"EntryPoint","urlTemplate":"https:\/\/ukiyo-home.com\/es\/?s={search_term_string}"},"query-input":{"@type":"PropertyValueSpecification","valueRequired":true,"valueName":"search_term_string"}}],"inLanguage":"es"}]}},"_links":{"self":[{"href":"https:\/\/ukiyo-home.com\/es\/wp-json\/wp\/v2\/product\/3876","targetHints":{"allow":["GET"]}}],"collection":[{"href":"https:\/\/ukiyo-home.com\/es\/wp-json\/wp\/v2\/product"}],"about":[{"href":"https:\/\/ukiyo-home.com\/es\/wp-json\/wp\/v2\/types\/product"}],"replies":[{"embeddable":true,"href":"https:\/\/ukiyo-home.com\/es\/wp-json\/wp\/v2\/comments?post=3876"}],"wp:featuredmedia":[{"embeddable":true,"href":"https:\/\/ukiyo-home.com\/es\/wp-json\/wp\/v2\/media\/11777"}],"wp:attachment":[{"href":"https:\/\/ukiyo-home.com\/es\/wp-json\/wp\/v2\/media?parent=3876"}],"wp:term":[{"taxonomy":"product_cat","embeddable":true,"href":"https:\/\/ukiyo-home.com\/es\/wp-json\/wp\/v2\/product_cat?post=3876"},{"taxonomy":"product_tag","embeddable":true,"href":"https:\/\/ukiyo-home.com\/es\/wp-json\/wp\/v2\/product_tag?post=3876"}],"curies":[{"name":"wp","href":"https:\/\/api.w.org\/{rel}","templated":true}]}}