{"id":3871,"date":"2023-02-27T15:01:52","date_gmt":"2023-02-27T15:01:52","guid":{"rendered":"https:\/\/xdsomename.tempurl.host\/ukiyo-website\/product\/toalla-manta-hisako-aware-100x180-azul-marino\/"},"modified":"2026-03-20T02:02:29","modified_gmt":"2026-03-20T02:02:29","slug":"toalla-manta-hisako-aware-100x180-azul-marino","status":"publish","type":"product","link":"https:\/\/ukiyo-home.com\/es\/toalla-manta-hisako-aware-100x180-azul-marino\/","title":{"rendered":"Toalla\/manta Hisako AWARE \u2122 100&#215;180, azul marino"},"content":{"rendered":"<p>Nuestra toalla m\u00e1s lujosa y vers\u00e1til. El compa\u00f1ero de viaje perfecto en cualquier circunstancia. La toalla contiene un 22% de algod\u00f3n reciclado que es s\u00faper suave y sedoso al tacto. Con trazador AWARE \u2122 que valida el uso genuino de algod\u00f3n reciclado. Puedes usarla para casi cualquier cosa, como la playa, viajes, sauna, piscina, camping, deportes, toalla de ba\u00f1o, bufanda, pareo, toalla de yoga, manta, lo que sea. Perfecta para sof\u00e1s, las mantas Hisako tambi\u00e9n son maravillosas para tomar el sol o usarlas como manta de picnic. Es lavable a m\u00e1quina. Estas toallas son de secado r\u00e1pido, resistentes al moho e incre\u00edblemente f\u00e1ciles de limpiar, lo que las convierte en una excelente opci\u00f3n para las personas al\u00e9rgicas, los amantes del vino tinto y los amantes de la playa. Cada toalla ahorra 1.409,2 litros de agua. El 2% de lo recaudado se donar\u00e1 a Water.org. Fabricada en Portugal.<\/p>\n","protected":false},"excerpt":{"rendered":"<p>Nuestra toalla m\u00e1s lujosa y vers\u00e1til. El compa\u00f1ero de viaje perfecto en cualquier circunstancia. La toalla contiene un 22% de algod\u00f3n reciclado que es s\u00faper suave y sedoso al tacto. Con trazador AWARE \u2122 que valida el uso genuino de algod\u00f3n reciclado. Puedes usarla para casi cualquier cosa, como la playa, viajes, sauna, piscina, camping, [&hellip;]<\/p>\n","protected":false},"featured_media":11345,"comment_status":"closed","ping_status":"closed","template":"","meta":{"_acf_changed":false},"product_cat":[76],"product_tag":[],"class_list":["post-3871","product","type-product","status-publish","has-post-thumbnail","hentry","product_cat-textiles-es","pa_color-navy"],"acf":[],"yoast_head":"<!-- This site is optimized with the Yoast SEO plugin v27.0 - https:\/\/yoast.com\/product\/yoast-seo-wordpress\/ -->\n<title>Toalla\/manta Hisako AWARE \u2122 100x180, azul marino - Ukiyo Home<\/title>\n<meta name=\"robots\" content=\"index, follow, max-snippet:-1, max-image-preview:large, max-video-preview:-1\" \/>\n<link rel=\"canonical\" href=\"https:\/\/ukiyo-home.com\/es\/toalla-manta-hisako-aware-100x180-azul-marino\/\" \/>\n<meta property=\"og:locale\" content=\"es_ES\" \/>\n<meta property=\"og:type\" content=\"article\" \/>\n<meta property=\"og:title\" content=\"Toalla\/manta Hisako AWARE \u2122 100x180, azul marino - Ukiyo Home\" \/>\n<meta property=\"og:description\" content=\"Nuestra toalla m\u00e1s lujosa y vers\u00e1til. El compa\u00f1ero de viaje perfecto en cualquier circunstancia. La toalla contiene un 22% de algod\u00f3n reciclado que es s\u00faper suave y sedoso al tacto. Con trazador AWARE \u2122 que valida el uso genuino de algod\u00f3n reciclado. Puedes usarla para casi cualquier cosa, como la playa, viajes, sauna, piscina, camping, [&hellip;]\" \/>\n<meta property=\"og:url\" content=\"https:\/\/ukiyo-home.com\/es\/toalla-manta-hisako-aware-100x180-azul-marino\/\" \/>\n<meta property=\"og:site_name\" content=\"Ukiyo Home\" \/>\n<meta property=\"article:modified_time\" content=\"2026-03-20T02:02:29+00:00\" \/>\n<meta property=\"og:image\" content=\"https:\/\/ukiyo-home.com\/wp-content\/uploads\/sites\/7\/2024\/02\/P453.805__S_0__2ffbb1d6ac18460d9c4001640070f3ef.jpg\" \/>\n\t<meta property=\"og:image:width\" content=\"1024\" \/>\n\t<meta property=\"og:image:height\" content=\"1024\" \/>\n\t<meta property=\"og:image:type\" content=\"image\/jpeg\" \/>\n<meta name=\"twitter:card\" content=\"summary_large_image\" \/>\n<meta name=\"twitter:label1\" content=\"Tiempo de lectura\" \/>\n\t<meta name=\"twitter:data1\" content=\"1 minuto\" \/>\n<script type=\"application\/ld+json\" class=\"yoast-schema-graph\">{\"@context\":\"https:\/\/schema.org\",\"@graph\":[{\"@type\":\"WebPage\",\"@id\":\"https:\/\/ukiyo-home.com\/es\/toalla-manta-hisako-aware-100x180-azul-marino\/\",\"url\":\"https:\/\/ukiyo-home.com\/es\/toalla-manta-hisako-aware-100x180-azul-marino\/\",\"name\":\"Toalla\/manta Hisako AWARE \u2122 100x180, azul marino - Ukiyo Home\",\"isPartOf\":{\"@id\":\"https:\/\/ukiyo-home.com\/es\/#website\"},\"primaryImageOfPage\":{\"@id\":\"https:\/\/ukiyo-home.com\/es\/toalla-manta-hisako-aware-100x180-azul-marino\/#primaryimage\"},\"image\":{\"@id\":\"https:\/\/ukiyo-home.com\/es\/toalla-manta-hisako-aware-100x180-azul-marino\/#primaryimage\"},\"thumbnailUrl\":\"https:\/\/ukiyo-home.com\/wp-content\/uploads\/sites\/7\/2024\/02\/P453.805__S_0__2ffbb1d6ac18460d9c4001640070f3ef.jpg\",\"datePublished\":\"2023-02-27T15:01:52+00:00\",\"dateModified\":\"2026-03-20T02:02:29+00:00\",\"breadcrumb\":{\"@id\":\"https:\/\/ukiyo-home.com\/es\/toalla-manta-hisako-aware-100x180-azul-marino\/#breadcrumb\"},\"inLanguage\":\"es\",\"potentialAction\":[{\"@type\":\"ReadAction\",\"target\":[\"https:\/\/ukiyo-home.com\/es\/toalla-manta-hisako-aware-100x180-azul-marino\/\"]}]},{\"@type\":\"ImageObject\",\"inLanguage\":\"es\",\"@id\":\"https:\/\/ukiyo-home.com\/es\/toalla-manta-hisako-aware-100x180-azul-marino\/#primaryimage\",\"url\":\"https:\/\/ukiyo-home.com\/wp-content\/uploads\/sites\/7\/2024\/02\/P453.805__S_0__2ffbb1d6ac18460d9c4001640070f3ef.jpg\",\"contentUrl\":\"https:\/\/ukiyo-home.com\/wp-content\/uploads\/sites\/7\/2024\/02\/P453.805__S_0__2ffbb1d6ac18460d9c4001640070f3ef.jpg\",\"width\":1024,\"height\":1024},{\"@type\":\"BreadcrumbList\",\"@id\":\"https:\/\/ukiyo-home.com\/es\/toalla-manta-hisako-aware-100x180-azul-marino\/#breadcrumb\",\"itemListElement\":[{\"@type\":\"ListItem\",\"position\":1,\"name\":\"Home\",\"item\":\"https:\/\/ukiyo-home.com\/es\/\"},{\"@type\":\"ListItem\",\"position\":2,\"name\":\"Colecci\u00f3n\",\"item\":\"https:\/\/ukiyo-home.com\/es\/coleccion-es\/\"},{\"@type\":\"ListItem\",\"position\":3,\"name\":\"Toalla\/manta Hisako AWARE \u2122 100&#215;180, azul marino\"}]},{\"@type\":\"WebSite\",\"@id\":\"https:\/\/ukiyo-home.com\/es\/#website\",\"url\":\"https:\/\/ukiyo-home.com\/es\/\",\"name\":\"Ukiyo Home\",\"description\":\"Just another Swiss Peak Sites site\",\"potentialAction\":[{\"@type\":\"SearchAction\",\"target\":{\"@type\":\"EntryPoint\",\"urlTemplate\":\"https:\/\/ukiyo-home.com\/es\/?s={search_term_string}\"},\"query-input\":{\"@type\":\"PropertyValueSpecification\",\"valueRequired\":true,\"valueName\":\"search_term_string\"}}],\"inLanguage\":\"es\"}]}<\/script>\n<!-- \/ Yoast SEO plugin. -->","yoast_head_json":{"title":"Toalla\/manta Hisako AWARE \u2122 100x180, azul marino - Ukiyo Home","robots":{"index":"index","follow":"follow","max-snippet":"max-snippet:-1","max-image-preview":"max-image-preview:large","max-video-preview":"max-video-preview:-1"},"canonical":"https:\/\/ukiyo-home.com\/es\/toalla-manta-hisako-aware-100x180-azul-marino\/","og_locale":"es_ES","og_type":"article","og_title":"Toalla\/manta Hisako AWARE \u2122 100x180, azul marino - Ukiyo Home","og_description":"Nuestra toalla m\u00e1s lujosa y vers\u00e1til. El compa\u00f1ero de viaje perfecto en cualquier circunstancia. La toalla contiene un 22% de algod\u00f3n reciclado que es s\u00faper suave y sedoso al tacto. Con trazador AWARE \u2122 que valida el uso genuino de algod\u00f3n reciclado. Puedes usarla para casi cualquier cosa, como la playa, viajes, sauna, piscina, camping, [&hellip;]","og_url":"https:\/\/ukiyo-home.com\/es\/toalla-manta-hisako-aware-100x180-azul-marino\/","og_site_name":"Ukiyo Home","article_modified_time":"2026-03-20T02:02:29+00:00","og_image":[{"width":1024,"height":1024,"url":"https:\/\/ukiyo-home.com\/wp-content\/uploads\/sites\/7\/2024\/02\/P453.805__S_0__2ffbb1d6ac18460d9c4001640070f3ef.jpg","type":"image\/jpeg"}],"twitter_card":"summary_large_image","twitter_misc":{"Tiempo de lectura":"1 minuto"},"schema":{"@context":"https:\/\/schema.org","@graph":[{"@type":"WebPage","@id":"https:\/\/ukiyo-home.com\/es\/toalla-manta-hisako-aware-100x180-azul-marino\/","url":"https:\/\/ukiyo-home.com\/es\/toalla-manta-hisako-aware-100x180-azul-marino\/","name":"Toalla\/manta Hisako AWARE \u2122 100x180, azul marino - Ukiyo Home","isPartOf":{"@id":"https:\/\/ukiyo-home.com\/es\/#website"},"primaryImageOfPage":{"@id":"https:\/\/ukiyo-home.com\/es\/toalla-manta-hisako-aware-100x180-azul-marino\/#primaryimage"},"image":{"@id":"https:\/\/ukiyo-home.com\/es\/toalla-manta-hisako-aware-100x180-azul-marino\/#primaryimage"},"thumbnailUrl":"https:\/\/ukiyo-home.com\/wp-content\/uploads\/sites\/7\/2024\/02\/P453.805__S_0__2ffbb1d6ac18460d9c4001640070f3ef.jpg","datePublished":"2023-02-27T15:01:52+00:00","dateModified":"2026-03-20T02:02:29+00:00","breadcrumb":{"@id":"https:\/\/ukiyo-home.com\/es\/toalla-manta-hisako-aware-100x180-azul-marino\/#breadcrumb"},"inLanguage":"es","potentialAction":[{"@type":"ReadAction","target":["https:\/\/ukiyo-home.com\/es\/toalla-manta-hisako-aware-100x180-azul-marino\/"]}]},{"@type":"ImageObject","inLanguage":"es","@id":"https:\/\/ukiyo-home.com\/es\/toalla-manta-hisako-aware-100x180-azul-marino\/#primaryimage","url":"https:\/\/ukiyo-home.com\/wp-content\/uploads\/sites\/7\/2024\/02\/P453.805__S_0__2ffbb1d6ac18460d9c4001640070f3ef.jpg","contentUrl":"https:\/\/ukiyo-home.com\/wp-content\/uploads\/sites\/7\/2024\/02\/P453.805__S_0__2ffbb1d6ac18460d9c4001640070f3ef.jpg","width":1024,"height":1024},{"@type":"BreadcrumbList","@id":"https:\/\/ukiyo-home.com\/es\/toalla-manta-hisako-aware-100x180-azul-marino\/#breadcrumb","itemListElement":[{"@type":"ListItem","position":1,"name":"Home","item":"https:\/\/ukiyo-home.com\/es\/"},{"@type":"ListItem","position":2,"name":"Colecci\u00f3n","item":"https:\/\/ukiyo-home.com\/es\/coleccion-es\/"},{"@type":"ListItem","position":3,"name":"Toalla\/manta Hisako AWARE \u2122 100&#215;180, azul marino"}]},{"@type":"WebSite","@id":"https:\/\/ukiyo-home.com\/es\/#website","url":"https:\/\/ukiyo-home.com\/es\/","name":"Ukiyo Home","description":"Just another Swiss Peak Sites site","potentialAction":[{"@type":"SearchAction","target":{"@type":"EntryPoint","urlTemplate":"https:\/\/ukiyo-home.com\/es\/?s={search_term_string}"},"query-input":{"@type":"PropertyValueSpecification","valueRequired":true,"valueName":"search_term_string"}}],"inLanguage":"es"}]}},"_links":{"self":[{"href":"https:\/\/ukiyo-home.com\/es\/wp-json\/wp\/v2\/product\/3871","targetHints":{"allow":["GET"]}}],"collection":[{"href":"https:\/\/ukiyo-home.com\/es\/wp-json\/wp\/v2\/product"}],"about":[{"href":"https:\/\/ukiyo-home.com\/es\/wp-json\/wp\/v2\/types\/product"}],"replies":[{"embeddable":true,"href":"https:\/\/ukiyo-home.com\/es\/wp-json\/wp\/v2\/comments?post=3871"}],"wp:featuredmedia":[{"embeddable":true,"href":"https:\/\/ukiyo-home.com\/es\/wp-json\/wp\/v2\/media\/11345"}],"wp:attachment":[{"href":"https:\/\/ukiyo-home.com\/es\/wp-json\/wp\/v2\/media?parent=3871"}],"wp:term":[{"taxonomy":"product_cat","embeddable":true,"href":"https:\/\/ukiyo-home.com\/es\/wp-json\/wp\/v2\/product_cat?post=3871"},{"taxonomy":"product_tag","embeddable":true,"href":"https:\/\/ukiyo-home.com\/es\/wp-json\/wp\/v2\/product_tag?post=3871"}],"curies":[{"name":"wp","href":"https:\/\/api.w.org\/{rel}","templated":true}]}}