{"id":3867,"date":"2023-02-27T14:59:11","date_gmt":"2023-02-27T14:59:11","guid":{"rendered":"https:\/\/xdsomename.tempurl.host\/ukiyo-website\/product\/toalla-yumiko-aware-100x180cm-verde\/"},"modified":"2026-03-20T02:02:23","modified_gmt":"2026-03-20T02:02:23","slug":"toalla-yumiko-aware-100x180cm-verde","status":"publish","type":"product","link":"https:\/\/ukiyo-home.com\/es\/toalla-yumiko-aware-100x180cm-verde\/","title":{"rendered":"Toalla Yumiko AWARE \u2122 100x180cm, verde"},"content":{"rendered":"<p>Esta toalla liviana, altamente absorbente, resistente a la arena y de secado r\u00e1pido es una de las mejores toallas sostenibles que existen. Las toallas de hammam son multifuncionales: tambi\u00e9n puedes usarlas en picnics, manta de beb\u00e9 o como toalla de yoga, playa y gimnasio. Incluso como mantel. Lo mejor de todo es que el material fino la hace ultraport\u00e1til y f\u00e1cil de llevar en tu bolsa de playa, maleta o sobre tu hombro. La toalla contiene 12% de algod\u00f3n reciclado que es s\u00faper suave y sedoso al tacto. Con trazador AWARE \u2122 que valida el uso genuino de algod\u00f3n reciclado. Cada toalla ahorra 597,8 litros de agua. El 2% de las ganancias de cada producto de Impact vendido se donar\u00e1 a Water.org. Fabricada en Portugal.<\/p>\n","protected":false},"excerpt":{"rendered":"<p>Esta toalla liviana, altamente absorbente, resistente a la arena y de secado r\u00e1pido es una de las mejores toallas sostenibles que existen. Las toallas de hammam son multifuncionales: tambi\u00e9n puedes usarlas en picnics, manta de beb\u00e9 o como toalla de yoga, playa y gimnasio. Incluso como mantel. Lo mejor de todo es que el material [&hellip;]<\/p>\n","protected":false},"featured_media":11002,"comment_status":"closed","ping_status":"closed","template":"","meta":{"_acf_changed":false},"product_cat":[76],"product_tag":[],"class_list":["post-3867","product","type-product","status-publish","has-post-thumbnail","hentry","product_cat-textiles-es","pa_color-green"],"acf":[],"yoast_head":"<!-- This site is optimized with the Yoast SEO plugin v27.0 - https:\/\/yoast.com\/product\/yoast-seo-wordpress\/ -->\n<title>Toalla Yumiko AWARE \u2122 100x180cm, verde - Ukiyo Home<\/title>\n<meta name=\"robots\" content=\"index, follow, max-snippet:-1, max-image-preview:large, max-video-preview:-1\" \/>\n<link rel=\"canonical\" href=\"https:\/\/ukiyo-home.com\/es\/toalla-yumiko-aware-100x180cm-verde\/\" \/>\n<meta property=\"og:locale\" content=\"es_ES\" \/>\n<meta property=\"og:type\" content=\"article\" \/>\n<meta property=\"og:title\" content=\"Toalla Yumiko AWARE \u2122 100x180cm, verde - Ukiyo Home\" \/>\n<meta property=\"og:description\" content=\"Esta toalla liviana, altamente absorbente, resistente a la arena y de secado r\u00e1pido es una de las mejores toallas sostenibles que existen. Las toallas de hammam son multifuncionales: tambi\u00e9n puedes usarlas en picnics, manta de beb\u00e9 o como toalla de yoga, playa y gimnasio. Incluso como mantel. Lo mejor de todo es que el material [&hellip;]\" \/>\n<meta property=\"og:url\" content=\"https:\/\/ukiyo-home.com\/es\/toalla-yumiko-aware-100x180cm-verde\/\" \/>\n<meta property=\"og:site_name\" content=\"Ukiyo Home\" \/>\n<meta property=\"article:modified_time\" content=\"2026-03-20T02:02:23+00:00\" \/>\n<meta property=\"og:image\" content=\"https:\/\/ukiyo-home.com\/wp-content\/uploads\/sites\/7\/2024\/02\/P453.797__S_0__f4b92e34ddd14c0bb77b52fa9d21332f.jpg\" \/>\n\t<meta property=\"og:image:width\" content=\"1024\" \/>\n\t<meta property=\"og:image:height\" content=\"1024\" \/>\n\t<meta property=\"og:image:type\" content=\"image\/jpeg\" \/>\n<meta name=\"twitter:card\" content=\"summary_large_image\" \/>\n<meta name=\"twitter:label1\" content=\"Tiempo de lectura\" \/>\n\t<meta name=\"twitter:data1\" content=\"1 minuto\" \/>\n<script type=\"application\/ld+json\" class=\"yoast-schema-graph\">{\"@context\":\"https:\/\/schema.org\",\"@graph\":[{\"@type\":\"WebPage\",\"@id\":\"https:\/\/ukiyo-home.com\/es\/toalla-yumiko-aware-100x180cm-verde\/\",\"url\":\"https:\/\/ukiyo-home.com\/es\/toalla-yumiko-aware-100x180cm-verde\/\",\"name\":\"Toalla Yumiko AWARE \u2122 100x180cm, verde - Ukiyo Home\",\"isPartOf\":{\"@id\":\"https:\/\/ukiyo-home.com\/es\/#website\"},\"primaryImageOfPage\":{\"@id\":\"https:\/\/ukiyo-home.com\/es\/toalla-yumiko-aware-100x180cm-verde\/#primaryimage\"},\"image\":{\"@id\":\"https:\/\/ukiyo-home.com\/es\/toalla-yumiko-aware-100x180cm-verde\/#primaryimage\"},\"thumbnailUrl\":\"https:\/\/ukiyo-home.com\/wp-content\/uploads\/sites\/7\/2024\/02\/P453.797__S_0__f4b92e34ddd14c0bb77b52fa9d21332f.jpg\",\"datePublished\":\"2023-02-27T14:59:11+00:00\",\"dateModified\":\"2026-03-20T02:02:23+00:00\",\"breadcrumb\":{\"@id\":\"https:\/\/ukiyo-home.com\/es\/toalla-yumiko-aware-100x180cm-verde\/#breadcrumb\"},\"inLanguage\":\"es\",\"potentialAction\":[{\"@type\":\"ReadAction\",\"target\":[\"https:\/\/ukiyo-home.com\/es\/toalla-yumiko-aware-100x180cm-verde\/\"]}]},{\"@type\":\"ImageObject\",\"inLanguage\":\"es\",\"@id\":\"https:\/\/ukiyo-home.com\/es\/toalla-yumiko-aware-100x180cm-verde\/#primaryimage\",\"url\":\"https:\/\/ukiyo-home.com\/wp-content\/uploads\/sites\/7\/2024\/02\/P453.797__S_0__f4b92e34ddd14c0bb77b52fa9d21332f.jpg\",\"contentUrl\":\"https:\/\/ukiyo-home.com\/wp-content\/uploads\/sites\/7\/2024\/02\/P453.797__S_0__f4b92e34ddd14c0bb77b52fa9d21332f.jpg\",\"width\":1024,\"height\":1024},{\"@type\":\"BreadcrumbList\",\"@id\":\"https:\/\/ukiyo-home.com\/es\/toalla-yumiko-aware-100x180cm-verde\/#breadcrumb\",\"itemListElement\":[{\"@type\":\"ListItem\",\"position\":1,\"name\":\"Home\",\"item\":\"https:\/\/ukiyo-home.com\/es\/\"},{\"@type\":\"ListItem\",\"position\":2,\"name\":\"Colecci\u00f3n\",\"item\":\"https:\/\/ukiyo-home.com\/es\/coleccion-es\/\"},{\"@type\":\"ListItem\",\"position\":3,\"name\":\"Toalla Yumiko AWARE \u2122 100x180cm, verde\"}]},{\"@type\":\"WebSite\",\"@id\":\"https:\/\/ukiyo-home.com\/es\/#website\",\"url\":\"https:\/\/ukiyo-home.com\/es\/\",\"name\":\"Ukiyo Home\",\"description\":\"Just another Swiss Peak Sites site\",\"potentialAction\":[{\"@type\":\"SearchAction\",\"target\":{\"@type\":\"EntryPoint\",\"urlTemplate\":\"https:\/\/ukiyo-home.com\/es\/?s={search_term_string}\"},\"query-input\":{\"@type\":\"PropertyValueSpecification\",\"valueRequired\":true,\"valueName\":\"search_term_string\"}}],\"inLanguage\":\"es\"}]}<\/script>\n<!-- \/ Yoast SEO plugin. -->","yoast_head_json":{"title":"Toalla Yumiko AWARE \u2122 100x180cm, verde - Ukiyo Home","robots":{"index":"index","follow":"follow","max-snippet":"max-snippet:-1","max-image-preview":"max-image-preview:large","max-video-preview":"max-video-preview:-1"},"canonical":"https:\/\/ukiyo-home.com\/es\/toalla-yumiko-aware-100x180cm-verde\/","og_locale":"es_ES","og_type":"article","og_title":"Toalla Yumiko AWARE \u2122 100x180cm, verde - Ukiyo Home","og_description":"Esta toalla liviana, altamente absorbente, resistente a la arena y de secado r\u00e1pido es una de las mejores toallas sostenibles que existen. Las toallas de hammam son multifuncionales: tambi\u00e9n puedes usarlas en picnics, manta de beb\u00e9 o como toalla de yoga, playa y gimnasio. Incluso como mantel. Lo mejor de todo es que el material [&hellip;]","og_url":"https:\/\/ukiyo-home.com\/es\/toalla-yumiko-aware-100x180cm-verde\/","og_site_name":"Ukiyo Home","article_modified_time":"2026-03-20T02:02:23+00:00","og_image":[{"width":1024,"height":1024,"url":"https:\/\/ukiyo-home.com\/wp-content\/uploads\/sites\/7\/2024\/02\/P453.797__S_0__f4b92e34ddd14c0bb77b52fa9d21332f.jpg","type":"image\/jpeg"}],"twitter_card":"summary_large_image","twitter_misc":{"Tiempo de lectura":"1 minuto"},"schema":{"@context":"https:\/\/schema.org","@graph":[{"@type":"WebPage","@id":"https:\/\/ukiyo-home.com\/es\/toalla-yumiko-aware-100x180cm-verde\/","url":"https:\/\/ukiyo-home.com\/es\/toalla-yumiko-aware-100x180cm-verde\/","name":"Toalla Yumiko AWARE \u2122 100x180cm, verde - Ukiyo Home","isPartOf":{"@id":"https:\/\/ukiyo-home.com\/es\/#website"},"primaryImageOfPage":{"@id":"https:\/\/ukiyo-home.com\/es\/toalla-yumiko-aware-100x180cm-verde\/#primaryimage"},"image":{"@id":"https:\/\/ukiyo-home.com\/es\/toalla-yumiko-aware-100x180cm-verde\/#primaryimage"},"thumbnailUrl":"https:\/\/ukiyo-home.com\/wp-content\/uploads\/sites\/7\/2024\/02\/P453.797__S_0__f4b92e34ddd14c0bb77b52fa9d21332f.jpg","datePublished":"2023-02-27T14:59:11+00:00","dateModified":"2026-03-20T02:02:23+00:00","breadcrumb":{"@id":"https:\/\/ukiyo-home.com\/es\/toalla-yumiko-aware-100x180cm-verde\/#breadcrumb"},"inLanguage":"es","potentialAction":[{"@type":"ReadAction","target":["https:\/\/ukiyo-home.com\/es\/toalla-yumiko-aware-100x180cm-verde\/"]}]},{"@type":"ImageObject","inLanguage":"es","@id":"https:\/\/ukiyo-home.com\/es\/toalla-yumiko-aware-100x180cm-verde\/#primaryimage","url":"https:\/\/ukiyo-home.com\/wp-content\/uploads\/sites\/7\/2024\/02\/P453.797__S_0__f4b92e34ddd14c0bb77b52fa9d21332f.jpg","contentUrl":"https:\/\/ukiyo-home.com\/wp-content\/uploads\/sites\/7\/2024\/02\/P453.797__S_0__f4b92e34ddd14c0bb77b52fa9d21332f.jpg","width":1024,"height":1024},{"@type":"BreadcrumbList","@id":"https:\/\/ukiyo-home.com\/es\/toalla-yumiko-aware-100x180cm-verde\/#breadcrumb","itemListElement":[{"@type":"ListItem","position":1,"name":"Home","item":"https:\/\/ukiyo-home.com\/es\/"},{"@type":"ListItem","position":2,"name":"Colecci\u00f3n","item":"https:\/\/ukiyo-home.com\/es\/coleccion-es\/"},{"@type":"ListItem","position":3,"name":"Toalla Yumiko AWARE \u2122 100x180cm, verde"}]},{"@type":"WebSite","@id":"https:\/\/ukiyo-home.com\/es\/#website","url":"https:\/\/ukiyo-home.com\/es\/","name":"Ukiyo Home","description":"Just another Swiss Peak Sites site","potentialAction":[{"@type":"SearchAction","target":{"@type":"EntryPoint","urlTemplate":"https:\/\/ukiyo-home.com\/es\/?s={search_term_string}"},"query-input":{"@type":"PropertyValueSpecification","valueRequired":true,"valueName":"search_term_string"}}],"inLanguage":"es"}]}},"_links":{"self":[{"href":"https:\/\/ukiyo-home.com\/es\/wp-json\/wp\/v2\/product\/3867","targetHints":{"allow":["GET"]}}],"collection":[{"href":"https:\/\/ukiyo-home.com\/es\/wp-json\/wp\/v2\/product"}],"about":[{"href":"https:\/\/ukiyo-home.com\/es\/wp-json\/wp\/v2\/types\/product"}],"replies":[{"embeddable":true,"href":"https:\/\/ukiyo-home.com\/es\/wp-json\/wp\/v2\/comments?post=3867"}],"wp:featuredmedia":[{"embeddable":true,"href":"https:\/\/ukiyo-home.com\/es\/wp-json\/wp\/v2\/media\/11002"}],"wp:attachment":[{"href":"https:\/\/ukiyo-home.com\/es\/wp-json\/wp\/v2\/media?parent=3867"}],"wp:term":[{"taxonomy":"product_cat","embeddable":true,"href":"https:\/\/ukiyo-home.com\/es\/wp-json\/wp\/v2\/product_cat?post=3867"},{"taxonomy":"product_tag","embeddable":true,"href":"https:\/\/ukiyo-home.com\/es\/wp-json\/wp\/v2\/product_tag?post=3867"}],"curies":[{"name":"wp","href":"https:\/\/api.w.org\/{rel}","templated":true}]}}