{"id":3844,"date":"2023-02-27T14:52:17","date_gmt":"2023-02-27T14:52:17","guid":{"rendered":"https:\/\/xdsomename.tempurl.host\/ukiyo-website\/product\/set-regalo-blanco\/"},"modified":"2026-03-12T02:04:30","modified_gmt":"2026-03-12T02:04:30","slug":"set-regalo-blanco","status":"publish","type":"product","link":"https:\/\/ukiyo-home.com\/es\/set-regalo-blanco\/","title":{"rendered":"Set regalo, blanco"},"content":{"rendered":"<p>Si\u00e9ntate relajado, recargado y renovado con el set de regalo de velas de cera de soja y barras de fragancia Ukiyo. Al combinar las barritas arom\u00e1ticas de jazm\u00edn y la vela perfumada de jazm\u00edn, crear\u00e1s una atm\u00f3sfera incre\u00edble que te dejar\u00e1 sinti\u00e9ndote revitalizado. 10 horas de funcionamiento, peso neto 55gr. Viene en una caja de regalo kraft.<\/p>\n","protected":false},"excerpt":{"rendered":"<p>Si\u00e9ntate relajado, recargado y renovado con el set de regalo de velas de cera de soja y barras de fragancia Ukiyo. Al combinar las barritas arom\u00e1ticas de jazm\u00edn y la vela perfumada de jazm\u00edn, crear\u00e1s una atm\u00f3sfera incre\u00edble que te dejar\u00e1 sinti\u00e9ndote revitalizado. 10 horas de funcionamiento, peso neto 55gr. Viene en una caja de [&hellip;]<\/p>\n","protected":false},"featured_media":8776,"comment_status":"closed","ping_status":"closed","template":"","meta":{"_acf_changed":false},"product_cat":[57],"product_tag":[],"class_list":["post-3844","product","type-product","status-publish","has-post-thumbnail","hentry","product_cat-decoracion-es","pa_color-white"],"acf":[],"yoast_head":"<!-- This site is optimized with the Yoast SEO plugin v27.0 - https:\/\/yoast.com\/product\/yoast-seo-wordpress\/ -->\n<title>Set regalo, blanco - Ukiyo Home<\/title>\n<meta name=\"robots\" content=\"index, follow, max-snippet:-1, max-image-preview:large, max-video-preview:-1\" \/>\n<link rel=\"canonical\" href=\"https:\/\/ukiyo-home.com\/es\/set-regalo-blanco\/\" \/>\n<meta property=\"og:locale\" content=\"es_ES\" \/>\n<meta property=\"og:type\" content=\"article\" \/>\n<meta property=\"og:title\" content=\"Set regalo, blanco - Ukiyo Home\" \/>\n<meta property=\"og:description\" content=\"Si\u00e9ntate relajado, recargado y renovado con el set de regalo de velas de cera de soja y barras de fragancia Ukiyo. Al combinar las barritas arom\u00e1ticas de jazm\u00edn y la vela perfumada de jazm\u00edn, crear\u00e1s una atm\u00f3sfera incre\u00edble que te dejar\u00e1 sinti\u00e9ndote revitalizado. 10 horas de funcionamiento, peso neto 55gr. Viene en una caja de [&hellip;]\" \/>\n<meta property=\"og:url\" content=\"https:\/\/ukiyo-home.com\/es\/set-regalo-blanco\/\" \/>\n<meta property=\"og:site_name\" content=\"Ukiyo Home\" \/>\n<meta property=\"article:modified_time\" content=\"2026-03-12T02:04:30+00:00\" \/>\n<meta property=\"og:image\" content=\"https:\/\/ukiyo-home.com\/wp-content\/uploads\/sites\/7\/2024\/02\/P262.973__S_0__f479125231064593bdf7eb2fff27fda3.jpg\" \/>\n\t<meta property=\"og:image:width\" content=\"1024\" \/>\n\t<meta property=\"og:image:height\" content=\"1024\" \/>\n\t<meta property=\"og:image:type\" content=\"image\/jpeg\" \/>\n<meta name=\"twitter:card\" content=\"summary_large_image\" \/>\n<script type=\"application\/ld+json\" class=\"yoast-schema-graph\">{\"@context\":\"https:\/\/schema.org\",\"@graph\":[{\"@type\":\"WebPage\",\"@id\":\"https:\/\/ukiyo-home.com\/es\/set-regalo-blanco\/\",\"url\":\"https:\/\/ukiyo-home.com\/es\/set-regalo-blanco\/\",\"name\":\"Set regalo, blanco - Ukiyo Home\",\"isPartOf\":{\"@id\":\"https:\/\/ukiyo-home.com\/es\/#website\"},\"primaryImageOfPage\":{\"@id\":\"https:\/\/ukiyo-home.com\/es\/set-regalo-blanco\/#primaryimage\"},\"image\":{\"@id\":\"https:\/\/ukiyo-home.com\/es\/set-regalo-blanco\/#primaryimage\"},\"thumbnailUrl\":\"https:\/\/ukiyo-home.com\/wp-content\/uploads\/sites\/7\/2024\/02\/P262.973__S_0__f479125231064593bdf7eb2fff27fda3.jpg\",\"datePublished\":\"2023-02-27T14:52:17+00:00\",\"dateModified\":\"2026-03-12T02:04:30+00:00\",\"breadcrumb\":{\"@id\":\"https:\/\/ukiyo-home.com\/es\/set-regalo-blanco\/#breadcrumb\"},\"inLanguage\":\"es\",\"potentialAction\":[{\"@type\":\"ReadAction\",\"target\":[\"https:\/\/ukiyo-home.com\/es\/set-regalo-blanco\/\"]}]},{\"@type\":\"ImageObject\",\"inLanguage\":\"es\",\"@id\":\"https:\/\/ukiyo-home.com\/es\/set-regalo-blanco\/#primaryimage\",\"url\":\"https:\/\/ukiyo-home.com\/wp-content\/uploads\/sites\/7\/2024\/02\/P262.973__S_0__f479125231064593bdf7eb2fff27fda3.jpg\",\"contentUrl\":\"https:\/\/ukiyo-home.com\/wp-content\/uploads\/sites\/7\/2024\/02\/P262.973__S_0__f479125231064593bdf7eb2fff27fda3.jpg\",\"width\":1024,\"height\":1024},{\"@type\":\"BreadcrumbList\",\"@id\":\"https:\/\/ukiyo-home.com\/es\/set-regalo-blanco\/#breadcrumb\",\"itemListElement\":[{\"@type\":\"ListItem\",\"position\":1,\"name\":\"Home\",\"item\":\"https:\/\/ukiyo-home.com\/es\/\"},{\"@type\":\"ListItem\",\"position\":2,\"name\":\"Colecci\u00f3n\",\"item\":\"https:\/\/ukiyo-home.com\/es\/coleccion-es\/\"},{\"@type\":\"ListItem\",\"position\":3,\"name\":\"Set regalo, blanco\"}]},{\"@type\":\"WebSite\",\"@id\":\"https:\/\/ukiyo-home.com\/es\/#website\",\"url\":\"https:\/\/ukiyo-home.com\/es\/\",\"name\":\"Ukiyo Home\",\"description\":\"Just another Swiss Peak Sites site\",\"potentialAction\":[{\"@type\":\"SearchAction\",\"target\":{\"@type\":\"EntryPoint\",\"urlTemplate\":\"https:\/\/ukiyo-home.com\/es\/?s={search_term_string}\"},\"query-input\":{\"@type\":\"PropertyValueSpecification\",\"valueRequired\":true,\"valueName\":\"search_term_string\"}}],\"inLanguage\":\"es\"}]}<\/script>\n<!-- \/ Yoast SEO plugin. -->","yoast_head_json":{"title":"Set regalo, blanco - Ukiyo Home","robots":{"index":"index","follow":"follow","max-snippet":"max-snippet:-1","max-image-preview":"max-image-preview:large","max-video-preview":"max-video-preview:-1"},"canonical":"https:\/\/ukiyo-home.com\/es\/set-regalo-blanco\/","og_locale":"es_ES","og_type":"article","og_title":"Set regalo, blanco - Ukiyo Home","og_description":"Si\u00e9ntate relajado, recargado y renovado con el set de regalo de velas de cera de soja y barras de fragancia Ukiyo. Al combinar las barritas arom\u00e1ticas de jazm\u00edn y la vela perfumada de jazm\u00edn, crear\u00e1s una atm\u00f3sfera incre\u00edble que te dejar\u00e1 sinti\u00e9ndote revitalizado. 10 horas de funcionamiento, peso neto 55gr. Viene en una caja de [&hellip;]","og_url":"https:\/\/ukiyo-home.com\/es\/set-regalo-blanco\/","og_site_name":"Ukiyo Home","article_modified_time":"2026-03-12T02:04:30+00:00","og_image":[{"width":1024,"height":1024,"url":"https:\/\/ukiyo-home.com\/wp-content\/uploads\/sites\/7\/2024\/02\/P262.973__S_0__f479125231064593bdf7eb2fff27fda3.jpg","type":"image\/jpeg"}],"twitter_card":"summary_large_image","schema":{"@context":"https:\/\/schema.org","@graph":[{"@type":"WebPage","@id":"https:\/\/ukiyo-home.com\/es\/set-regalo-blanco\/","url":"https:\/\/ukiyo-home.com\/es\/set-regalo-blanco\/","name":"Set regalo, blanco - Ukiyo Home","isPartOf":{"@id":"https:\/\/ukiyo-home.com\/es\/#website"},"primaryImageOfPage":{"@id":"https:\/\/ukiyo-home.com\/es\/set-regalo-blanco\/#primaryimage"},"image":{"@id":"https:\/\/ukiyo-home.com\/es\/set-regalo-blanco\/#primaryimage"},"thumbnailUrl":"https:\/\/ukiyo-home.com\/wp-content\/uploads\/sites\/7\/2024\/02\/P262.973__S_0__f479125231064593bdf7eb2fff27fda3.jpg","datePublished":"2023-02-27T14:52:17+00:00","dateModified":"2026-03-12T02:04:30+00:00","breadcrumb":{"@id":"https:\/\/ukiyo-home.com\/es\/set-regalo-blanco\/#breadcrumb"},"inLanguage":"es","potentialAction":[{"@type":"ReadAction","target":["https:\/\/ukiyo-home.com\/es\/set-regalo-blanco\/"]}]},{"@type":"ImageObject","inLanguage":"es","@id":"https:\/\/ukiyo-home.com\/es\/set-regalo-blanco\/#primaryimage","url":"https:\/\/ukiyo-home.com\/wp-content\/uploads\/sites\/7\/2024\/02\/P262.973__S_0__f479125231064593bdf7eb2fff27fda3.jpg","contentUrl":"https:\/\/ukiyo-home.com\/wp-content\/uploads\/sites\/7\/2024\/02\/P262.973__S_0__f479125231064593bdf7eb2fff27fda3.jpg","width":1024,"height":1024},{"@type":"BreadcrumbList","@id":"https:\/\/ukiyo-home.com\/es\/set-regalo-blanco\/#breadcrumb","itemListElement":[{"@type":"ListItem","position":1,"name":"Home","item":"https:\/\/ukiyo-home.com\/es\/"},{"@type":"ListItem","position":2,"name":"Colecci\u00f3n","item":"https:\/\/ukiyo-home.com\/es\/coleccion-es\/"},{"@type":"ListItem","position":3,"name":"Set regalo, blanco"}]},{"@type":"WebSite","@id":"https:\/\/ukiyo-home.com\/es\/#website","url":"https:\/\/ukiyo-home.com\/es\/","name":"Ukiyo Home","description":"Just another Swiss Peak Sites site","potentialAction":[{"@type":"SearchAction","target":{"@type":"EntryPoint","urlTemplate":"https:\/\/ukiyo-home.com\/es\/?s={search_term_string}"},"query-input":{"@type":"PropertyValueSpecification","valueRequired":true,"valueName":"search_term_string"}}],"inLanguage":"es"}]}},"_links":{"self":[{"href":"https:\/\/ukiyo-home.com\/es\/wp-json\/wp\/v2\/product\/3844","targetHints":{"allow":["GET"]}}],"collection":[{"href":"https:\/\/ukiyo-home.com\/es\/wp-json\/wp\/v2\/product"}],"about":[{"href":"https:\/\/ukiyo-home.com\/es\/wp-json\/wp\/v2\/types\/product"}],"replies":[{"embeddable":true,"href":"https:\/\/ukiyo-home.com\/es\/wp-json\/wp\/v2\/comments?post=3844"}],"wp:featuredmedia":[{"embeddable":true,"href":"https:\/\/ukiyo-home.com\/es\/wp-json\/wp\/v2\/media\/8776"}],"wp:attachment":[{"href":"https:\/\/ukiyo-home.com\/es\/wp-json\/wp\/v2\/media?parent=3844"}],"wp:term":[{"taxonomy":"product_cat","embeddable":true,"href":"https:\/\/ukiyo-home.com\/es\/wp-json\/wp\/v2\/product_cat?post=3844"},{"taxonomy":"product_tag","embeddable":true,"href":"https:\/\/ukiyo-home.com\/es\/wp-json\/wp\/v2\/product_tag?post=3844"}],"curies":[{"name":"wp","href":"https:\/\/api.w.org\/{rel}","templated":true}]}}