{"id":3836,"date":"2023-02-27T14:49:46","date_gmt":"2023-02-27T14:49:46","guid":{"rendered":"https:\/\/xdsomename.tempurl.host\/ukiyo-website\/product\/set-de-molinillo-de-sal-y-pimienta-de-bambu-marron\/"},"modified":"2026-03-12T02:04:19","modified_gmt":"2026-03-12T02:04:19","slug":"set-molinillo-sal-y-pimienta-bambu-marron","status":"publish","type":"product","link":"https:\/\/ukiyo-home.com\/es\/set-molinillo-sal-y-pimienta-bambu-marron\/","title":{"rendered":"Set molinillo sal y pimienta bamb\u00fa, marron"},"content":{"rendered":"<p>Este juego de sal y pimienta Ukiyo re\u00fane estilo y funcionalidad en un solo dise\u00f1o en tu mesa. El interior consiste en un molinillo de cer\u00e1mica, para que puedas moler sal y pimienta sin ning\u00fan problema. El set de molinillo de sal y pimienta est\u00e1 hecho de bamb\u00fa, lo que le da un hermoso aspecto natural pero elegante. Adem\u00e1s, los molinos tienen una &#8216;P&#8217; y una &#8216;S&#8217; grabadas que le dan al conjunto un toque extra. Ambos molinillos tienen una gran capacidad de 110 ml, por lo que no es necesario rellenar los sets con tanta frecuencia. Presentado en caja de regalo kraft.<\/p>\n","protected":false},"excerpt":{"rendered":"<p>Este juego de sal y pimienta Ukiyo re\u00fane estilo y funcionalidad en un solo dise\u00f1o en tu mesa. El interior consiste en un molinillo de cer\u00e1mica, para que puedas moler sal y pimienta sin ning\u00fan problema. El set de molinillo de sal y pimienta est\u00e1 hecho de bamb\u00fa, lo que le da un hermoso aspecto [&hellip;]<\/p>\n","protected":false},"featured_media":8160,"comment_status":"closed","ping_status":"closed","template":"","meta":{"_acf_changed":false},"product_cat":[75],"product_tag":[],"class_list":["post-3836","product","type-product","status-publish","has-post-thumbnail","hentry","product_cat-cocina-es","pa_color-brown"],"acf":[],"yoast_head":"<!-- This site is optimized with the Yoast SEO plugin v27.0 - https:\/\/yoast.com\/product\/yoast-seo-wordpress\/ -->\n<title>Set molinillo sal y pimienta bamb\u00fa, marron - Ukiyo Home<\/title>\n<meta name=\"robots\" content=\"index, follow, max-snippet:-1, max-image-preview:large, max-video-preview:-1\" \/>\n<link rel=\"canonical\" href=\"https:\/\/ukiyo-home.com\/es\/set-molinillo-sal-y-pimienta-bambu-marron\/\" \/>\n<meta property=\"og:locale\" content=\"es_ES\" \/>\n<meta property=\"og:type\" content=\"article\" \/>\n<meta property=\"og:title\" content=\"Set molinillo sal y pimienta bamb\u00fa, marron - Ukiyo Home\" \/>\n<meta property=\"og:description\" content=\"Este juego de sal y pimienta Ukiyo re\u00fane estilo y funcionalidad en un solo dise\u00f1o en tu mesa. El interior consiste en un molinillo de cer\u00e1mica, para que puedas moler sal y pimienta sin ning\u00fan problema. El set de molinillo de sal y pimienta est\u00e1 hecho de bamb\u00fa, lo que le da un hermoso aspecto [&hellip;]\" \/>\n<meta property=\"og:url\" content=\"https:\/\/ukiyo-home.com\/es\/set-molinillo-sal-y-pimienta-bambu-marron\/\" \/>\n<meta property=\"og:site_name\" content=\"Ukiyo Home\" \/>\n<meta property=\"article:modified_time\" content=\"2026-03-12T02:04:19+00:00\" \/>\n<meta property=\"og:image\" content=\"https:\/\/ukiyo-home.com\/wp-content\/uploads\/sites\/7\/2024\/02\/P262.319__S_0__9554512d27c240099a7ce2a057031286.jpg\" \/>\n\t<meta property=\"og:image:width\" content=\"1024\" \/>\n\t<meta property=\"og:image:height\" content=\"1024\" \/>\n\t<meta property=\"og:image:type\" content=\"image\/jpeg\" \/>\n<meta name=\"twitter:card\" content=\"summary_large_image\" \/>\n<meta name=\"twitter:label1\" content=\"Tiempo de lectura\" \/>\n\t<meta name=\"twitter:data1\" content=\"1 minuto\" \/>\n<script type=\"application\/ld+json\" class=\"yoast-schema-graph\">{\"@context\":\"https:\/\/schema.org\",\"@graph\":[{\"@type\":\"WebPage\",\"@id\":\"https:\/\/ukiyo-home.com\/es\/set-molinillo-sal-y-pimienta-bambu-marron\/\",\"url\":\"https:\/\/ukiyo-home.com\/es\/set-molinillo-sal-y-pimienta-bambu-marron\/\",\"name\":\"Set molinillo sal y pimienta bamb\u00fa, marron - Ukiyo Home\",\"isPartOf\":{\"@id\":\"https:\/\/ukiyo-home.com\/es\/#website\"},\"primaryImageOfPage\":{\"@id\":\"https:\/\/ukiyo-home.com\/es\/set-molinillo-sal-y-pimienta-bambu-marron\/#primaryimage\"},\"image\":{\"@id\":\"https:\/\/ukiyo-home.com\/es\/set-molinillo-sal-y-pimienta-bambu-marron\/#primaryimage\"},\"thumbnailUrl\":\"https:\/\/ukiyo-home.com\/wp-content\/uploads\/sites\/7\/2024\/02\/P262.319__S_0__9554512d27c240099a7ce2a057031286.jpg\",\"datePublished\":\"2023-02-27T14:49:46+00:00\",\"dateModified\":\"2026-03-12T02:04:19+00:00\",\"breadcrumb\":{\"@id\":\"https:\/\/ukiyo-home.com\/es\/set-molinillo-sal-y-pimienta-bambu-marron\/#breadcrumb\"},\"inLanguage\":\"es\",\"potentialAction\":[{\"@type\":\"ReadAction\",\"target\":[\"https:\/\/ukiyo-home.com\/es\/set-molinillo-sal-y-pimienta-bambu-marron\/\"]}]},{\"@type\":\"ImageObject\",\"inLanguage\":\"es\",\"@id\":\"https:\/\/ukiyo-home.com\/es\/set-molinillo-sal-y-pimienta-bambu-marron\/#primaryimage\",\"url\":\"https:\/\/ukiyo-home.com\/wp-content\/uploads\/sites\/7\/2024\/02\/P262.319__S_0__9554512d27c240099a7ce2a057031286.jpg\",\"contentUrl\":\"https:\/\/ukiyo-home.com\/wp-content\/uploads\/sites\/7\/2024\/02\/P262.319__S_0__9554512d27c240099a7ce2a057031286.jpg\",\"width\":1024,\"height\":1024},{\"@type\":\"BreadcrumbList\",\"@id\":\"https:\/\/ukiyo-home.com\/es\/set-molinillo-sal-y-pimienta-bambu-marron\/#breadcrumb\",\"itemListElement\":[{\"@type\":\"ListItem\",\"position\":1,\"name\":\"Home\",\"item\":\"https:\/\/ukiyo-home.com\/es\/\"},{\"@type\":\"ListItem\",\"position\":2,\"name\":\"Colecci\u00f3n\",\"item\":\"https:\/\/ukiyo-home.com\/es\/coleccion-es\/\"},{\"@type\":\"ListItem\",\"position\":3,\"name\":\"Set molinillo sal y pimienta bamb\u00fa, marron\"}]},{\"@type\":\"WebSite\",\"@id\":\"https:\/\/ukiyo-home.com\/es\/#website\",\"url\":\"https:\/\/ukiyo-home.com\/es\/\",\"name\":\"Ukiyo Home\",\"description\":\"Just another Swiss Peak Sites site\",\"potentialAction\":[{\"@type\":\"SearchAction\",\"target\":{\"@type\":\"EntryPoint\",\"urlTemplate\":\"https:\/\/ukiyo-home.com\/es\/?s={search_term_string}\"},\"query-input\":{\"@type\":\"PropertyValueSpecification\",\"valueRequired\":true,\"valueName\":\"search_term_string\"}}],\"inLanguage\":\"es\"}]}<\/script>\n<!-- \/ Yoast SEO plugin. -->","yoast_head_json":{"title":"Set molinillo sal y pimienta bamb\u00fa, marron - Ukiyo Home","robots":{"index":"index","follow":"follow","max-snippet":"max-snippet:-1","max-image-preview":"max-image-preview:large","max-video-preview":"max-video-preview:-1"},"canonical":"https:\/\/ukiyo-home.com\/es\/set-molinillo-sal-y-pimienta-bambu-marron\/","og_locale":"es_ES","og_type":"article","og_title":"Set molinillo sal y pimienta bamb\u00fa, marron - Ukiyo Home","og_description":"Este juego de sal y pimienta Ukiyo re\u00fane estilo y funcionalidad en un solo dise\u00f1o en tu mesa. El interior consiste en un molinillo de cer\u00e1mica, para que puedas moler sal y pimienta sin ning\u00fan problema. El set de molinillo de sal y pimienta est\u00e1 hecho de bamb\u00fa, lo que le da un hermoso aspecto [&hellip;]","og_url":"https:\/\/ukiyo-home.com\/es\/set-molinillo-sal-y-pimienta-bambu-marron\/","og_site_name":"Ukiyo Home","article_modified_time":"2026-03-12T02:04:19+00:00","og_image":[{"width":1024,"height":1024,"url":"https:\/\/ukiyo-home.com\/wp-content\/uploads\/sites\/7\/2024\/02\/P262.319__S_0__9554512d27c240099a7ce2a057031286.jpg","type":"image\/jpeg"}],"twitter_card":"summary_large_image","twitter_misc":{"Tiempo de lectura":"1 minuto"},"schema":{"@context":"https:\/\/schema.org","@graph":[{"@type":"WebPage","@id":"https:\/\/ukiyo-home.com\/es\/set-molinillo-sal-y-pimienta-bambu-marron\/","url":"https:\/\/ukiyo-home.com\/es\/set-molinillo-sal-y-pimienta-bambu-marron\/","name":"Set molinillo sal y pimienta bamb\u00fa, marron - Ukiyo Home","isPartOf":{"@id":"https:\/\/ukiyo-home.com\/es\/#website"},"primaryImageOfPage":{"@id":"https:\/\/ukiyo-home.com\/es\/set-molinillo-sal-y-pimienta-bambu-marron\/#primaryimage"},"image":{"@id":"https:\/\/ukiyo-home.com\/es\/set-molinillo-sal-y-pimienta-bambu-marron\/#primaryimage"},"thumbnailUrl":"https:\/\/ukiyo-home.com\/wp-content\/uploads\/sites\/7\/2024\/02\/P262.319__S_0__9554512d27c240099a7ce2a057031286.jpg","datePublished":"2023-02-27T14:49:46+00:00","dateModified":"2026-03-12T02:04:19+00:00","breadcrumb":{"@id":"https:\/\/ukiyo-home.com\/es\/set-molinillo-sal-y-pimienta-bambu-marron\/#breadcrumb"},"inLanguage":"es","potentialAction":[{"@type":"ReadAction","target":["https:\/\/ukiyo-home.com\/es\/set-molinillo-sal-y-pimienta-bambu-marron\/"]}]},{"@type":"ImageObject","inLanguage":"es","@id":"https:\/\/ukiyo-home.com\/es\/set-molinillo-sal-y-pimienta-bambu-marron\/#primaryimage","url":"https:\/\/ukiyo-home.com\/wp-content\/uploads\/sites\/7\/2024\/02\/P262.319__S_0__9554512d27c240099a7ce2a057031286.jpg","contentUrl":"https:\/\/ukiyo-home.com\/wp-content\/uploads\/sites\/7\/2024\/02\/P262.319__S_0__9554512d27c240099a7ce2a057031286.jpg","width":1024,"height":1024},{"@type":"BreadcrumbList","@id":"https:\/\/ukiyo-home.com\/es\/set-molinillo-sal-y-pimienta-bambu-marron\/#breadcrumb","itemListElement":[{"@type":"ListItem","position":1,"name":"Home","item":"https:\/\/ukiyo-home.com\/es\/"},{"@type":"ListItem","position":2,"name":"Colecci\u00f3n","item":"https:\/\/ukiyo-home.com\/es\/coleccion-es\/"},{"@type":"ListItem","position":3,"name":"Set molinillo sal y pimienta bamb\u00fa, marron"}]},{"@type":"WebSite","@id":"https:\/\/ukiyo-home.com\/es\/#website","url":"https:\/\/ukiyo-home.com\/es\/","name":"Ukiyo Home","description":"Just another Swiss Peak Sites site","potentialAction":[{"@type":"SearchAction","target":{"@type":"EntryPoint","urlTemplate":"https:\/\/ukiyo-home.com\/es\/?s={search_term_string}"},"query-input":{"@type":"PropertyValueSpecification","valueRequired":true,"valueName":"search_term_string"}}],"inLanguage":"es"}]}},"_links":{"self":[{"href":"https:\/\/ukiyo-home.com\/es\/wp-json\/wp\/v2\/product\/3836","targetHints":{"allow":["GET"]}}],"collection":[{"href":"https:\/\/ukiyo-home.com\/es\/wp-json\/wp\/v2\/product"}],"about":[{"href":"https:\/\/ukiyo-home.com\/es\/wp-json\/wp\/v2\/types\/product"}],"replies":[{"embeddable":true,"href":"https:\/\/ukiyo-home.com\/es\/wp-json\/wp\/v2\/comments?post=3836"}],"wp:featuredmedia":[{"embeddable":true,"href":"https:\/\/ukiyo-home.com\/es\/wp-json\/wp\/v2\/media\/8160"}],"wp:attachment":[{"href":"https:\/\/ukiyo-home.com\/es\/wp-json\/wp\/v2\/media?parent=3836"}],"wp:term":[{"taxonomy":"product_cat","embeddable":true,"href":"https:\/\/ukiyo-home.com\/es\/wp-json\/wp\/v2\/product_cat?post=3836"},{"taxonomy":"product_tag","embeddable":true,"href":"https:\/\/ukiyo-home.com\/es\/wp-json\/wp\/v2\/product_tag?post=3836"}],"curies":[{"name":"wp","href":"https:\/\/api.w.org\/{rel}","templated":true}]}}