{"id":5040,"date":"2023-06-22T00:04:15","date_gmt":"2023-06-22T00:04:15","guid":{"rendered":"https:\/\/ukiyo-home.com\/ukiyo-crios-hoelzerne-balanciersteine-im-etui-braun\/"},"modified":"2026-04-16T01:01:12","modified_gmt":"2026-04-16T01:01:12","slug":"crios-hoelzerne-balanciersteine-im-etui-braun","status":"publish","type":"product","link":"https:\/\/ukiyo-home.com\/de\/crios-hoelzerne-balanciersteine-im-etui-braun\/","title":{"rendered":"Crios h\u00f6lzerne Balanciersteine im Etui, braun"},"content":{"rendered":"<p>Versch\u00f6nern Sie Ihr Interieur und haben Sie Spa\u00df mit diesen Ukiyo Balancierfelsen aus Kiefernholz. Testen Sie Ihre Balancierf\u00e4higkeiten und bauen Sie ein sch\u00f6nes Dekost\u00fcck f\u00fcr Ihren Innenraum. Gefertigt aus hochwertigem Kiefernholz und verpackt in einem GRS-zertifizierten Beutel aus recyceltem Polyester. Die nat\u00fcrliche Maserung des Holzes verleiht jedem Raum eine einzigartige und rustikale Note.<\/p>\n","protected":false},"excerpt":{"rendered":"<p>Versch\u00f6nern Sie Ihr Interieur und haben Sie Spa\u00df mit diesen Ukiyo Balancierfelsen aus Kiefernholz. Testen Sie Ihre Balancierf\u00e4higkeiten und bauen Sie ein sch\u00f6nes Dekost\u00fcck f\u00fcr Ihren Innenraum. Gefertigt aus hochwertigem Kiefernholz und verpackt in einem GRS-zertifizierten Beutel aus recyceltem Polyester. Die nat\u00fcrliche Maserung des Holzes verleiht jedem Raum eine einzigartige und rustikale Note.<\/p>\n","protected":false},"featured_media":14659,"comment_status":"closed","ping_status":"closed","template":"","meta":{"_acf_changed":false},"product_cat":[56],"product_tag":[],"class_list":["post-5040","product","type-product","status-publish","has-post-thumbnail","hentry","product_cat-dekoration-de","pa_color-brown"],"acf":[],"yoast_head":"<!-- This site is optimized with the Yoast SEO plugin v27.0 - https:\/\/yoast.com\/product\/yoast-seo-wordpress\/ -->\n<title>Crios h\u00f6lzerne Balanciersteine im Etui, braun - Ukiyo Home<\/title>\n<meta name=\"robots\" content=\"index, follow, max-snippet:-1, max-image-preview:large, max-video-preview:-1\" \/>\n<link rel=\"canonical\" href=\"https:\/\/ukiyo-home.com\/de\/crios-hoelzerne-balanciersteine-im-etui-braun\/\" \/>\n<meta property=\"og:locale\" content=\"de_DE\" \/>\n<meta property=\"og:type\" content=\"article\" \/>\n<meta property=\"og:title\" content=\"Crios h\u00f6lzerne Balanciersteine im Etui, braun - Ukiyo Home\" \/>\n<meta property=\"og:description\" content=\"Versch\u00f6nern Sie Ihr Interieur und haben Sie Spa\u00df mit diesen Ukiyo Balancierfelsen aus Kiefernholz. Testen Sie Ihre Balancierf\u00e4higkeiten und bauen Sie ein sch\u00f6nes Dekost\u00fcck f\u00fcr Ihren Innenraum. Gefertigt aus hochwertigem Kiefernholz und verpackt in einem GRS-zertifizierten Beutel aus recyceltem Polyester. Die nat\u00fcrliche Maserung des Holzes verleiht jedem Raum eine einzigartige und rustikale Note.\" \/>\n<meta property=\"og:url\" content=\"https:\/\/ukiyo-home.com\/de\/crios-hoelzerne-balanciersteine-im-etui-braun\/\" \/>\n<meta property=\"og:site_name\" content=\"Ukiyo Home\" \/>\n<meta property=\"article:modified_time\" content=\"2026-04-16T01:01:12+00:00\" \/>\n<meta property=\"og:image\" content=\"https:\/\/ukiyo-home.com\/wp-content\/uploads\/sites\/7\/2026\/04\/P940.299__S_0__9e847c8a703c4ff08fccc27064b49d48.jpg\" \/>\n\t<meta property=\"og:image:width\" content=\"1024\" \/>\n\t<meta property=\"og:image:height\" content=\"1024\" \/>\n\t<meta property=\"og:image:type\" content=\"image\/jpeg\" \/>\n<meta name=\"twitter:card\" content=\"summary_large_image\" \/>\n<script type=\"application\/ld+json\" class=\"yoast-schema-graph\">{\"@context\":\"https:\/\/schema.org\",\"@graph\":[{\"@type\":\"WebPage\",\"@id\":\"https:\/\/ukiyo-home.com\/de\/crios-hoelzerne-balanciersteine-im-etui-braun\/\",\"url\":\"https:\/\/ukiyo-home.com\/de\/crios-hoelzerne-balanciersteine-im-etui-braun\/\",\"name\":\"Crios h\u00f6lzerne Balanciersteine im Etui, braun - Ukiyo Home\",\"isPartOf\":{\"@id\":\"https:\/\/ukiyo-home.com\/de\/#website\"},\"primaryImageOfPage\":{\"@id\":\"https:\/\/ukiyo-home.com\/de\/crios-hoelzerne-balanciersteine-im-etui-braun\/#primaryimage\"},\"image\":{\"@id\":\"https:\/\/ukiyo-home.com\/de\/crios-hoelzerne-balanciersteine-im-etui-braun\/#primaryimage\"},\"thumbnailUrl\":\"https:\/\/ukiyo-home.com\/wp-content\/uploads\/sites\/7\/2026\/04\/P940.299__S_0__9e847c8a703c4ff08fccc27064b49d48.jpg\",\"datePublished\":\"2023-06-22T00:04:15+00:00\",\"dateModified\":\"2026-04-16T01:01:12+00:00\",\"breadcrumb\":{\"@id\":\"https:\/\/ukiyo-home.com\/de\/crios-hoelzerne-balanciersteine-im-etui-braun\/#breadcrumb\"},\"inLanguage\":\"de\",\"potentialAction\":[{\"@type\":\"ReadAction\",\"target\":[\"https:\/\/ukiyo-home.com\/de\/crios-hoelzerne-balanciersteine-im-etui-braun\/\"]}]},{\"@type\":\"ImageObject\",\"inLanguage\":\"de\",\"@id\":\"https:\/\/ukiyo-home.com\/de\/crios-hoelzerne-balanciersteine-im-etui-braun\/#primaryimage\",\"url\":\"https:\/\/ukiyo-home.com\/wp-content\/uploads\/sites\/7\/2026\/04\/P940.299__S_0__9e847c8a703c4ff08fccc27064b49d48.jpg\",\"contentUrl\":\"https:\/\/ukiyo-home.com\/wp-content\/uploads\/sites\/7\/2026\/04\/P940.299__S_0__9e847c8a703c4ff08fccc27064b49d48.jpg\",\"width\":1024,\"height\":1024},{\"@type\":\"BreadcrumbList\",\"@id\":\"https:\/\/ukiyo-home.com\/de\/crios-hoelzerne-balanciersteine-im-etui-braun\/#breadcrumb\",\"itemListElement\":[{\"@type\":\"ListItem\",\"position\":1,\"name\":\"Home\",\"item\":\"https:\/\/ukiyo-home.com\/de\/\"},{\"@type\":\"ListItem\",\"position\":2,\"name\":\"Kollektion\",\"item\":\"https:\/\/ukiyo-home.com\/de\/kollektion-de\/\"},{\"@type\":\"ListItem\",\"position\":3,\"name\":\"Crios h\u00f6lzerne Balanciersteine im Etui, braun\"}]},{\"@type\":\"WebSite\",\"@id\":\"https:\/\/ukiyo-home.com\/de\/#website\",\"url\":\"https:\/\/ukiyo-home.com\/de\/\",\"name\":\"Ukiyo Home\",\"description\":\"Just another Swiss Peak Sites site\",\"potentialAction\":[{\"@type\":\"SearchAction\",\"target\":{\"@type\":\"EntryPoint\",\"urlTemplate\":\"https:\/\/ukiyo-home.com\/de\/?s={search_term_string}\"},\"query-input\":{\"@type\":\"PropertyValueSpecification\",\"valueRequired\":true,\"valueName\":\"search_term_string\"}}],\"inLanguage\":\"de\"}]}<\/script>\n<!-- \/ Yoast SEO plugin. -->","yoast_head_json":{"title":"Crios h\u00f6lzerne Balanciersteine im Etui, braun - Ukiyo Home","robots":{"index":"index","follow":"follow","max-snippet":"max-snippet:-1","max-image-preview":"max-image-preview:large","max-video-preview":"max-video-preview:-1"},"canonical":"https:\/\/ukiyo-home.com\/de\/crios-hoelzerne-balanciersteine-im-etui-braun\/","og_locale":"de_DE","og_type":"article","og_title":"Crios h\u00f6lzerne Balanciersteine im Etui, braun - Ukiyo Home","og_description":"Versch\u00f6nern Sie Ihr Interieur und haben Sie Spa\u00df mit diesen Ukiyo Balancierfelsen aus Kiefernholz. Testen Sie Ihre Balancierf\u00e4higkeiten und bauen Sie ein sch\u00f6nes Dekost\u00fcck f\u00fcr Ihren Innenraum. Gefertigt aus hochwertigem Kiefernholz und verpackt in einem GRS-zertifizierten Beutel aus recyceltem Polyester. Die nat\u00fcrliche Maserung des Holzes verleiht jedem Raum eine einzigartige und rustikale Note.","og_url":"https:\/\/ukiyo-home.com\/de\/crios-hoelzerne-balanciersteine-im-etui-braun\/","og_site_name":"Ukiyo Home","article_modified_time":"2026-04-16T01:01:12+00:00","og_image":[{"width":1024,"height":1024,"url":"https:\/\/ukiyo-home.com\/wp-content\/uploads\/sites\/7\/2026\/04\/P940.299__S_0__9e847c8a703c4ff08fccc27064b49d48.jpg","type":"image\/jpeg"}],"twitter_card":"summary_large_image","schema":{"@context":"https:\/\/schema.org","@graph":[{"@type":"WebPage","@id":"https:\/\/ukiyo-home.com\/de\/crios-hoelzerne-balanciersteine-im-etui-braun\/","url":"https:\/\/ukiyo-home.com\/de\/crios-hoelzerne-balanciersteine-im-etui-braun\/","name":"Crios h\u00f6lzerne Balanciersteine im Etui, braun - Ukiyo Home","isPartOf":{"@id":"https:\/\/ukiyo-home.com\/de\/#website"},"primaryImageOfPage":{"@id":"https:\/\/ukiyo-home.com\/de\/crios-hoelzerne-balanciersteine-im-etui-braun\/#primaryimage"},"image":{"@id":"https:\/\/ukiyo-home.com\/de\/crios-hoelzerne-balanciersteine-im-etui-braun\/#primaryimage"},"thumbnailUrl":"https:\/\/ukiyo-home.com\/wp-content\/uploads\/sites\/7\/2026\/04\/P940.299__S_0__9e847c8a703c4ff08fccc27064b49d48.jpg","datePublished":"2023-06-22T00:04:15+00:00","dateModified":"2026-04-16T01:01:12+00:00","breadcrumb":{"@id":"https:\/\/ukiyo-home.com\/de\/crios-hoelzerne-balanciersteine-im-etui-braun\/#breadcrumb"},"inLanguage":"de","potentialAction":[{"@type":"ReadAction","target":["https:\/\/ukiyo-home.com\/de\/crios-hoelzerne-balanciersteine-im-etui-braun\/"]}]},{"@type":"ImageObject","inLanguage":"de","@id":"https:\/\/ukiyo-home.com\/de\/crios-hoelzerne-balanciersteine-im-etui-braun\/#primaryimage","url":"https:\/\/ukiyo-home.com\/wp-content\/uploads\/sites\/7\/2026\/04\/P940.299__S_0__9e847c8a703c4ff08fccc27064b49d48.jpg","contentUrl":"https:\/\/ukiyo-home.com\/wp-content\/uploads\/sites\/7\/2026\/04\/P940.299__S_0__9e847c8a703c4ff08fccc27064b49d48.jpg","width":1024,"height":1024},{"@type":"BreadcrumbList","@id":"https:\/\/ukiyo-home.com\/de\/crios-hoelzerne-balanciersteine-im-etui-braun\/#breadcrumb","itemListElement":[{"@type":"ListItem","position":1,"name":"Home","item":"https:\/\/ukiyo-home.com\/de\/"},{"@type":"ListItem","position":2,"name":"Kollektion","item":"https:\/\/ukiyo-home.com\/de\/kollektion-de\/"},{"@type":"ListItem","position":3,"name":"Crios h\u00f6lzerne Balanciersteine im Etui, braun"}]},{"@type":"WebSite","@id":"https:\/\/ukiyo-home.com\/de\/#website","url":"https:\/\/ukiyo-home.com\/de\/","name":"Ukiyo Home","description":"Just another Swiss Peak Sites site","potentialAction":[{"@type":"SearchAction","target":{"@type":"EntryPoint","urlTemplate":"https:\/\/ukiyo-home.com\/de\/?s={search_term_string}"},"query-input":{"@type":"PropertyValueSpecification","valueRequired":true,"valueName":"search_term_string"}}],"inLanguage":"de"}]}},"_links":{"self":[{"href":"https:\/\/ukiyo-home.com\/de\/wp-json\/wp\/v2\/product\/5040","targetHints":{"allow":["GET"]}}],"collection":[{"href":"https:\/\/ukiyo-home.com\/de\/wp-json\/wp\/v2\/product"}],"about":[{"href":"https:\/\/ukiyo-home.com\/de\/wp-json\/wp\/v2\/types\/product"}],"replies":[{"embeddable":true,"href":"https:\/\/ukiyo-home.com\/de\/wp-json\/wp\/v2\/comments?post=5040"}],"wp:featuredmedia":[{"embeddable":true,"href":"https:\/\/ukiyo-home.com\/de\/wp-json\/wp\/v2\/media\/14659"}],"wp:attachment":[{"href":"https:\/\/ukiyo-home.com\/de\/wp-json\/wp\/v2\/media?parent=5040"}],"wp:term":[{"taxonomy":"product_cat","embeddable":true,"href":"https:\/\/ukiyo-home.com\/de\/wp-json\/wp\/v2\/product_cat?post=5040"},{"taxonomy":"product_tag","embeddable":true,"href":"https:\/\/ukiyo-home.com\/de\/wp-json\/wp\/v2\/product_tag?post=5040"}],"curies":[{"name":"wp","href":"https:\/\/api.w.org\/{rel}","templated":true}]}}