{"id":3816,"date":"2023-02-27T15:03:58","date_gmt":"2023-02-27T15:03:58","guid":{"rendered":"https:\/\/xdsomename.tempurl.host\/ukiyo-website\/product\/aware-polylana-gewebte-decke-130x150cm-off-white\/"},"modified":"2026-03-20T02:00:38","modified_gmt":"2026-03-20T02:00:38","slug":"aware-polylana-gewebte-decke-130x150cm-off-white","status":"publish","type":"product","link":"https:\/\/ukiyo-home.com\/de\/aware-polylana-gewebte-decke-130x150cm-off-white\/","title":{"rendered":"Aware\u2122 Polylana\u00ae gewebte Decke 130x150cm, off white"},"content":{"rendered":"<p>Verleihen Sie Ihrem Zuhause durch diese mit Fransenkanten versehenen, gewebten 170gr\/m\u00b2 Ukiyo Aware\u2122 Polylana\u00ae Decke ein stilvolles Upgrade. F\u00fcr gem\u00fctliche Filmabende auf Ihrem Sofa oder auf Ihrem Bett f\u00fcr einen sch\u00f6nen Lagenlook. Mit AWARE\u2122 Tracer, der die Verwendung tats\u00e4chlich recycelter Materialien best\u00e4tigt. Zudem werden 2% des Erl\u00f6ses jedes verkauften Impact-Produkts mit AWARE\u2122 Tracer an Water.org gespendet.<\/p>\n","protected":false},"excerpt":{"rendered":"<p>Verleihen Sie Ihrem Zuhause durch diese mit Fransenkanten versehenen, gewebten 170gr\/m\u00b2 Ukiyo Aware\u2122 Polylana\u00ae Decke ein stilvolles Upgrade. F\u00fcr gem\u00fctliche Filmabende auf Ihrem Sofa oder auf Ihrem Bett f\u00fcr einen sch\u00f6nen Lagenlook. Mit AWARE\u2122 Tracer, der die Verwendung tats\u00e4chlich recycelter Materialien best\u00e4tigt. Zudem werden 2% des Erl\u00f6ses jedes verkauften Impact-Produkts mit AWARE\u2122 Tracer an Water.org [&hellip;]<\/p>\n","protected":false},"featured_media":13813,"comment_status":"closed","ping_status":"closed","template":"","meta":{"_acf_changed":false},"product_cat":[74],"product_tag":[],"class_list":["post-3816","product","type-product","status-publish","has-post-thumbnail","hentry","product_cat-textilien-de","pa_color-off-white"],"acf":[],"yoast_head":"<!-- This site is optimized with the Yoast SEO plugin v27.0 - https:\/\/yoast.com\/product\/yoast-seo-wordpress\/ -->\n<title>Aware\u2122 Polylana\u00ae gewebte Decke 130x150cm, off white - Ukiyo Home<\/title>\n<meta name=\"robots\" content=\"index, follow, max-snippet:-1, max-image-preview:large, max-video-preview:-1\" \/>\n<link rel=\"canonical\" href=\"https:\/\/ukiyo-home.com\/de\/aware-polylana-gewebte-decke-130x150cm-off-white\/\" \/>\n<meta property=\"og:locale\" content=\"de_DE\" \/>\n<meta property=\"og:type\" content=\"article\" \/>\n<meta property=\"og:title\" content=\"Aware\u2122 Polylana\u00ae gewebte Decke 130x150cm, off white - Ukiyo Home\" \/>\n<meta property=\"og:description\" content=\"Verleihen Sie Ihrem Zuhause durch diese mit Fransenkanten versehenen, gewebten 170gr\/m\u00b2 Ukiyo Aware\u2122 Polylana\u00ae Decke ein stilvolles Upgrade. F\u00fcr gem\u00fctliche Filmabende auf Ihrem Sofa oder auf Ihrem Bett f\u00fcr einen sch\u00f6nen Lagenlook. Mit AWARE\u2122 Tracer, der die Verwendung tats\u00e4chlich recycelter Materialien best\u00e4tigt. Zudem werden 2% des Erl\u00f6ses jedes verkauften Impact-Produkts mit AWARE\u2122 Tracer an Water.org [&hellip;]\" \/>\n<meta property=\"og:url\" content=\"https:\/\/ukiyo-home.com\/de\/aware-polylana-gewebte-decke-130x150cm-off-white\/\" \/>\n<meta property=\"og:site_name\" content=\"Ukiyo Home\" \/>\n<meta property=\"article:modified_time\" content=\"2026-03-20T02:00:38+00:00\" \/>\n<meta property=\"og:image\" content=\"https:\/\/ukiyo-home.com\/wp-content\/uploads\/sites\/7\/2024\/02\/P459.100__S_0__0528d0276b434ee8a2e08c5bfe015afc.jpg\" \/>\n\t<meta property=\"og:image:width\" content=\"1024\" \/>\n\t<meta property=\"og:image:height\" content=\"1024\" \/>\n\t<meta property=\"og:image:type\" content=\"image\/jpeg\" \/>\n<meta name=\"twitter:card\" content=\"summary_large_image\" \/>\n<script type=\"application\/ld+json\" class=\"yoast-schema-graph\">{\"@context\":\"https:\/\/schema.org\",\"@graph\":[{\"@type\":\"WebPage\",\"@id\":\"https:\/\/ukiyo-home.com\/de\/aware-polylana-gewebte-decke-130x150cm-off-white\/\",\"url\":\"https:\/\/ukiyo-home.com\/de\/aware-polylana-gewebte-decke-130x150cm-off-white\/\",\"name\":\"Aware\u2122 Polylana\u00ae gewebte Decke 130x150cm, off white - Ukiyo Home\",\"isPartOf\":{\"@id\":\"https:\/\/ukiyo-home.com\/de\/#website\"},\"primaryImageOfPage\":{\"@id\":\"https:\/\/ukiyo-home.com\/de\/aware-polylana-gewebte-decke-130x150cm-off-white\/#primaryimage\"},\"image\":{\"@id\":\"https:\/\/ukiyo-home.com\/de\/aware-polylana-gewebte-decke-130x150cm-off-white\/#primaryimage\"},\"thumbnailUrl\":\"https:\/\/ukiyo-home.com\/wp-content\/uploads\/sites\/7\/2024\/02\/P459.100__S_0__0528d0276b434ee8a2e08c5bfe015afc.jpg\",\"datePublished\":\"2023-02-27T15:03:58+00:00\",\"dateModified\":\"2026-03-20T02:00:38+00:00\",\"breadcrumb\":{\"@id\":\"https:\/\/ukiyo-home.com\/de\/aware-polylana-gewebte-decke-130x150cm-off-white\/#breadcrumb\"},\"inLanguage\":\"de\",\"potentialAction\":[{\"@type\":\"ReadAction\",\"target\":[\"https:\/\/ukiyo-home.com\/de\/aware-polylana-gewebte-decke-130x150cm-off-white\/\"]}]},{\"@type\":\"ImageObject\",\"inLanguage\":\"de\",\"@id\":\"https:\/\/ukiyo-home.com\/de\/aware-polylana-gewebte-decke-130x150cm-off-white\/#primaryimage\",\"url\":\"https:\/\/ukiyo-home.com\/wp-content\/uploads\/sites\/7\/2024\/02\/P459.100__S_0__0528d0276b434ee8a2e08c5bfe015afc.jpg\",\"contentUrl\":\"https:\/\/ukiyo-home.com\/wp-content\/uploads\/sites\/7\/2024\/02\/P459.100__S_0__0528d0276b434ee8a2e08c5bfe015afc.jpg\",\"width\":1024,\"height\":1024},{\"@type\":\"BreadcrumbList\",\"@id\":\"https:\/\/ukiyo-home.com\/de\/aware-polylana-gewebte-decke-130x150cm-off-white\/#breadcrumb\",\"itemListElement\":[{\"@type\":\"ListItem\",\"position\":1,\"name\":\"Home\",\"item\":\"https:\/\/ukiyo-home.com\/de\/\"},{\"@type\":\"ListItem\",\"position\":2,\"name\":\"Kollektion\",\"item\":\"https:\/\/ukiyo-home.com\/de\/kollektion-de\/\"},{\"@type\":\"ListItem\",\"position\":3,\"name\":\"Aware\u2122 Polylana\u00ae gewebte Decke 130x150cm, off white\"}]},{\"@type\":\"WebSite\",\"@id\":\"https:\/\/ukiyo-home.com\/de\/#website\",\"url\":\"https:\/\/ukiyo-home.com\/de\/\",\"name\":\"Ukiyo Home\",\"description\":\"Just another Swiss Peak Sites site\",\"potentialAction\":[{\"@type\":\"SearchAction\",\"target\":{\"@type\":\"EntryPoint\",\"urlTemplate\":\"https:\/\/ukiyo-home.com\/de\/?s={search_term_string}\"},\"query-input\":{\"@type\":\"PropertyValueSpecification\",\"valueRequired\":true,\"valueName\":\"search_term_string\"}}],\"inLanguage\":\"de\"}]}<\/script>\n<!-- \/ Yoast SEO plugin. -->","yoast_head_json":{"title":"Aware\u2122 Polylana\u00ae gewebte Decke 130x150cm, off white - Ukiyo Home","robots":{"index":"index","follow":"follow","max-snippet":"max-snippet:-1","max-image-preview":"max-image-preview:large","max-video-preview":"max-video-preview:-1"},"canonical":"https:\/\/ukiyo-home.com\/de\/aware-polylana-gewebte-decke-130x150cm-off-white\/","og_locale":"de_DE","og_type":"article","og_title":"Aware\u2122 Polylana\u00ae gewebte Decke 130x150cm, off white - Ukiyo Home","og_description":"Verleihen Sie Ihrem Zuhause durch diese mit Fransenkanten versehenen, gewebten 170gr\/m\u00b2 Ukiyo Aware\u2122 Polylana\u00ae Decke ein stilvolles Upgrade. F\u00fcr gem\u00fctliche Filmabende auf Ihrem Sofa oder auf Ihrem Bett f\u00fcr einen sch\u00f6nen Lagenlook. Mit AWARE\u2122 Tracer, der die Verwendung tats\u00e4chlich recycelter Materialien best\u00e4tigt. Zudem werden 2% des Erl\u00f6ses jedes verkauften Impact-Produkts mit AWARE\u2122 Tracer an Water.org [&hellip;]","og_url":"https:\/\/ukiyo-home.com\/de\/aware-polylana-gewebte-decke-130x150cm-off-white\/","og_site_name":"Ukiyo Home","article_modified_time":"2026-03-20T02:00:38+00:00","og_image":[{"width":1024,"height":1024,"url":"https:\/\/ukiyo-home.com\/wp-content\/uploads\/sites\/7\/2024\/02\/P459.100__S_0__0528d0276b434ee8a2e08c5bfe015afc.jpg","type":"image\/jpeg"}],"twitter_card":"summary_large_image","schema":{"@context":"https:\/\/schema.org","@graph":[{"@type":"WebPage","@id":"https:\/\/ukiyo-home.com\/de\/aware-polylana-gewebte-decke-130x150cm-off-white\/","url":"https:\/\/ukiyo-home.com\/de\/aware-polylana-gewebte-decke-130x150cm-off-white\/","name":"Aware\u2122 Polylana\u00ae gewebte Decke 130x150cm, off white - Ukiyo Home","isPartOf":{"@id":"https:\/\/ukiyo-home.com\/de\/#website"},"primaryImageOfPage":{"@id":"https:\/\/ukiyo-home.com\/de\/aware-polylana-gewebte-decke-130x150cm-off-white\/#primaryimage"},"image":{"@id":"https:\/\/ukiyo-home.com\/de\/aware-polylana-gewebte-decke-130x150cm-off-white\/#primaryimage"},"thumbnailUrl":"https:\/\/ukiyo-home.com\/wp-content\/uploads\/sites\/7\/2024\/02\/P459.100__S_0__0528d0276b434ee8a2e08c5bfe015afc.jpg","datePublished":"2023-02-27T15:03:58+00:00","dateModified":"2026-03-20T02:00:38+00:00","breadcrumb":{"@id":"https:\/\/ukiyo-home.com\/de\/aware-polylana-gewebte-decke-130x150cm-off-white\/#breadcrumb"},"inLanguage":"de","potentialAction":[{"@type":"ReadAction","target":["https:\/\/ukiyo-home.com\/de\/aware-polylana-gewebte-decke-130x150cm-off-white\/"]}]},{"@type":"ImageObject","inLanguage":"de","@id":"https:\/\/ukiyo-home.com\/de\/aware-polylana-gewebte-decke-130x150cm-off-white\/#primaryimage","url":"https:\/\/ukiyo-home.com\/wp-content\/uploads\/sites\/7\/2024\/02\/P459.100__S_0__0528d0276b434ee8a2e08c5bfe015afc.jpg","contentUrl":"https:\/\/ukiyo-home.com\/wp-content\/uploads\/sites\/7\/2024\/02\/P459.100__S_0__0528d0276b434ee8a2e08c5bfe015afc.jpg","width":1024,"height":1024},{"@type":"BreadcrumbList","@id":"https:\/\/ukiyo-home.com\/de\/aware-polylana-gewebte-decke-130x150cm-off-white\/#breadcrumb","itemListElement":[{"@type":"ListItem","position":1,"name":"Home","item":"https:\/\/ukiyo-home.com\/de\/"},{"@type":"ListItem","position":2,"name":"Kollektion","item":"https:\/\/ukiyo-home.com\/de\/kollektion-de\/"},{"@type":"ListItem","position":3,"name":"Aware\u2122 Polylana\u00ae gewebte Decke 130x150cm, off white"}]},{"@type":"WebSite","@id":"https:\/\/ukiyo-home.com\/de\/#website","url":"https:\/\/ukiyo-home.com\/de\/","name":"Ukiyo Home","description":"Just another Swiss Peak Sites site","potentialAction":[{"@type":"SearchAction","target":{"@type":"EntryPoint","urlTemplate":"https:\/\/ukiyo-home.com\/de\/?s={search_term_string}"},"query-input":{"@type":"PropertyValueSpecification","valueRequired":true,"valueName":"search_term_string"}}],"inLanguage":"de"}]}},"_links":{"self":[{"href":"https:\/\/ukiyo-home.com\/de\/wp-json\/wp\/v2\/product\/3816","targetHints":{"allow":["GET"]}}],"collection":[{"href":"https:\/\/ukiyo-home.com\/de\/wp-json\/wp\/v2\/product"}],"about":[{"href":"https:\/\/ukiyo-home.com\/de\/wp-json\/wp\/v2\/types\/product"}],"replies":[{"embeddable":true,"href":"https:\/\/ukiyo-home.com\/de\/wp-json\/wp\/v2\/comments?post=3816"}],"wp:featuredmedia":[{"embeddable":true,"href":"https:\/\/ukiyo-home.com\/de\/wp-json\/wp\/v2\/media\/13813"}],"wp:attachment":[{"href":"https:\/\/ukiyo-home.com\/de\/wp-json\/wp\/v2\/media?parent=3816"}],"wp:term":[{"taxonomy":"product_cat","embeddable":true,"href":"https:\/\/ukiyo-home.com\/de\/wp-json\/wp\/v2\/product_cat?post=3816"},{"taxonomy":"product_tag","embeddable":true,"href":"https:\/\/ukiyo-home.com\/de\/wp-json\/wp\/v2\/product_tag?post=3816"}],"curies":[{"name":"wp","href":"https:\/\/api.w.org\/{rel}","templated":true}]}}