{"id":3811,"date":"2023-02-27T15:03:58","date_gmt":"2023-02-27T15:03:58","guid":{"rendered":"https:\/\/xdsomename.tempurl.host\/ukiyo-website\/product\/sakura-aware-500gr-m%c2%b2-badetuch-70-x-140cm-anthrazit\/"},"modified":"2026-03-20T02:00:34","modified_gmt":"2026-03-20T02:00:34","slug":"sakura-aware-500gr-m%c2%b2-badetuch-70-x-140cm-anthrazit","status":"publish","type":"product","link":"https:\/\/ukiyo-home.com\/de\/sakura-aware-500gr-m%c2%b2-badetuch-70-x-140cm-anthrazit\/","title":{"rendered":"Sakura AWARE\u2122 500gr\/m\u00b2 Badetuch 70 x 140cm, anthrazit"},"content":{"rendered":"<p>Diese nachhaltigen 500gr\/m\u00b2 Badet\u00fccher in Spa-Qualit\u00e4t sind herrlich dick, seidig und super weich auf Ihrer Haut, schnell trocknend und bieten eine hervorragende Saugf\u00e4higkeit. Sie bestehen zu 30% aus recycelter Baumwolle mit AWARE\u2122 Tracer, der die Verwendung von wirklich recycelter Baumwolle best\u00e4tigt. Jedes Handtuch spart 1453,1 Liter Wasser. 2% des Erl\u00f6ses jedes verkauften Impact-Produkts werden an Water.org gespendet. Waschmaschinenfest. Hergestellt in Portugal.<\/p>\n","protected":false},"excerpt":{"rendered":"<p>Diese nachhaltigen 500gr\/m\u00b2 Badet\u00fccher in Spa-Qualit\u00e4t sind herrlich dick, seidig und super weich auf Ihrer Haut, schnell trocknend und bieten eine hervorragende Saugf\u00e4higkeit. Sie bestehen zu 30% aus recycelter Baumwolle mit AWARE\u2122 Tracer, der die Verwendung von wirklich recycelter Baumwolle best\u00e4tigt. Jedes Handtuch spart 1453,1 Liter Wasser. 2% des Erl\u00f6ses jedes verkauften Impact-Produkts werden an [&hellip;]<\/p>\n","protected":false},"featured_media":12125,"comment_status":"closed","ping_status":"closed","template":"","meta":{"_acf_changed":false},"product_cat":[74],"product_tag":[],"class_list":["post-3811","product","type-product","status-publish","has-post-thumbnail","hentry","product_cat-textilien-de","pa_color-anthracite"],"acf":[],"yoast_head":"<!-- This site is optimized with the Yoast SEO plugin v27.0 - https:\/\/yoast.com\/product\/yoast-seo-wordpress\/ -->\n<title>Sakura AWARE\u2122 500gr\/m\u00b2 Badetuch 70 x 140cm, anthrazit - Ukiyo Home<\/title>\n<meta name=\"robots\" content=\"index, follow, max-snippet:-1, max-image-preview:large, max-video-preview:-1\" \/>\n<link rel=\"canonical\" href=\"https:\/\/ukiyo-home.com\/de\/sakura-aware-500gr-m%c2%b2-badetuch-70-x-140cm-anthrazit\/\" \/>\n<meta property=\"og:locale\" content=\"de_DE\" \/>\n<meta property=\"og:type\" content=\"article\" \/>\n<meta property=\"og:title\" content=\"Sakura AWARE\u2122 500gr\/m\u00b2 Badetuch 70 x 140cm, anthrazit - Ukiyo Home\" \/>\n<meta property=\"og:description\" content=\"Diese nachhaltigen 500gr\/m\u00b2 Badet\u00fccher in Spa-Qualit\u00e4t sind herrlich dick, seidig und super weich auf Ihrer Haut, schnell trocknend und bieten eine hervorragende Saugf\u00e4higkeit. Sie bestehen zu 30% aus recycelter Baumwolle mit AWARE\u2122 Tracer, der die Verwendung von wirklich recycelter Baumwolle best\u00e4tigt. Jedes Handtuch spart 1453,1 Liter Wasser. 2% des Erl\u00f6ses jedes verkauften Impact-Produkts werden an [&hellip;]\" \/>\n<meta property=\"og:url\" content=\"https:\/\/ukiyo-home.com\/de\/sakura-aware-500gr-m%c2%b2-badetuch-70-x-140cm-anthrazit\/\" \/>\n<meta property=\"og:site_name\" content=\"Ukiyo Home\" \/>\n<meta property=\"article:modified_time\" content=\"2026-03-20T02:00:34+00:00\" \/>\n<meta property=\"og:image\" content=\"https:\/\/ukiyo-home.com\/wp-content\/uploads\/sites\/7\/2024\/02\/P453.820__S_0__dd7faaf1aa214d4f9f2fb695558038f9.jpg\" \/>\n\t<meta property=\"og:image:width\" content=\"1024\" \/>\n\t<meta property=\"og:image:height\" content=\"1024\" \/>\n\t<meta property=\"og:image:type\" content=\"image\/jpeg\" \/>\n<meta name=\"twitter:card\" content=\"summary_large_image\" \/>\n<script type=\"application\/ld+json\" class=\"yoast-schema-graph\">{\"@context\":\"https:\/\/schema.org\",\"@graph\":[{\"@type\":\"WebPage\",\"@id\":\"https:\/\/ukiyo-home.com\/de\/sakura-aware-500gr-m%c2%b2-badetuch-70-x-140cm-anthrazit\/\",\"url\":\"https:\/\/ukiyo-home.com\/de\/sakura-aware-500gr-m%c2%b2-badetuch-70-x-140cm-anthrazit\/\",\"name\":\"Sakura AWARE\u2122 500gr\/m\u00b2 Badetuch 70 x 140cm, anthrazit - Ukiyo Home\",\"isPartOf\":{\"@id\":\"https:\/\/ukiyo-home.com\/de\/#website\"},\"primaryImageOfPage\":{\"@id\":\"https:\/\/ukiyo-home.com\/de\/sakura-aware-500gr-m%c2%b2-badetuch-70-x-140cm-anthrazit\/#primaryimage\"},\"image\":{\"@id\":\"https:\/\/ukiyo-home.com\/de\/sakura-aware-500gr-m%c2%b2-badetuch-70-x-140cm-anthrazit\/#primaryimage\"},\"thumbnailUrl\":\"https:\/\/ukiyo-home.com\/wp-content\/uploads\/sites\/7\/2024\/02\/P453.820__S_0__dd7faaf1aa214d4f9f2fb695558038f9.jpg\",\"datePublished\":\"2023-02-27T15:03:58+00:00\",\"dateModified\":\"2026-03-20T02:00:34+00:00\",\"breadcrumb\":{\"@id\":\"https:\/\/ukiyo-home.com\/de\/sakura-aware-500gr-m%c2%b2-badetuch-70-x-140cm-anthrazit\/#breadcrumb\"},\"inLanguage\":\"de\",\"potentialAction\":[{\"@type\":\"ReadAction\",\"target\":[\"https:\/\/ukiyo-home.com\/de\/sakura-aware-500gr-m%c2%b2-badetuch-70-x-140cm-anthrazit\/\"]}]},{\"@type\":\"ImageObject\",\"inLanguage\":\"de\",\"@id\":\"https:\/\/ukiyo-home.com\/de\/sakura-aware-500gr-m%c2%b2-badetuch-70-x-140cm-anthrazit\/#primaryimage\",\"url\":\"https:\/\/ukiyo-home.com\/wp-content\/uploads\/sites\/7\/2024\/02\/P453.820__S_0__dd7faaf1aa214d4f9f2fb695558038f9.jpg\",\"contentUrl\":\"https:\/\/ukiyo-home.com\/wp-content\/uploads\/sites\/7\/2024\/02\/P453.820__S_0__dd7faaf1aa214d4f9f2fb695558038f9.jpg\",\"width\":1024,\"height\":1024},{\"@type\":\"BreadcrumbList\",\"@id\":\"https:\/\/ukiyo-home.com\/de\/sakura-aware-500gr-m%c2%b2-badetuch-70-x-140cm-anthrazit\/#breadcrumb\",\"itemListElement\":[{\"@type\":\"ListItem\",\"position\":1,\"name\":\"Home\",\"item\":\"https:\/\/ukiyo-home.com\/de\/\"},{\"@type\":\"ListItem\",\"position\":2,\"name\":\"Kollektion\",\"item\":\"https:\/\/ukiyo-home.com\/de\/kollektion-de\/\"},{\"@type\":\"ListItem\",\"position\":3,\"name\":\"Sakura AWARE\u2122 500gr\/m\u00b2 Badetuch 70 x 140cm, anthrazit\"}]},{\"@type\":\"WebSite\",\"@id\":\"https:\/\/ukiyo-home.com\/de\/#website\",\"url\":\"https:\/\/ukiyo-home.com\/de\/\",\"name\":\"Ukiyo Home\",\"description\":\"Just another Swiss Peak Sites site\",\"potentialAction\":[{\"@type\":\"SearchAction\",\"target\":{\"@type\":\"EntryPoint\",\"urlTemplate\":\"https:\/\/ukiyo-home.com\/de\/?s={search_term_string}\"},\"query-input\":{\"@type\":\"PropertyValueSpecification\",\"valueRequired\":true,\"valueName\":\"search_term_string\"}}],\"inLanguage\":\"de\"}]}<\/script>\n<!-- \/ Yoast SEO plugin. -->","yoast_head_json":{"title":"Sakura AWARE\u2122 500gr\/m\u00b2 Badetuch 70 x 140cm, anthrazit - Ukiyo Home","robots":{"index":"index","follow":"follow","max-snippet":"max-snippet:-1","max-image-preview":"max-image-preview:large","max-video-preview":"max-video-preview:-1"},"canonical":"https:\/\/ukiyo-home.com\/de\/sakura-aware-500gr-m%c2%b2-badetuch-70-x-140cm-anthrazit\/","og_locale":"de_DE","og_type":"article","og_title":"Sakura AWARE\u2122 500gr\/m\u00b2 Badetuch 70 x 140cm, anthrazit - Ukiyo Home","og_description":"Diese nachhaltigen 500gr\/m\u00b2 Badet\u00fccher in Spa-Qualit\u00e4t sind herrlich dick, seidig und super weich auf Ihrer Haut, schnell trocknend und bieten eine hervorragende Saugf\u00e4higkeit. Sie bestehen zu 30% aus recycelter Baumwolle mit AWARE\u2122 Tracer, der die Verwendung von wirklich recycelter Baumwolle best\u00e4tigt. Jedes Handtuch spart 1453,1 Liter Wasser. 2% des Erl\u00f6ses jedes verkauften Impact-Produkts werden an [&hellip;]","og_url":"https:\/\/ukiyo-home.com\/de\/sakura-aware-500gr-m%c2%b2-badetuch-70-x-140cm-anthrazit\/","og_site_name":"Ukiyo Home","article_modified_time":"2026-03-20T02:00:34+00:00","og_image":[{"width":1024,"height":1024,"url":"https:\/\/ukiyo-home.com\/wp-content\/uploads\/sites\/7\/2024\/02\/P453.820__S_0__dd7faaf1aa214d4f9f2fb695558038f9.jpg","type":"image\/jpeg"}],"twitter_card":"summary_large_image","schema":{"@context":"https:\/\/schema.org","@graph":[{"@type":"WebPage","@id":"https:\/\/ukiyo-home.com\/de\/sakura-aware-500gr-m%c2%b2-badetuch-70-x-140cm-anthrazit\/","url":"https:\/\/ukiyo-home.com\/de\/sakura-aware-500gr-m%c2%b2-badetuch-70-x-140cm-anthrazit\/","name":"Sakura AWARE\u2122 500gr\/m\u00b2 Badetuch 70 x 140cm, anthrazit - Ukiyo Home","isPartOf":{"@id":"https:\/\/ukiyo-home.com\/de\/#website"},"primaryImageOfPage":{"@id":"https:\/\/ukiyo-home.com\/de\/sakura-aware-500gr-m%c2%b2-badetuch-70-x-140cm-anthrazit\/#primaryimage"},"image":{"@id":"https:\/\/ukiyo-home.com\/de\/sakura-aware-500gr-m%c2%b2-badetuch-70-x-140cm-anthrazit\/#primaryimage"},"thumbnailUrl":"https:\/\/ukiyo-home.com\/wp-content\/uploads\/sites\/7\/2024\/02\/P453.820__S_0__dd7faaf1aa214d4f9f2fb695558038f9.jpg","datePublished":"2023-02-27T15:03:58+00:00","dateModified":"2026-03-20T02:00:34+00:00","breadcrumb":{"@id":"https:\/\/ukiyo-home.com\/de\/sakura-aware-500gr-m%c2%b2-badetuch-70-x-140cm-anthrazit\/#breadcrumb"},"inLanguage":"de","potentialAction":[{"@type":"ReadAction","target":["https:\/\/ukiyo-home.com\/de\/sakura-aware-500gr-m%c2%b2-badetuch-70-x-140cm-anthrazit\/"]}]},{"@type":"ImageObject","inLanguage":"de","@id":"https:\/\/ukiyo-home.com\/de\/sakura-aware-500gr-m%c2%b2-badetuch-70-x-140cm-anthrazit\/#primaryimage","url":"https:\/\/ukiyo-home.com\/wp-content\/uploads\/sites\/7\/2024\/02\/P453.820__S_0__dd7faaf1aa214d4f9f2fb695558038f9.jpg","contentUrl":"https:\/\/ukiyo-home.com\/wp-content\/uploads\/sites\/7\/2024\/02\/P453.820__S_0__dd7faaf1aa214d4f9f2fb695558038f9.jpg","width":1024,"height":1024},{"@type":"BreadcrumbList","@id":"https:\/\/ukiyo-home.com\/de\/sakura-aware-500gr-m%c2%b2-badetuch-70-x-140cm-anthrazit\/#breadcrumb","itemListElement":[{"@type":"ListItem","position":1,"name":"Home","item":"https:\/\/ukiyo-home.com\/de\/"},{"@type":"ListItem","position":2,"name":"Kollektion","item":"https:\/\/ukiyo-home.com\/de\/kollektion-de\/"},{"@type":"ListItem","position":3,"name":"Sakura AWARE\u2122 500gr\/m\u00b2 Badetuch 70 x 140cm, anthrazit"}]},{"@type":"WebSite","@id":"https:\/\/ukiyo-home.com\/de\/#website","url":"https:\/\/ukiyo-home.com\/de\/","name":"Ukiyo Home","description":"Just another Swiss Peak Sites site","potentialAction":[{"@type":"SearchAction","target":{"@type":"EntryPoint","urlTemplate":"https:\/\/ukiyo-home.com\/de\/?s={search_term_string}"},"query-input":{"@type":"PropertyValueSpecification","valueRequired":true,"valueName":"search_term_string"}}],"inLanguage":"de"}]}},"_links":{"self":[{"href":"https:\/\/ukiyo-home.com\/de\/wp-json\/wp\/v2\/product\/3811","targetHints":{"allow":["GET"]}}],"collection":[{"href":"https:\/\/ukiyo-home.com\/de\/wp-json\/wp\/v2\/product"}],"about":[{"href":"https:\/\/ukiyo-home.com\/de\/wp-json\/wp\/v2\/types\/product"}],"replies":[{"embeddable":true,"href":"https:\/\/ukiyo-home.com\/de\/wp-json\/wp\/v2\/comments?post=3811"}],"wp:featuredmedia":[{"embeddable":true,"href":"https:\/\/ukiyo-home.com\/de\/wp-json\/wp\/v2\/media\/12125"}],"wp:attachment":[{"href":"https:\/\/ukiyo-home.com\/de\/wp-json\/wp\/v2\/media?parent=3811"}],"wp:term":[{"taxonomy":"product_cat","embeddable":true,"href":"https:\/\/ukiyo-home.com\/de\/wp-json\/wp\/v2\/product_cat?post=3811"},{"taxonomy":"product_tag","embeddable":true,"href":"https:\/\/ukiyo-home.com\/de\/wp-json\/wp\/v2\/product_tag?post=3811"}],"curies":[{"name":"wp","href":"https:\/\/api.w.org\/{rel}","templated":true}]}}