{"id":3799,"date":"2023-02-27T14:59:11","date_gmt":"2023-02-27T14:59:11","guid":{"rendered":"https:\/\/xdsomename.tempurl.host\/ukiyo-website\/product\/yumiko-aware-hamamtuch-100x180cm-gruen\/"},"modified":"2026-03-20T02:00:23","modified_gmt":"2026-03-20T02:00:23","slug":"yumiko-aware-hamamtuch-100x180cm-gruen","status":"publish","type":"product","link":"https:\/\/ukiyo-home.com\/de\/yumiko-aware-hamamtuch-100x180cm-gruen\/","title":{"rendered":"Yumiko AWARE\u2122 Hamamtuch 100x180cm, gr\u00fcn"},"content":{"rendered":"<p>Dieses leichte, sehr saugf\u00e4hige und schnell trocknende 260gr\/m\u00b2 Handtuch ist eines der besten nachhaltigen Handt\u00fccher auf dem Markt. Hamant\u00fccher sind multifunktional: Sie k\u00f6nnen es auch als Picknick- sowie Babydecke oder als Yoga-, Strand- und Fitnesstuch verwenden. Oder sogar als Tischdecke. Das d\u00fcnne Material macht es ultra-portabel und l\u00e4sst sich so ganz leicht in Ihrer Strandtasche, Ihrem Koffer oder \u00fcber Ihrer Schulter transportieren. Zudem beinhaltet es 12% recycelte Baumwolle, die sich super weich und seidig anf\u00fchlt. Mit AWARE\u2122 Tracer, der die Verwendung von wirklich recycelter Baumwolle best\u00e4tigt. Jedes Handtuch spart 597,8 Liter Wasser. 2% des Erl\u00f6ses jedes verkauften Impact-Produkts werden an Water.org gespendet. Hergestellt in Portugal.<\/p>\n","protected":false},"excerpt":{"rendered":"<p>Dieses leichte, sehr saugf\u00e4hige und schnell trocknende 260gr\/m\u00b2 Handtuch ist eines der besten nachhaltigen Handt\u00fccher auf dem Markt. Hamant\u00fccher sind multifunktional: Sie k\u00f6nnen es auch als Picknick- sowie Babydecke oder als Yoga-, Strand- und Fitnesstuch verwenden. Oder sogar als Tischdecke. Das d\u00fcnne Material macht es ultra-portabel und l\u00e4sst sich so ganz leicht in Ihrer Strandtasche, [&hellip;]<\/p>\n","protected":false},"featured_media":11000,"comment_status":"closed","ping_status":"closed","template":"","meta":{"_acf_changed":false},"product_cat":[74],"product_tag":[],"class_list":["post-3799","product","type-product","status-publish","has-post-thumbnail","hentry","product_cat-textilien-de","pa_color-green"],"acf":[],"yoast_head":"<!-- This site is optimized with the Yoast SEO plugin v27.0 - https:\/\/yoast.com\/product\/yoast-seo-wordpress\/ -->\n<title>Yumiko AWARE\u2122 Hamamtuch 100x180cm, gr\u00fcn - Ukiyo Home<\/title>\n<meta name=\"robots\" content=\"index, follow, max-snippet:-1, max-image-preview:large, max-video-preview:-1\" \/>\n<link rel=\"canonical\" href=\"https:\/\/ukiyo-home.com\/de\/yumiko-aware-hamamtuch-100x180cm-gruen\/\" \/>\n<meta property=\"og:locale\" content=\"de_DE\" \/>\n<meta property=\"og:type\" content=\"article\" \/>\n<meta property=\"og:title\" content=\"Yumiko AWARE\u2122 Hamamtuch 100x180cm, gr\u00fcn - Ukiyo Home\" \/>\n<meta property=\"og:description\" content=\"Dieses leichte, sehr saugf\u00e4hige und schnell trocknende 260gr\/m\u00b2 Handtuch ist eines der besten nachhaltigen Handt\u00fccher auf dem Markt. Hamant\u00fccher sind multifunktional: Sie k\u00f6nnen es auch als Picknick- sowie Babydecke oder als Yoga-, Strand- und Fitnesstuch verwenden. Oder sogar als Tischdecke. Das d\u00fcnne Material macht es ultra-portabel und l\u00e4sst sich so ganz leicht in Ihrer Strandtasche, [&hellip;]\" \/>\n<meta property=\"og:url\" content=\"https:\/\/ukiyo-home.com\/de\/yumiko-aware-hamamtuch-100x180cm-gruen\/\" \/>\n<meta property=\"og:site_name\" content=\"Ukiyo Home\" \/>\n<meta property=\"article:modified_time\" content=\"2026-03-20T02:00:23+00:00\" \/>\n<meta property=\"og:image\" content=\"https:\/\/ukiyo-home.com\/wp-content\/uploads\/sites\/7\/2024\/02\/P453.797__S_0__f4b92e34ddd14c0bb77b52fa9d21332f.jpg\" \/>\n\t<meta property=\"og:image:width\" content=\"1024\" \/>\n\t<meta property=\"og:image:height\" content=\"1024\" \/>\n\t<meta property=\"og:image:type\" content=\"image\/jpeg\" \/>\n<meta name=\"twitter:card\" content=\"summary_large_image\" \/>\n<meta name=\"twitter:label1\" content=\"Gesch\u00e4tzte Lesezeit\" \/>\n\t<meta name=\"twitter:data1\" content=\"1\u00a0Minute\" \/>\n<script type=\"application\/ld+json\" class=\"yoast-schema-graph\">{\"@context\":\"https:\/\/schema.org\",\"@graph\":[{\"@type\":\"WebPage\",\"@id\":\"https:\/\/ukiyo-home.com\/de\/yumiko-aware-hamamtuch-100x180cm-gruen\/\",\"url\":\"https:\/\/ukiyo-home.com\/de\/yumiko-aware-hamamtuch-100x180cm-gruen\/\",\"name\":\"Yumiko AWARE\u2122 Hamamtuch 100x180cm, gr\u00fcn - Ukiyo Home\",\"isPartOf\":{\"@id\":\"https:\/\/ukiyo-home.com\/de\/#website\"},\"primaryImageOfPage\":{\"@id\":\"https:\/\/ukiyo-home.com\/de\/yumiko-aware-hamamtuch-100x180cm-gruen\/#primaryimage\"},\"image\":{\"@id\":\"https:\/\/ukiyo-home.com\/de\/yumiko-aware-hamamtuch-100x180cm-gruen\/#primaryimage\"},\"thumbnailUrl\":\"https:\/\/ukiyo-home.com\/wp-content\/uploads\/sites\/7\/2024\/02\/P453.797__S_0__f4b92e34ddd14c0bb77b52fa9d21332f.jpg\",\"datePublished\":\"2023-02-27T14:59:11+00:00\",\"dateModified\":\"2026-03-20T02:00:23+00:00\",\"breadcrumb\":{\"@id\":\"https:\/\/ukiyo-home.com\/de\/yumiko-aware-hamamtuch-100x180cm-gruen\/#breadcrumb\"},\"inLanguage\":\"de\",\"potentialAction\":[{\"@type\":\"ReadAction\",\"target\":[\"https:\/\/ukiyo-home.com\/de\/yumiko-aware-hamamtuch-100x180cm-gruen\/\"]}]},{\"@type\":\"ImageObject\",\"inLanguage\":\"de\",\"@id\":\"https:\/\/ukiyo-home.com\/de\/yumiko-aware-hamamtuch-100x180cm-gruen\/#primaryimage\",\"url\":\"https:\/\/ukiyo-home.com\/wp-content\/uploads\/sites\/7\/2024\/02\/P453.797__S_0__f4b92e34ddd14c0bb77b52fa9d21332f.jpg\",\"contentUrl\":\"https:\/\/ukiyo-home.com\/wp-content\/uploads\/sites\/7\/2024\/02\/P453.797__S_0__f4b92e34ddd14c0bb77b52fa9d21332f.jpg\",\"width\":1024,\"height\":1024},{\"@type\":\"BreadcrumbList\",\"@id\":\"https:\/\/ukiyo-home.com\/de\/yumiko-aware-hamamtuch-100x180cm-gruen\/#breadcrumb\",\"itemListElement\":[{\"@type\":\"ListItem\",\"position\":1,\"name\":\"Home\",\"item\":\"https:\/\/ukiyo-home.com\/de\/\"},{\"@type\":\"ListItem\",\"position\":2,\"name\":\"Kollektion\",\"item\":\"https:\/\/ukiyo-home.com\/de\/kollektion-de\/\"},{\"@type\":\"ListItem\",\"position\":3,\"name\":\"Yumiko AWARE\u2122 Hamamtuch 100x180cm, gr\u00fcn\"}]},{\"@type\":\"WebSite\",\"@id\":\"https:\/\/ukiyo-home.com\/de\/#website\",\"url\":\"https:\/\/ukiyo-home.com\/de\/\",\"name\":\"Ukiyo Home\",\"description\":\"Just another Swiss Peak Sites site\",\"potentialAction\":[{\"@type\":\"SearchAction\",\"target\":{\"@type\":\"EntryPoint\",\"urlTemplate\":\"https:\/\/ukiyo-home.com\/de\/?s={search_term_string}\"},\"query-input\":{\"@type\":\"PropertyValueSpecification\",\"valueRequired\":true,\"valueName\":\"search_term_string\"}}],\"inLanguage\":\"de\"}]}<\/script>\n<!-- \/ Yoast SEO plugin. -->","yoast_head_json":{"title":"Yumiko AWARE\u2122 Hamamtuch 100x180cm, gr\u00fcn - Ukiyo Home","robots":{"index":"index","follow":"follow","max-snippet":"max-snippet:-1","max-image-preview":"max-image-preview:large","max-video-preview":"max-video-preview:-1"},"canonical":"https:\/\/ukiyo-home.com\/de\/yumiko-aware-hamamtuch-100x180cm-gruen\/","og_locale":"de_DE","og_type":"article","og_title":"Yumiko AWARE\u2122 Hamamtuch 100x180cm, gr\u00fcn - Ukiyo Home","og_description":"Dieses leichte, sehr saugf\u00e4hige und schnell trocknende 260gr\/m\u00b2 Handtuch ist eines der besten nachhaltigen Handt\u00fccher auf dem Markt. Hamant\u00fccher sind multifunktional: Sie k\u00f6nnen es auch als Picknick- sowie Babydecke oder als Yoga-, Strand- und Fitnesstuch verwenden. Oder sogar als Tischdecke. Das d\u00fcnne Material macht es ultra-portabel und l\u00e4sst sich so ganz leicht in Ihrer Strandtasche, [&hellip;]","og_url":"https:\/\/ukiyo-home.com\/de\/yumiko-aware-hamamtuch-100x180cm-gruen\/","og_site_name":"Ukiyo Home","article_modified_time":"2026-03-20T02:00:23+00:00","og_image":[{"width":1024,"height":1024,"url":"https:\/\/ukiyo-home.com\/wp-content\/uploads\/sites\/7\/2024\/02\/P453.797__S_0__f4b92e34ddd14c0bb77b52fa9d21332f.jpg","type":"image\/jpeg"}],"twitter_card":"summary_large_image","twitter_misc":{"Gesch\u00e4tzte Lesezeit":"1\u00a0Minute"},"schema":{"@context":"https:\/\/schema.org","@graph":[{"@type":"WebPage","@id":"https:\/\/ukiyo-home.com\/de\/yumiko-aware-hamamtuch-100x180cm-gruen\/","url":"https:\/\/ukiyo-home.com\/de\/yumiko-aware-hamamtuch-100x180cm-gruen\/","name":"Yumiko AWARE\u2122 Hamamtuch 100x180cm, gr\u00fcn - Ukiyo Home","isPartOf":{"@id":"https:\/\/ukiyo-home.com\/de\/#website"},"primaryImageOfPage":{"@id":"https:\/\/ukiyo-home.com\/de\/yumiko-aware-hamamtuch-100x180cm-gruen\/#primaryimage"},"image":{"@id":"https:\/\/ukiyo-home.com\/de\/yumiko-aware-hamamtuch-100x180cm-gruen\/#primaryimage"},"thumbnailUrl":"https:\/\/ukiyo-home.com\/wp-content\/uploads\/sites\/7\/2024\/02\/P453.797__S_0__f4b92e34ddd14c0bb77b52fa9d21332f.jpg","datePublished":"2023-02-27T14:59:11+00:00","dateModified":"2026-03-20T02:00:23+00:00","breadcrumb":{"@id":"https:\/\/ukiyo-home.com\/de\/yumiko-aware-hamamtuch-100x180cm-gruen\/#breadcrumb"},"inLanguage":"de","potentialAction":[{"@type":"ReadAction","target":["https:\/\/ukiyo-home.com\/de\/yumiko-aware-hamamtuch-100x180cm-gruen\/"]}]},{"@type":"ImageObject","inLanguage":"de","@id":"https:\/\/ukiyo-home.com\/de\/yumiko-aware-hamamtuch-100x180cm-gruen\/#primaryimage","url":"https:\/\/ukiyo-home.com\/wp-content\/uploads\/sites\/7\/2024\/02\/P453.797__S_0__f4b92e34ddd14c0bb77b52fa9d21332f.jpg","contentUrl":"https:\/\/ukiyo-home.com\/wp-content\/uploads\/sites\/7\/2024\/02\/P453.797__S_0__f4b92e34ddd14c0bb77b52fa9d21332f.jpg","width":1024,"height":1024},{"@type":"BreadcrumbList","@id":"https:\/\/ukiyo-home.com\/de\/yumiko-aware-hamamtuch-100x180cm-gruen\/#breadcrumb","itemListElement":[{"@type":"ListItem","position":1,"name":"Home","item":"https:\/\/ukiyo-home.com\/de\/"},{"@type":"ListItem","position":2,"name":"Kollektion","item":"https:\/\/ukiyo-home.com\/de\/kollektion-de\/"},{"@type":"ListItem","position":3,"name":"Yumiko AWARE\u2122 Hamamtuch 100x180cm, gr\u00fcn"}]},{"@type":"WebSite","@id":"https:\/\/ukiyo-home.com\/de\/#website","url":"https:\/\/ukiyo-home.com\/de\/","name":"Ukiyo Home","description":"Just another Swiss Peak Sites site","potentialAction":[{"@type":"SearchAction","target":{"@type":"EntryPoint","urlTemplate":"https:\/\/ukiyo-home.com\/de\/?s={search_term_string}"},"query-input":{"@type":"PropertyValueSpecification","valueRequired":true,"valueName":"search_term_string"}}],"inLanguage":"de"}]}},"_links":{"self":[{"href":"https:\/\/ukiyo-home.com\/de\/wp-json\/wp\/v2\/product\/3799","targetHints":{"allow":["GET"]}}],"collection":[{"href":"https:\/\/ukiyo-home.com\/de\/wp-json\/wp\/v2\/product"}],"about":[{"href":"https:\/\/ukiyo-home.com\/de\/wp-json\/wp\/v2\/types\/product"}],"replies":[{"embeddable":true,"href":"https:\/\/ukiyo-home.com\/de\/wp-json\/wp\/v2\/comments?post=3799"}],"wp:featuredmedia":[{"embeddable":true,"href":"https:\/\/ukiyo-home.com\/de\/wp-json\/wp\/v2\/media\/11000"}],"wp:attachment":[{"href":"https:\/\/ukiyo-home.com\/de\/wp-json\/wp\/v2\/media?parent=3799"}],"wp:term":[{"taxonomy":"product_cat","embeddable":true,"href":"https:\/\/ukiyo-home.com\/de\/wp-json\/wp\/v2\/product_cat?post=3799"},{"taxonomy":"product_tag","embeddable":true,"href":"https:\/\/ukiyo-home.com\/de\/wp-json\/wp\/v2\/product_tag?post=3799"}],"curies":[{"name":"wp","href":"https:\/\/api.w.org\/{rel}","templated":true}]}}