{"id":3790,"date":"2023-02-27T14:59:11","date_gmt":"2023-02-27T14:59:11","guid":{"rendered":"https:\/\/xdsomename.tempurl.host\/ukiyo-website\/product\/borosilikatglas-mit-silikondeckel-sleeve-braun\/"},"modified":"2026-04-16T01:00:40","modified_gmt":"2026-04-16T01:00:40","slug":"borosilikatglas-mit-silikondeckel-sleeve-braun","status":"publish","type":"product","link":"https:\/\/ukiyo-home.com\/de\/borosilikatglas-mit-silikondeckel-sleeve-braun\/","title":{"rendered":"Borosilikatglas mit Silikondeckel &amp; Sleeve, braun"},"content":{"rendered":"<p>Genie\u00dfen Sie Ihren Kaffee bei der Arbeit oder zu Hause in diesem Ukiyo-Borosilikatglas mit Silikondeckel und Sleev. Die Tasse hat einen sch\u00f6nen Griff und eine schlanke Form. Eine kleine \u00d6ffnung im Deckel l\u00e4sst Dampf entweichen, um einen Druckaufbau zu verhindern. BPA-frei. Fassungsverm\u00f6gen 360ml. Dieses Produkt ist nicht f\u00fcr den Verkauf nach Deutschland verf\u00fcgbar.<\/p>\n","protected":false},"excerpt":{"rendered":"<p>Genie\u00dfen Sie Ihren Kaffee bei der Arbeit oder zu Hause in diesem Ukiyo-Borosilikatglas mit Silikondeckel und Sleev. Die Tasse hat einen sch\u00f6nen Griff und eine schlanke Form. Eine kleine \u00d6ffnung im Deckel l\u00e4sst Dampf entweichen, um einen Druckaufbau zu verhindern. BPA-frei. Fassungsverm\u00f6gen 360ml. Dieses Produkt ist nicht f\u00fcr den Verkauf nach Deutschland verf\u00fcgbar.<\/p>\n","protected":false},"featured_media":14484,"comment_status":"closed","ping_status":"closed","template":"","meta":{"_acf_changed":false},"product_cat":[73],"product_tag":[],"class_list":["post-3790","product","type-product","status-publish","has-post-thumbnail","hentry","product_cat-kuche-de","pa_color-brown"],"acf":[],"yoast_head":"<!-- This site is optimized with the Yoast SEO plugin v27.0 - https:\/\/yoast.com\/product\/yoast-seo-wordpress\/ -->\n<title>Borosilikatglas mit Silikondeckel &amp; Sleeve, braun - Ukiyo Home<\/title>\n<meta name=\"robots\" content=\"index, follow, max-snippet:-1, max-image-preview:large, max-video-preview:-1\" \/>\n<link rel=\"canonical\" href=\"https:\/\/ukiyo-home.com\/de\/borosilikatglas-mit-silikondeckel-sleeve-braun\/\" \/>\n<meta property=\"og:locale\" content=\"de_DE\" \/>\n<meta property=\"og:type\" content=\"article\" \/>\n<meta property=\"og:title\" content=\"Borosilikatglas mit Silikondeckel &amp; Sleeve, braun - Ukiyo Home\" \/>\n<meta property=\"og:description\" content=\"Genie\u00dfen Sie Ihren Kaffee bei der Arbeit oder zu Hause in diesem Ukiyo-Borosilikatglas mit Silikondeckel und Sleev. Die Tasse hat einen sch\u00f6nen Griff und eine schlanke Form. Eine kleine \u00d6ffnung im Deckel l\u00e4sst Dampf entweichen, um einen Druckaufbau zu verhindern. BPA-frei. Fassungsverm\u00f6gen 360ml. Dieses Produkt ist nicht f\u00fcr den Verkauf nach Deutschland verf\u00fcgbar.\" \/>\n<meta property=\"og:url\" content=\"https:\/\/ukiyo-home.com\/de\/borosilikatglas-mit-silikondeckel-sleeve-braun\/\" \/>\n<meta property=\"og:site_name\" content=\"Ukiyo Home\" \/>\n<meta property=\"article:modified_time\" content=\"2026-04-16T01:00:40+00:00\" \/>\n<meta property=\"og:image\" content=\"https:\/\/ukiyo-home.com\/wp-content\/uploads\/sites\/7\/2026\/04\/P432.709__S_0__3d1372bbca2e4fc1b7a52bd6e44dc330.jpg\" \/>\n\t<meta property=\"og:image:width\" content=\"1024\" \/>\n\t<meta property=\"og:image:height\" content=\"1024\" \/>\n\t<meta property=\"og:image:type\" content=\"image\/jpeg\" \/>\n<meta name=\"twitter:card\" content=\"summary_large_image\" \/>\n<script type=\"application\/ld+json\" class=\"yoast-schema-graph\">{\"@context\":\"https:\/\/schema.org\",\"@graph\":[{\"@type\":\"WebPage\",\"@id\":\"https:\/\/ukiyo-home.com\/de\/borosilikatglas-mit-silikondeckel-sleeve-braun\/\",\"url\":\"https:\/\/ukiyo-home.com\/de\/borosilikatglas-mit-silikondeckel-sleeve-braun\/\",\"name\":\"Borosilikatglas mit Silikondeckel &amp; Sleeve, braun - Ukiyo Home\",\"isPartOf\":{\"@id\":\"https:\/\/ukiyo-home.com\/de\/#website\"},\"primaryImageOfPage\":{\"@id\":\"https:\/\/ukiyo-home.com\/de\/borosilikatglas-mit-silikondeckel-sleeve-braun\/#primaryimage\"},\"image\":{\"@id\":\"https:\/\/ukiyo-home.com\/de\/borosilikatglas-mit-silikondeckel-sleeve-braun\/#primaryimage\"},\"thumbnailUrl\":\"https:\/\/ukiyo-home.com\/wp-content\/uploads\/sites\/7\/2026\/04\/P432.709__S_0__3d1372bbca2e4fc1b7a52bd6e44dc330.jpg\",\"datePublished\":\"2023-02-27T14:59:11+00:00\",\"dateModified\":\"2026-04-16T01:00:40+00:00\",\"breadcrumb\":{\"@id\":\"https:\/\/ukiyo-home.com\/de\/borosilikatglas-mit-silikondeckel-sleeve-braun\/#breadcrumb\"},\"inLanguage\":\"de\",\"potentialAction\":[{\"@type\":\"ReadAction\",\"target\":[\"https:\/\/ukiyo-home.com\/de\/borosilikatglas-mit-silikondeckel-sleeve-braun\/\"]}]},{\"@type\":\"ImageObject\",\"inLanguage\":\"de\",\"@id\":\"https:\/\/ukiyo-home.com\/de\/borosilikatglas-mit-silikondeckel-sleeve-braun\/#primaryimage\",\"url\":\"https:\/\/ukiyo-home.com\/wp-content\/uploads\/sites\/7\/2026\/04\/P432.709__S_0__3d1372bbca2e4fc1b7a52bd6e44dc330.jpg\",\"contentUrl\":\"https:\/\/ukiyo-home.com\/wp-content\/uploads\/sites\/7\/2026\/04\/P432.709__S_0__3d1372bbca2e4fc1b7a52bd6e44dc330.jpg\",\"width\":1024,\"height\":1024},{\"@type\":\"BreadcrumbList\",\"@id\":\"https:\/\/ukiyo-home.com\/de\/borosilikatglas-mit-silikondeckel-sleeve-braun\/#breadcrumb\",\"itemListElement\":[{\"@type\":\"ListItem\",\"position\":1,\"name\":\"Home\",\"item\":\"https:\/\/ukiyo-home.com\/de\/\"},{\"@type\":\"ListItem\",\"position\":2,\"name\":\"Kollektion\",\"item\":\"https:\/\/ukiyo-home.com\/de\/kollektion-de\/\"},{\"@type\":\"ListItem\",\"position\":3,\"name\":\"Borosilikatglas mit Silikondeckel &amp; Sleeve, braun\"}]},{\"@type\":\"WebSite\",\"@id\":\"https:\/\/ukiyo-home.com\/de\/#website\",\"url\":\"https:\/\/ukiyo-home.com\/de\/\",\"name\":\"Ukiyo Home\",\"description\":\"Just another Swiss Peak Sites site\",\"potentialAction\":[{\"@type\":\"SearchAction\",\"target\":{\"@type\":\"EntryPoint\",\"urlTemplate\":\"https:\/\/ukiyo-home.com\/de\/?s={search_term_string}\"},\"query-input\":{\"@type\":\"PropertyValueSpecification\",\"valueRequired\":true,\"valueName\":\"search_term_string\"}}],\"inLanguage\":\"de\"}]}<\/script>\n<!-- \/ Yoast SEO plugin. -->","yoast_head_json":{"title":"Borosilikatglas mit Silikondeckel &amp; Sleeve, braun - Ukiyo Home","robots":{"index":"index","follow":"follow","max-snippet":"max-snippet:-1","max-image-preview":"max-image-preview:large","max-video-preview":"max-video-preview:-1"},"canonical":"https:\/\/ukiyo-home.com\/de\/borosilikatglas-mit-silikondeckel-sleeve-braun\/","og_locale":"de_DE","og_type":"article","og_title":"Borosilikatglas mit Silikondeckel &amp; Sleeve, braun - Ukiyo Home","og_description":"Genie\u00dfen Sie Ihren Kaffee bei der Arbeit oder zu Hause in diesem Ukiyo-Borosilikatglas mit Silikondeckel und Sleev. Die Tasse hat einen sch\u00f6nen Griff und eine schlanke Form. Eine kleine \u00d6ffnung im Deckel l\u00e4sst Dampf entweichen, um einen Druckaufbau zu verhindern. BPA-frei. Fassungsverm\u00f6gen 360ml. Dieses Produkt ist nicht f\u00fcr den Verkauf nach Deutschland verf\u00fcgbar.","og_url":"https:\/\/ukiyo-home.com\/de\/borosilikatglas-mit-silikondeckel-sleeve-braun\/","og_site_name":"Ukiyo Home","article_modified_time":"2026-04-16T01:00:40+00:00","og_image":[{"width":1024,"height":1024,"url":"https:\/\/ukiyo-home.com\/wp-content\/uploads\/sites\/7\/2026\/04\/P432.709__S_0__3d1372bbca2e4fc1b7a52bd6e44dc330.jpg","type":"image\/jpeg"}],"twitter_card":"summary_large_image","schema":{"@context":"https:\/\/schema.org","@graph":[{"@type":"WebPage","@id":"https:\/\/ukiyo-home.com\/de\/borosilikatglas-mit-silikondeckel-sleeve-braun\/","url":"https:\/\/ukiyo-home.com\/de\/borosilikatglas-mit-silikondeckel-sleeve-braun\/","name":"Borosilikatglas mit Silikondeckel &amp; Sleeve, braun - Ukiyo Home","isPartOf":{"@id":"https:\/\/ukiyo-home.com\/de\/#website"},"primaryImageOfPage":{"@id":"https:\/\/ukiyo-home.com\/de\/borosilikatglas-mit-silikondeckel-sleeve-braun\/#primaryimage"},"image":{"@id":"https:\/\/ukiyo-home.com\/de\/borosilikatglas-mit-silikondeckel-sleeve-braun\/#primaryimage"},"thumbnailUrl":"https:\/\/ukiyo-home.com\/wp-content\/uploads\/sites\/7\/2026\/04\/P432.709__S_0__3d1372bbca2e4fc1b7a52bd6e44dc330.jpg","datePublished":"2023-02-27T14:59:11+00:00","dateModified":"2026-04-16T01:00:40+00:00","breadcrumb":{"@id":"https:\/\/ukiyo-home.com\/de\/borosilikatglas-mit-silikondeckel-sleeve-braun\/#breadcrumb"},"inLanguage":"de","potentialAction":[{"@type":"ReadAction","target":["https:\/\/ukiyo-home.com\/de\/borosilikatglas-mit-silikondeckel-sleeve-braun\/"]}]},{"@type":"ImageObject","inLanguage":"de","@id":"https:\/\/ukiyo-home.com\/de\/borosilikatglas-mit-silikondeckel-sleeve-braun\/#primaryimage","url":"https:\/\/ukiyo-home.com\/wp-content\/uploads\/sites\/7\/2026\/04\/P432.709__S_0__3d1372bbca2e4fc1b7a52bd6e44dc330.jpg","contentUrl":"https:\/\/ukiyo-home.com\/wp-content\/uploads\/sites\/7\/2026\/04\/P432.709__S_0__3d1372bbca2e4fc1b7a52bd6e44dc330.jpg","width":1024,"height":1024},{"@type":"BreadcrumbList","@id":"https:\/\/ukiyo-home.com\/de\/borosilikatglas-mit-silikondeckel-sleeve-braun\/#breadcrumb","itemListElement":[{"@type":"ListItem","position":1,"name":"Home","item":"https:\/\/ukiyo-home.com\/de\/"},{"@type":"ListItem","position":2,"name":"Kollektion","item":"https:\/\/ukiyo-home.com\/de\/kollektion-de\/"},{"@type":"ListItem","position":3,"name":"Borosilikatglas mit Silikondeckel &amp; Sleeve, braun"}]},{"@type":"WebSite","@id":"https:\/\/ukiyo-home.com\/de\/#website","url":"https:\/\/ukiyo-home.com\/de\/","name":"Ukiyo Home","description":"Just another Swiss Peak Sites site","potentialAction":[{"@type":"SearchAction","target":{"@type":"EntryPoint","urlTemplate":"https:\/\/ukiyo-home.com\/de\/?s={search_term_string}"},"query-input":{"@type":"PropertyValueSpecification","valueRequired":true,"valueName":"search_term_string"}}],"inLanguage":"de"}]}},"_links":{"self":[{"href":"https:\/\/ukiyo-home.com\/de\/wp-json\/wp\/v2\/product\/3790","targetHints":{"allow":["GET"]}}],"collection":[{"href":"https:\/\/ukiyo-home.com\/de\/wp-json\/wp\/v2\/product"}],"about":[{"href":"https:\/\/ukiyo-home.com\/de\/wp-json\/wp\/v2\/types\/product"}],"replies":[{"embeddable":true,"href":"https:\/\/ukiyo-home.com\/de\/wp-json\/wp\/v2\/comments?post=3790"}],"wp:featuredmedia":[{"embeddable":true,"href":"https:\/\/ukiyo-home.com\/de\/wp-json\/wp\/v2\/media\/14484"}],"wp:attachment":[{"href":"https:\/\/ukiyo-home.com\/de\/wp-json\/wp\/v2\/media?parent=3790"}],"wp:term":[{"taxonomy":"product_cat","embeddable":true,"href":"https:\/\/ukiyo-home.com\/de\/wp-json\/wp\/v2\/product_cat?post=3790"},{"taxonomy":"product_tag","embeddable":true,"href":"https:\/\/ukiyo-home.com\/de\/wp-json\/wp\/v2\/product_tag?post=3790"}],"curies":[{"name":"wp","href":"https:\/\/api.w.org\/{rel}","templated":true}]}}