{"id":3780,"date":"2023-02-27T14:55:49","date_gmt":"2023-02-27T14:55:49","guid":{"rendered":"https:\/\/xdsomename.tempurl.host\/ukiyo-website\/product\/2-tlg-teller-set-weiss\/"},"modified":"2026-03-12T02:00:35","modified_gmt":"2026-03-12T02:00:35","slug":"2-tlg-teller-set-weiss","status":"publish","type":"product","link":"https:\/\/ukiyo-home.com\/de\/2-tlg-teller-set-weiss\/","title":{"rendered":"2-tlg. Teller-Set, wei\u00df"},"content":{"rendered":"<p>Decken Sie einen sch\u00f6nen und einladenden Tisch mit diesen wundersch\u00f6nen Keramiktellern! Die Ukiyo Speiseteller sind ideal, um Ihre Gerichte sch\u00f6n zu pr\u00e4sentieren. Die Teller haben eine sch\u00f6ne neutrale Farbe mit schwarzen detaillierten Kanten und passen so in jeden Haushalt. Kombinieren Sie die Essteller mit anderen Tellern und Schalen von Ukiyo, um eine einzigartige und pers\u00f6nliche Tischdekoration zu schaffen. Die Teller sind mikrowellengeeignet und sp\u00fclmaschinenfest und werden gemeinsam in einer Geschenkbox geliefert. Durchmesser: 27 cm. Dieses Produkt ist nicht f\u00fcr den Verkauf nach Deutschland verf\u00fcgbar.<\/p>\n","protected":false},"excerpt":{"rendered":"<p>Decken Sie einen sch\u00f6nen und einladenden Tisch mit diesen wundersch\u00f6nen Keramiktellern! Die Ukiyo Speiseteller sind ideal, um Ihre Gerichte sch\u00f6n zu pr\u00e4sentieren. Die Teller haben eine sch\u00f6ne neutrale Farbe mit schwarzen detaillierten Kanten und passen so in jeden Haushalt. Kombinieren Sie die Essteller mit anderen Tellern und Schalen von Ukiyo, um eine einzigartige und pers\u00f6nliche [&hellip;]<\/p>\n","protected":false},"featured_media":9054,"comment_status":"closed","ping_status":"closed","template":"","meta":{"_acf_changed":false},"product_cat":[73],"product_tag":[],"class_list":["post-3780","product","type-product","status-publish","has-post-thumbnail","hentry","product_cat-kuche-de","pa_color-black","pa_color-white"],"acf":[],"yoast_head":"<!-- This site is optimized with the Yoast SEO plugin v27.0 - https:\/\/yoast.com\/product\/yoast-seo-wordpress\/ -->\n<title>2-tlg. Teller-Set, wei\u00df - Ukiyo Home<\/title>\n<meta name=\"robots\" content=\"index, follow, max-snippet:-1, max-image-preview:large, max-video-preview:-1\" \/>\n<link rel=\"canonical\" href=\"https:\/\/ukiyo-home.com\/de\/2-tlg-teller-set-weiss\/\" \/>\n<meta property=\"og:locale\" content=\"de_DE\" \/>\n<meta property=\"og:type\" content=\"article\" \/>\n<meta property=\"og:title\" content=\"2-tlg. Teller-Set, wei\u00df - Ukiyo Home\" \/>\n<meta property=\"og:description\" content=\"Decken Sie einen sch\u00f6nen und einladenden Tisch mit diesen wundersch\u00f6nen Keramiktellern! Die Ukiyo Speiseteller sind ideal, um Ihre Gerichte sch\u00f6n zu pr\u00e4sentieren. Die Teller haben eine sch\u00f6ne neutrale Farbe mit schwarzen detaillierten Kanten und passen so in jeden Haushalt. Kombinieren Sie die Essteller mit anderen Tellern und Schalen von Ukiyo, um eine einzigartige und pers\u00f6nliche [&hellip;]\" \/>\n<meta property=\"og:url\" content=\"https:\/\/ukiyo-home.com\/de\/2-tlg-teller-set-weiss\/\" \/>\n<meta property=\"og:site_name\" content=\"Ukiyo Home\" \/>\n<meta property=\"article:modified_time\" content=\"2026-03-12T02:00:35+00:00\" \/>\n<meta property=\"og:image\" content=\"https:\/\/ukiyo-home.com\/wp-content\/uploads\/sites\/7\/2024\/02\/P263.081__S_0__9160d7b180714a9eb2715e6a7851a04a.jpg\" \/>\n\t<meta property=\"og:image:width\" content=\"1024\" \/>\n\t<meta property=\"og:image:height\" content=\"1024\" \/>\n\t<meta property=\"og:image:type\" content=\"image\/jpeg\" \/>\n<meta name=\"twitter:card\" content=\"summary_large_image\" \/>\n<script type=\"application\/ld+json\" class=\"yoast-schema-graph\">{\"@context\":\"https:\/\/schema.org\",\"@graph\":[{\"@type\":\"WebPage\",\"@id\":\"https:\/\/ukiyo-home.com\/de\/2-tlg-teller-set-weiss\/\",\"url\":\"https:\/\/ukiyo-home.com\/de\/2-tlg-teller-set-weiss\/\",\"name\":\"2-tlg. Teller-Set, wei\u00df - Ukiyo Home\",\"isPartOf\":{\"@id\":\"https:\/\/ukiyo-home.com\/de\/#website\"},\"primaryImageOfPage\":{\"@id\":\"https:\/\/ukiyo-home.com\/de\/2-tlg-teller-set-weiss\/#primaryimage\"},\"image\":{\"@id\":\"https:\/\/ukiyo-home.com\/de\/2-tlg-teller-set-weiss\/#primaryimage\"},\"thumbnailUrl\":\"https:\/\/ukiyo-home.com\/wp-content\/uploads\/sites\/7\/2024\/02\/P263.081__S_0__9160d7b180714a9eb2715e6a7851a04a.jpg\",\"datePublished\":\"2023-02-27T14:55:49+00:00\",\"dateModified\":\"2026-03-12T02:00:35+00:00\",\"breadcrumb\":{\"@id\":\"https:\/\/ukiyo-home.com\/de\/2-tlg-teller-set-weiss\/#breadcrumb\"},\"inLanguage\":\"de\",\"potentialAction\":[{\"@type\":\"ReadAction\",\"target\":[\"https:\/\/ukiyo-home.com\/de\/2-tlg-teller-set-weiss\/\"]}]},{\"@type\":\"ImageObject\",\"inLanguage\":\"de\",\"@id\":\"https:\/\/ukiyo-home.com\/de\/2-tlg-teller-set-weiss\/#primaryimage\",\"url\":\"https:\/\/ukiyo-home.com\/wp-content\/uploads\/sites\/7\/2024\/02\/P263.081__S_0__9160d7b180714a9eb2715e6a7851a04a.jpg\",\"contentUrl\":\"https:\/\/ukiyo-home.com\/wp-content\/uploads\/sites\/7\/2024\/02\/P263.081__S_0__9160d7b180714a9eb2715e6a7851a04a.jpg\",\"width\":1024,\"height\":1024},{\"@type\":\"BreadcrumbList\",\"@id\":\"https:\/\/ukiyo-home.com\/de\/2-tlg-teller-set-weiss\/#breadcrumb\",\"itemListElement\":[{\"@type\":\"ListItem\",\"position\":1,\"name\":\"Home\",\"item\":\"https:\/\/ukiyo-home.com\/de\/\"},{\"@type\":\"ListItem\",\"position\":2,\"name\":\"Kollektion\",\"item\":\"https:\/\/ukiyo-home.com\/de\/kollektion-de\/\"},{\"@type\":\"ListItem\",\"position\":3,\"name\":\"2-tlg. Teller-Set, wei\u00df\"}]},{\"@type\":\"WebSite\",\"@id\":\"https:\/\/ukiyo-home.com\/de\/#website\",\"url\":\"https:\/\/ukiyo-home.com\/de\/\",\"name\":\"Ukiyo Home\",\"description\":\"Just another Swiss Peak Sites site\",\"potentialAction\":[{\"@type\":\"SearchAction\",\"target\":{\"@type\":\"EntryPoint\",\"urlTemplate\":\"https:\/\/ukiyo-home.com\/de\/?s={search_term_string}\"},\"query-input\":{\"@type\":\"PropertyValueSpecification\",\"valueRequired\":true,\"valueName\":\"search_term_string\"}}],\"inLanguage\":\"de\"}]}<\/script>\n<!-- \/ Yoast SEO plugin. -->","yoast_head_json":{"title":"2-tlg. Teller-Set, wei\u00df - Ukiyo Home","robots":{"index":"index","follow":"follow","max-snippet":"max-snippet:-1","max-image-preview":"max-image-preview:large","max-video-preview":"max-video-preview:-1"},"canonical":"https:\/\/ukiyo-home.com\/de\/2-tlg-teller-set-weiss\/","og_locale":"de_DE","og_type":"article","og_title":"2-tlg. Teller-Set, wei\u00df - Ukiyo Home","og_description":"Decken Sie einen sch\u00f6nen und einladenden Tisch mit diesen wundersch\u00f6nen Keramiktellern! Die Ukiyo Speiseteller sind ideal, um Ihre Gerichte sch\u00f6n zu pr\u00e4sentieren. Die Teller haben eine sch\u00f6ne neutrale Farbe mit schwarzen detaillierten Kanten und passen so in jeden Haushalt. Kombinieren Sie die Essteller mit anderen Tellern und Schalen von Ukiyo, um eine einzigartige und pers\u00f6nliche [&hellip;]","og_url":"https:\/\/ukiyo-home.com\/de\/2-tlg-teller-set-weiss\/","og_site_name":"Ukiyo Home","article_modified_time":"2026-03-12T02:00:35+00:00","og_image":[{"width":1024,"height":1024,"url":"https:\/\/ukiyo-home.com\/wp-content\/uploads\/sites\/7\/2024\/02\/P263.081__S_0__9160d7b180714a9eb2715e6a7851a04a.jpg","type":"image\/jpeg"}],"twitter_card":"summary_large_image","schema":{"@context":"https:\/\/schema.org","@graph":[{"@type":"WebPage","@id":"https:\/\/ukiyo-home.com\/de\/2-tlg-teller-set-weiss\/","url":"https:\/\/ukiyo-home.com\/de\/2-tlg-teller-set-weiss\/","name":"2-tlg. Teller-Set, wei\u00df - Ukiyo Home","isPartOf":{"@id":"https:\/\/ukiyo-home.com\/de\/#website"},"primaryImageOfPage":{"@id":"https:\/\/ukiyo-home.com\/de\/2-tlg-teller-set-weiss\/#primaryimage"},"image":{"@id":"https:\/\/ukiyo-home.com\/de\/2-tlg-teller-set-weiss\/#primaryimage"},"thumbnailUrl":"https:\/\/ukiyo-home.com\/wp-content\/uploads\/sites\/7\/2024\/02\/P263.081__S_0__9160d7b180714a9eb2715e6a7851a04a.jpg","datePublished":"2023-02-27T14:55:49+00:00","dateModified":"2026-03-12T02:00:35+00:00","breadcrumb":{"@id":"https:\/\/ukiyo-home.com\/de\/2-tlg-teller-set-weiss\/#breadcrumb"},"inLanguage":"de","potentialAction":[{"@type":"ReadAction","target":["https:\/\/ukiyo-home.com\/de\/2-tlg-teller-set-weiss\/"]}]},{"@type":"ImageObject","inLanguage":"de","@id":"https:\/\/ukiyo-home.com\/de\/2-tlg-teller-set-weiss\/#primaryimage","url":"https:\/\/ukiyo-home.com\/wp-content\/uploads\/sites\/7\/2024\/02\/P263.081__S_0__9160d7b180714a9eb2715e6a7851a04a.jpg","contentUrl":"https:\/\/ukiyo-home.com\/wp-content\/uploads\/sites\/7\/2024\/02\/P263.081__S_0__9160d7b180714a9eb2715e6a7851a04a.jpg","width":1024,"height":1024},{"@type":"BreadcrumbList","@id":"https:\/\/ukiyo-home.com\/de\/2-tlg-teller-set-weiss\/#breadcrumb","itemListElement":[{"@type":"ListItem","position":1,"name":"Home","item":"https:\/\/ukiyo-home.com\/de\/"},{"@type":"ListItem","position":2,"name":"Kollektion","item":"https:\/\/ukiyo-home.com\/de\/kollektion-de\/"},{"@type":"ListItem","position":3,"name":"2-tlg. Teller-Set, wei\u00df"}]},{"@type":"WebSite","@id":"https:\/\/ukiyo-home.com\/de\/#website","url":"https:\/\/ukiyo-home.com\/de\/","name":"Ukiyo Home","description":"Just another Swiss Peak Sites site","potentialAction":[{"@type":"SearchAction","target":{"@type":"EntryPoint","urlTemplate":"https:\/\/ukiyo-home.com\/de\/?s={search_term_string}"},"query-input":{"@type":"PropertyValueSpecification","valueRequired":true,"valueName":"search_term_string"}}],"inLanguage":"de"}]}},"_links":{"self":[{"href":"https:\/\/ukiyo-home.com\/de\/wp-json\/wp\/v2\/product\/3780","targetHints":{"allow":["GET"]}}],"collection":[{"href":"https:\/\/ukiyo-home.com\/de\/wp-json\/wp\/v2\/product"}],"about":[{"href":"https:\/\/ukiyo-home.com\/de\/wp-json\/wp\/v2\/types\/product"}],"replies":[{"embeddable":true,"href":"https:\/\/ukiyo-home.com\/de\/wp-json\/wp\/v2\/comments?post=3780"}],"wp:featuredmedia":[{"embeddable":true,"href":"https:\/\/ukiyo-home.com\/de\/wp-json\/wp\/v2\/media\/9054"}],"wp:attachment":[{"href":"https:\/\/ukiyo-home.com\/de\/wp-json\/wp\/v2\/media?parent=3780"}],"wp:term":[{"taxonomy":"product_cat","embeddable":true,"href":"https:\/\/ukiyo-home.com\/de\/wp-json\/wp\/v2\/product_cat?post=3780"},{"taxonomy":"product_tag","embeddable":true,"href":"https:\/\/ukiyo-home.com\/de\/wp-json\/wp\/v2\/product_tag?post=3780"}],"curies":[{"name":"wp","href":"https:\/\/api.w.org\/{rel}","templated":true}]}}