{"id":3776,"date":"2023-02-27T14:52:17","date_gmt":"2023-02-27T14:52:17","guid":{"rendered":"https:\/\/xdsomename.tempurl.host\/ukiyo-website\/product\/geschenkset-weiss\/"},"modified":"2026-03-12T02:00:33","modified_gmt":"2026-03-12T02:00:33","slug":"geschenkset-weiss","status":"publish","type":"product","link":"https:\/\/ukiyo-home.com\/de\/geschenkset-weiss\/","title":{"rendered":"Geschenkset, wei\u00df"},"content":{"rendered":"<p>F\u00fchlen Sie sich entspannt, relaxed und erfrischt mit den Ukiyo-Geschenkset bestehend aus Duftst\u00e4bchen und der Sojawachskerze. Durch die Kombination der Jasmin-Duftst\u00e4bchen und der Jasmin-Duftkerze schaffen Sie eine erstaunliche Atmosph\u00e4re, in der Sie sich revitalisiert f\u00fchlen. 10 Brennstunden, Nettogewicht 55gr. Wird in einer Geschenkbox aus Kraftpapier geliefert.<\/p>\n","protected":false},"excerpt":{"rendered":"<p>F\u00fchlen Sie sich entspannt, relaxed und erfrischt mit den Ukiyo-Geschenkset bestehend aus Duftst\u00e4bchen und der Sojawachskerze. Durch die Kombination der Jasmin-Duftst\u00e4bchen und der Jasmin-Duftkerze schaffen Sie eine erstaunliche Atmosph\u00e4re, in der Sie sich revitalisiert f\u00fchlen. 10 Brennstunden, Nettogewicht 55gr. Wird in einer Geschenkbox aus Kraftpapier geliefert.<\/p>\n","protected":false},"featured_media":8774,"comment_status":"closed","ping_status":"closed","template":"","meta":{"_acf_changed":false},"product_cat":[56],"product_tag":[],"class_list":["post-3776","product","type-product","status-publish","has-post-thumbnail","hentry","product_cat-dekoration-de","pa_color-white"],"acf":[],"yoast_head":"<!-- This site is optimized with the Yoast SEO plugin v27.0 - https:\/\/yoast.com\/product\/yoast-seo-wordpress\/ -->\n<title>Geschenkset, wei\u00df - Ukiyo Home<\/title>\n<meta name=\"robots\" content=\"index, follow, max-snippet:-1, max-image-preview:large, max-video-preview:-1\" \/>\n<link rel=\"canonical\" href=\"https:\/\/ukiyo-home.com\/de\/geschenkset-weiss\/\" \/>\n<meta property=\"og:locale\" content=\"de_DE\" \/>\n<meta property=\"og:type\" content=\"article\" \/>\n<meta property=\"og:title\" content=\"Geschenkset, wei\u00df - Ukiyo Home\" \/>\n<meta property=\"og:description\" content=\"F\u00fchlen Sie sich entspannt, relaxed und erfrischt mit den Ukiyo-Geschenkset bestehend aus Duftst\u00e4bchen und der Sojawachskerze. Durch die Kombination der Jasmin-Duftst\u00e4bchen und der Jasmin-Duftkerze schaffen Sie eine erstaunliche Atmosph\u00e4re, in der Sie sich revitalisiert f\u00fchlen. 10 Brennstunden, Nettogewicht 55gr. Wird in einer Geschenkbox aus Kraftpapier geliefert.\" \/>\n<meta property=\"og:url\" content=\"https:\/\/ukiyo-home.com\/de\/geschenkset-weiss\/\" \/>\n<meta property=\"og:site_name\" content=\"Ukiyo Home\" \/>\n<meta property=\"article:modified_time\" content=\"2026-03-12T02:00:33+00:00\" \/>\n<meta property=\"og:image\" content=\"https:\/\/ukiyo-home.com\/wp-content\/uploads\/sites\/7\/2024\/02\/P262.973__S_0__f479125231064593bdf7eb2fff27fda3.jpg\" \/>\n\t<meta property=\"og:image:width\" content=\"1024\" \/>\n\t<meta property=\"og:image:height\" content=\"1024\" \/>\n\t<meta property=\"og:image:type\" content=\"image\/jpeg\" \/>\n<meta name=\"twitter:card\" content=\"summary_large_image\" \/>\n<script type=\"application\/ld+json\" class=\"yoast-schema-graph\">{\"@context\":\"https:\/\/schema.org\",\"@graph\":[{\"@type\":\"WebPage\",\"@id\":\"https:\/\/ukiyo-home.com\/de\/geschenkset-weiss\/\",\"url\":\"https:\/\/ukiyo-home.com\/de\/geschenkset-weiss\/\",\"name\":\"Geschenkset, wei\u00df - Ukiyo Home\",\"isPartOf\":{\"@id\":\"https:\/\/ukiyo-home.com\/de\/#website\"},\"primaryImageOfPage\":{\"@id\":\"https:\/\/ukiyo-home.com\/de\/geschenkset-weiss\/#primaryimage\"},\"image\":{\"@id\":\"https:\/\/ukiyo-home.com\/de\/geschenkset-weiss\/#primaryimage\"},\"thumbnailUrl\":\"https:\/\/ukiyo-home.com\/wp-content\/uploads\/sites\/7\/2024\/02\/P262.973__S_0__f479125231064593bdf7eb2fff27fda3.jpg\",\"datePublished\":\"2023-02-27T14:52:17+00:00\",\"dateModified\":\"2026-03-12T02:00:33+00:00\",\"breadcrumb\":{\"@id\":\"https:\/\/ukiyo-home.com\/de\/geschenkset-weiss\/#breadcrumb\"},\"inLanguage\":\"de\",\"potentialAction\":[{\"@type\":\"ReadAction\",\"target\":[\"https:\/\/ukiyo-home.com\/de\/geschenkset-weiss\/\"]}]},{\"@type\":\"ImageObject\",\"inLanguage\":\"de\",\"@id\":\"https:\/\/ukiyo-home.com\/de\/geschenkset-weiss\/#primaryimage\",\"url\":\"https:\/\/ukiyo-home.com\/wp-content\/uploads\/sites\/7\/2024\/02\/P262.973__S_0__f479125231064593bdf7eb2fff27fda3.jpg\",\"contentUrl\":\"https:\/\/ukiyo-home.com\/wp-content\/uploads\/sites\/7\/2024\/02\/P262.973__S_0__f479125231064593bdf7eb2fff27fda3.jpg\",\"width\":1024,\"height\":1024},{\"@type\":\"BreadcrumbList\",\"@id\":\"https:\/\/ukiyo-home.com\/de\/geschenkset-weiss\/#breadcrumb\",\"itemListElement\":[{\"@type\":\"ListItem\",\"position\":1,\"name\":\"Home\",\"item\":\"https:\/\/ukiyo-home.com\/de\/\"},{\"@type\":\"ListItem\",\"position\":2,\"name\":\"Kollektion\",\"item\":\"https:\/\/ukiyo-home.com\/de\/kollektion-de\/\"},{\"@type\":\"ListItem\",\"position\":3,\"name\":\"Geschenkset, wei\u00df\"}]},{\"@type\":\"WebSite\",\"@id\":\"https:\/\/ukiyo-home.com\/de\/#website\",\"url\":\"https:\/\/ukiyo-home.com\/de\/\",\"name\":\"Ukiyo Home\",\"description\":\"Just another Swiss Peak Sites site\",\"potentialAction\":[{\"@type\":\"SearchAction\",\"target\":{\"@type\":\"EntryPoint\",\"urlTemplate\":\"https:\/\/ukiyo-home.com\/de\/?s={search_term_string}\"},\"query-input\":{\"@type\":\"PropertyValueSpecification\",\"valueRequired\":true,\"valueName\":\"search_term_string\"}}],\"inLanguage\":\"de\"}]}<\/script>\n<!-- \/ Yoast SEO plugin. -->","yoast_head_json":{"title":"Geschenkset, wei\u00df - Ukiyo Home","robots":{"index":"index","follow":"follow","max-snippet":"max-snippet:-1","max-image-preview":"max-image-preview:large","max-video-preview":"max-video-preview:-1"},"canonical":"https:\/\/ukiyo-home.com\/de\/geschenkset-weiss\/","og_locale":"de_DE","og_type":"article","og_title":"Geschenkset, wei\u00df - Ukiyo Home","og_description":"F\u00fchlen Sie sich entspannt, relaxed und erfrischt mit den Ukiyo-Geschenkset bestehend aus Duftst\u00e4bchen und der Sojawachskerze. Durch die Kombination der Jasmin-Duftst\u00e4bchen und der Jasmin-Duftkerze schaffen Sie eine erstaunliche Atmosph\u00e4re, in der Sie sich revitalisiert f\u00fchlen. 10 Brennstunden, Nettogewicht 55gr. Wird in einer Geschenkbox aus Kraftpapier geliefert.","og_url":"https:\/\/ukiyo-home.com\/de\/geschenkset-weiss\/","og_site_name":"Ukiyo Home","article_modified_time":"2026-03-12T02:00:33+00:00","og_image":[{"width":1024,"height":1024,"url":"https:\/\/ukiyo-home.com\/wp-content\/uploads\/sites\/7\/2024\/02\/P262.973__S_0__f479125231064593bdf7eb2fff27fda3.jpg","type":"image\/jpeg"}],"twitter_card":"summary_large_image","schema":{"@context":"https:\/\/schema.org","@graph":[{"@type":"WebPage","@id":"https:\/\/ukiyo-home.com\/de\/geschenkset-weiss\/","url":"https:\/\/ukiyo-home.com\/de\/geschenkset-weiss\/","name":"Geschenkset, wei\u00df - Ukiyo Home","isPartOf":{"@id":"https:\/\/ukiyo-home.com\/de\/#website"},"primaryImageOfPage":{"@id":"https:\/\/ukiyo-home.com\/de\/geschenkset-weiss\/#primaryimage"},"image":{"@id":"https:\/\/ukiyo-home.com\/de\/geschenkset-weiss\/#primaryimage"},"thumbnailUrl":"https:\/\/ukiyo-home.com\/wp-content\/uploads\/sites\/7\/2024\/02\/P262.973__S_0__f479125231064593bdf7eb2fff27fda3.jpg","datePublished":"2023-02-27T14:52:17+00:00","dateModified":"2026-03-12T02:00:33+00:00","breadcrumb":{"@id":"https:\/\/ukiyo-home.com\/de\/geschenkset-weiss\/#breadcrumb"},"inLanguage":"de","potentialAction":[{"@type":"ReadAction","target":["https:\/\/ukiyo-home.com\/de\/geschenkset-weiss\/"]}]},{"@type":"ImageObject","inLanguage":"de","@id":"https:\/\/ukiyo-home.com\/de\/geschenkset-weiss\/#primaryimage","url":"https:\/\/ukiyo-home.com\/wp-content\/uploads\/sites\/7\/2024\/02\/P262.973__S_0__f479125231064593bdf7eb2fff27fda3.jpg","contentUrl":"https:\/\/ukiyo-home.com\/wp-content\/uploads\/sites\/7\/2024\/02\/P262.973__S_0__f479125231064593bdf7eb2fff27fda3.jpg","width":1024,"height":1024},{"@type":"BreadcrumbList","@id":"https:\/\/ukiyo-home.com\/de\/geschenkset-weiss\/#breadcrumb","itemListElement":[{"@type":"ListItem","position":1,"name":"Home","item":"https:\/\/ukiyo-home.com\/de\/"},{"@type":"ListItem","position":2,"name":"Kollektion","item":"https:\/\/ukiyo-home.com\/de\/kollektion-de\/"},{"@type":"ListItem","position":3,"name":"Geschenkset, wei\u00df"}]},{"@type":"WebSite","@id":"https:\/\/ukiyo-home.com\/de\/#website","url":"https:\/\/ukiyo-home.com\/de\/","name":"Ukiyo Home","description":"Just another Swiss Peak Sites site","potentialAction":[{"@type":"SearchAction","target":{"@type":"EntryPoint","urlTemplate":"https:\/\/ukiyo-home.com\/de\/?s={search_term_string}"},"query-input":{"@type":"PropertyValueSpecification","valueRequired":true,"valueName":"search_term_string"}}],"inLanguage":"de"}]}},"_links":{"self":[{"href":"https:\/\/ukiyo-home.com\/de\/wp-json\/wp\/v2\/product\/3776","targetHints":{"allow":["GET"]}}],"collection":[{"href":"https:\/\/ukiyo-home.com\/de\/wp-json\/wp\/v2\/product"}],"about":[{"href":"https:\/\/ukiyo-home.com\/de\/wp-json\/wp\/v2\/types\/product"}],"replies":[{"embeddable":true,"href":"https:\/\/ukiyo-home.com\/de\/wp-json\/wp\/v2\/comments?post=3776"}],"wp:featuredmedia":[{"embeddable":true,"href":"https:\/\/ukiyo-home.com\/de\/wp-json\/wp\/v2\/media\/8774"}],"wp:attachment":[{"href":"https:\/\/ukiyo-home.com\/de\/wp-json\/wp\/v2\/media?parent=3776"}],"wp:term":[{"taxonomy":"product_cat","embeddable":true,"href":"https:\/\/ukiyo-home.com\/de\/wp-json\/wp\/v2\/product_cat?post=3776"},{"taxonomy":"product_tag","embeddable":true,"href":"https:\/\/ukiyo-home.com\/de\/wp-json\/wp\/v2\/product_tag?post=3776"}],"curies":[{"name":"wp","href":"https:\/\/api.w.org\/{rel}","templated":true}]}}