{"id":3769,"date":"2023-02-27T14:49:46","date_gmt":"2023-02-27T14:49:46","guid":{"rendered":"https:\/\/xdsomename.tempurl.host\/ukiyo-website\/product\/kleine-parfuemierte-kerze-im-glas-schwarz\/"},"modified":"2026-03-12T02:00:23","modified_gmt":"2026-03-12T02:00:23","slug":"kleine-parfuemierte-kerze-im-glas-schwarz","status":"publish","type":"product","link":"https:\/\/ukiyo-home.com\/de\/kleine-parfuemierte-kerze-im-glas-schwarz\/","title":{"rendered":"Kleine parf\u00fcmierte Kerze im Glas, schwarz"},"content":{"rendered":"<p>Schaffen Sie W\u00e4rme und Gem\u00fctlichkeit in Ihrem Zuhause mit dieser kleinen Jasmin-Duftkerze von Ukiyo. Die Duftkerze im eleganten Glas schafft eine ganze besondere Atmosph\u00e4re.<\/p>\n","protected":false},"excerpt":{"rendered":"<p>Schaffen Sie W\u00e4rme und Gem\u00fctlichkeit in Ihrem Zuhause mit dieser kleinen Jasmin-Duftkerze von Ukiyo. Die Duftkerze im eleganten Glas schafft eine ganze besondere Atmosph\u00e4re.<\/p>\n","protected":false},"featured_media":8228,"comment_status":"closed","ping_status":"closed","template":"","meta":{"_acf_changed":false},"product_cat":[56],"product_tag":[],"class_list":["post-3769","product","type-product","status-publish","has-post-thumbnail","hentry","product_cat-dekoration-de","pa_color-black"],"acf":[],"yoast_head":"<!-- This site is optimized with the Yoast SEO plugin v27.0 - https:\/\/yoast.com\/product\/yoast-seo-wordpress\/ -->\n<title>Kleine parf\u00fcmierte Kerze im Glas, schwarz - Ukiyo Home<\/title>\n<meta name=\"robots\" content=\"index, follow, max-snippet:-1, max-image-preview:large, max-video-preview:-1\" \/>\n<link rel=\"canonical\" href=\"https:\/\/ukiyo-home.com\/de\/kleine-parfuemierte-kerze-im-glas-schwarz\/\" \/>\n<meta property=\"og:locale\" content=\"de_DE\" \/>\n<meta property=\"og:type\" content=\"article\" \/>\n<meta property=\"og:title\" content=\"Kleine parf\u00fcmierte Kerze im Glas, schwarz - Ukiyo Home\" \/>\n<meta property=\"og:description\" content=\"Schaffen Sie W\u00e4rme und Gem\u00fctlichkeit in Ihrem Zuhause mit dieser kleinen Jasmin-Duftkerze von Ukiyo. Die Duftkerze im eleganten Glas schafft eine ganze besondere Atmosph\u00e4re.\" \/>\n<meta property=\"og:url\" content=\"https:\/\/ukiyo-home.com\/de\/kleine-parfuemierte-kerze-im-glas-schwarz\/\" \/>\n<meta property=\"og:site_name\" content=\"Ukiyo Home\" \/>\n<meta property=\"article:modified_time\" content=\"2026-03-12T02:00:23+00:00\" \/>\n<meta property=\"og:image\" content=\"https:\/\/ukiyo-home.com\/wp-content\/uploads\/sites\/7\/2024\/02\/P262.931__S_0__438ade832d6e40e7b1c8ced78e772c7e.jpg\" \/>\n\t<meta property=\"og:image:width\" content=\"1024\" \/>\n\t<meta property=\"og:image:height\" content=\"1024\" \/>\n\t<meta property=\"og:image:type\" content=\"image\/jpeg\" \/>\n<meta name=\"twitter:card\" content=\"summary_large_image\" \/>\n<script type=\"application\/ld+json\" class=\"yoast-schema-graph\">{\"@context\":\"https:\/\/schema.org\",\"@graph\":[{\"@type\":\"WebPage\",\"@id\":\"https:\/\/ukiyo-home.com\/de\/kleine-parfuemierte-kerze-im-glas-schwarz\/\",\"url\":\"https:\/\/ukiyo-home.com\/de\/kleine-parfuemierte-kerze-im-glas-schwarz\/\",\"name\":\"Kleine parf\u00fcmierte Kerze im Glas, schwarz - Ukiyo Home\",\"isPartOf\":{\"@id\":\"https:\/\/ukiyo-home.com\/de\/#website\"},\"primaryImageOfPage\":{\"@id\":\"https:\/\/ukiyo-home.com\/de\/kleine-parfuemierte-kerze-im-glas-schwarz\/#primaryimage\"},\"image\":{\"@id\":\"https:\/\/ukiyo-home.com\/de\/kleine-parfuemierte-kerze-im-glas-schwarz\/#primaryimage\"},\"thumbnailUrl\":\"https:\/\/ukiyo-home.com\/wp-content\/uploads\/sites\/7\/2024\/02\/P262.931__S_0__438ade832d6e40e7b1c8ced78e772c7e.jpg\",\"datePublished\":\"2023-02-27T14:49:46+00:00\",\"dateModified\":\"2026-03-12T02:00:23+00:00\",\"breadcrumb\":{\"@id\":\"https:\/\/ukiyo-home.com\/de\/kleine-parfuemierte-kerze-im-glas-schwarz\/#breadcrumb\"},\"inLanguage\":\"de\",\"potentialAction\":[{\"@type\":\"ReadAction\",\"target\":[\"https:\/\/ukiyo-home.com\/de\/kleine-parfuemierte-kerze-im-glas-schwarz\/\"]}]},{\"@type\":\"ImageObject\",\"inLanguage\":\"de\",\"@id\":\"https:\/\/ukiyo-home.com\/de\/kleine-parfuemierte-kerze-im-glas-schwarz\/#primaryimage\",\"url\":\"https:\/\/ukiyo-home.com\/wp-content\/uploads\/sites\/7\/2024\/02\/P262.931__S_0__438ade832d6e40e7b1c8ced78e772c7e.jpg\",\"contentUrl\":\"https:\/\/ukiyo-home.com\/wp-content\/uploads\/sites\/7\/2024\/02\/P262.931__S_0__438ade832d6e40e7b1c8ced78e772c7e.jpg\",\"width\":1024,\"height\":1024},{\"@type\":\"BreadcrumbList\",\"@id\":\"https:\/\/ukiyo-home.com\/de\/kleine-parfuemierte-kerze-im-glas-schwarz\/#breadcrumb\",\"itemListElement\":[{\"@type\":\"ListItem\",\"position\":1,\"name\":\"Home\",\"item\":\"https:\/\/ukiyo-home.com\/de\/\"},{\"@type\":\"ListItem\",\"position\":2,\"name\":\"Kollektion\",\"item\":\"https:\/\/ukiyo-home.com\/de\/kollektion-de\/\"},{\"@type\":\"ListItem\",\"position\":3,\"name\":\"Kleine parf\u00fcmierte Kerze im Glas, schwarz\"}]},{\"@type\":\"WebSite\",\"@id\":\"https:\/\/ukiyo-home.com\/de\/#website\",\"url\":\"https:\/\/ukiyo-home.com\/de\/\",\"name\":\"Ukiyo Home\",\"description\":\"Just another Swiss Peak Sites site\",\"potentialAction\":[{\"@type\":\"SearchAction\",\"target\":{\"@type\":\"EntryPoint\",\"urlTemplate\":\"https:\/\/ukiyo-home.com\/de\/?s={search_term_string}\"},\"query-input\":{\"@type\":\"PropertyValueSpecification\",\"valueRequired\":true,\"valueName\":\"search_term_string\"}}],\"inLanguage\":\"de\"}]}<\/script>\n<!-- \/ Yoast SEO plugin. -->","yoast_head_json":{"title":"Kleine parf\u00fcmierte Kerze im Glas, schwarz - Ukiyo Home","robots":{"index":"index","follow":"follow","max-snippet":"max-snippet:-1","max-image-preview":"max-image-preview:large","max-video-preview":"max-video-preview:-1"},"canonical":"https:\/\/ukiyo-home.com\/de\/kleine-parfuemierte-kerze-im-glas-schwarz\/","og_locale":"de_DE","og_type":"article","og_title":"Kleine parf\u00fcmierte Kerze im Glas, schwarz - Ukiyo Home","og_description":"Schaffen Sie W\u00e4rme und Gem\u00fctlichkeit in Ihrem Zuhause mit dieser kleinen Jasmin-Duftkerze von Ukiyo. Die Duftkerze im eleganten Glas schafft eine ganze besondere Atmosph\u00e4re.","og_url":"https:\/\/ukiyo-home.com\/de\/kleine-parfuemierte-kerze-im-glas-schwarz\/","og_site_name":"Ukiyo Home","article_modified_time":"2026-03-12T02:00:23+00:00","og_image":[{"width":1024,"height":1024,"url":"https:\/\/ukiyo-home.com\/wp-content\/uploads\/sites\/7\/2024\/02\/P262.931__S_0__438ade832d6e40e7b1c8ced78e772c7e.jpg","type":"image\/jpeg"}],"twitter_card":"summary_large_image","schema":{"@context":"https:\/\/schema.org","@graph":[{"@type":"WebPage","@id":"https:\/\/ukiyo-home.com\/de\/kleine-parfuemierte-kerze-im-glas-schwarz\/","url":"https:\/\/ukiyo-home.com\/de\/kleine-parfuemierte-kerze-im-glas-schwarz\/","name":"Kleine parf\u00fcmierte Kerze im Glas, schwarz - Ukiyo Home","isPartOf":{"@id":"https:\/\/ukiyo-home.com\/de\/#website"},"primaryImageOfPage":{"@id":"https:\/\/ukiyo-home.com\/de\/kleine-parfuemierte-kerze-im-glas-schwarz\/#primaryimage"},"image":{"@id":"https:\/\/ukiyo-home.com\/de\/kleine-parfuemierte-kerze-im-glas-schwarz\/#primaryimage"},"thumbnailUrl":"https:\/\/ukiyo-home.com\/wp-content\/uploads\/sites\/7\/2024\/02\/P262.931__S_0__438ade832d6e40e7b1c8ced78e772c7e.jpg","datePublished":"2023-02-27T14:49:46+00:00","dateModified":"2026-03-12T02:00:23+00:00","breadcrumb":{"@id":"https:\/\/ukiyo-home.com\/de\/kleine-parfuemierte-kerze-im-glas-schwarz\/#breadcrumb"},"inLanguage":"de","potentialAction":[{"@type":"ReadAction","target":["https:\/\/ukiyo-home.com\/de\/kleine-parfuemierte-kerze-im-glas-schwarz\/"]}]},{"@type":"ImageObject","inLanguage":"de","@id":"https:\/\/ukiyo-home.com\/de\/kleine-parfuemierte-kerze-im-glas-schwarz\/#primaryimage","url":"https:\/\/ukiyo-home.com\/wp-content\/uploads\/sites\/7\/2024\/02\/P262.931__S_0__438ade832d6e40e7b1c8ced78e772c7e.jpg","contentUrl":"https:\/\/ukiyo-home.com\/wp-content\/uploads\/sites\/7\/2024\/02\/P262.931__S_0__438ade832d6e40e7b1c8ced78e772c7e.jpg","width":1024,"height":1024},{"@type":"BreadcrumbList","@id":"https:\/\/ukiyo-home.com\/de\/kleine-parfuemierte-kerze-im-glas-schwarz\/#breadcrumb","itemListElement":[{"@type":"ListItem","position":1,"name":"Home","item":"https:\/\/ukiyo-home.com\/de\/"},{"@type":"ListItem","position":2,"name":"Kollektion","item":"https:\/\/ukiyo-home.com\/de\/kollektion-de\/"},{"@type":"ListItem","position":3,"name":"Kleine parf\u00fcmierte Kerze im Glas, schwarz"}]},{"@type":"WebSite","@id":"https:\/\/ukiyo-home.com\/de\/#website","url":"https:\/\/ukiyo-home.com\/de\/","name":"Ukiyo Home","description":"Just another Swiss Peak Sites site","potentialAction":[{"@type":"SearchAction","target":{"@type":"EntryPoint","urlTemplate":"https:\/\/ukiyo-home.com\/de\/?s={search_term_string}"},"query-input":{"@type":"PropertyValueSpecification","valueRequired":true,"valueName":"search_term_string"}}],"inLanguage":"de"}]}},"_links":{"self":[{"href":"https:\/\/ukiyo-home.com\/de\/wp-json\/wp\/v2\/product\/3769","targetHints":{"allow":["GET"]}}],"collection":[{"href":"https:\/\/ukiyo-home.com\/de\/wp-json\/wp\/v2\/product"}],"about":[{"href":"https:\/\/ukiyo-home.com\/de\/wp-json\/wp\/v2\/types\/product"}],"replies":[{"embeddable":true,"href":"https:\/\/ukiyo-home.com\/de\/wp-json\/wp\/v2\/comments?post=3769"}],"wp:featuredmedia":[{"embeddable":true,"href":"https:\/\/ukiyo-home.com\/de\/wp-json\/wp\/v2\/media\/8228"}],"wp:attachment":[{"href":"https:\/\/ukiyo-home.com\/de\/wp-json\/wp\/v2\/media?parent=3769"}],"wp:term":[{"taxonomy":"product_cat","embeddable":true,"href":"https:\/\/ukiyo-home.com\/de\/wp-json\/wp\/v2\/product_cat?post=3769"},{"taxonomy":"product_tag","embeddable":true,"href":"https:\/\/ukiyo-home.com\/de\/wp-json\/wp\/v2\/product_tag?post=3769"}],"curies":[{"name":"wp","href":"https:\/\/api.w.org\/{rel}","templated":true}]}}