{"id":3768,"date":"2023-02-27T14:49:46","date_gmt":"2023-02-27T14:49:46","guid":{"rendered":"https:\/\/xdsomename.tempurl.host\/ukiyo-website\/product\/bambus-salz-und-pfeffer-muehlenset-braun\/"},"modified":"2026-03-12T02:00:21","modified_gmt":"2026-03-12T02:00:21","slug":"bambus-salz-und-pfeffer-muehlenset-braun","status":"publish","type":"product","link":"https:\/\/ukiyo-home.com\/de\/bambus-salz-und-pfeffer-muehlenset-braun\/","title":{"rendered":"Bambus Salz und Pfeffer M\u00fchlenset, braun"},"content":{"rendered":"<p>Dieses Ukiyo Salz- und Pfefferset vereint Stil und Funktion in einem Design auf Ihrem Esstisch. Mit einem Keramikmahlwerk, damit Sie Salz und Pfeffer problemlos mahlen k\u00f6nnen. Das Salz- und Pfefferm\u00fchlen-Set ist aus Bambus gefertigt, was ihm ein sch\u00f6nes nat\u00fcrliches und dennoch stilvolles Aussehen verleiht. Zudem sind die M\u00fchlen je mit einem &#8222;P&#8220; bzw. &#8222;S&#8220; graviert. Beide M\u00fchlen haben ein gro\u00dfes Fassungsverm\u00f6gen von 110 ml, sodass Sie die Sets nicht so oft nachf\u00fcllen m\u00fcssen. Verpackt in einer Geschenkbox aus Kraftpapier. Dieses Produkt ist nicht f\u00fcr den Verkauf nach Deutschland verf\u00fcgbar.<\/p>\n","protected":false},"excerpt":{"rendered":"<p>Dieses Ukiyo Salz- und Pfefferset vereint Stil und Funktion in einem Design auf Ihrem Esstisch. Mit einem Keramikmahlwerk, damit Sie Salz und Pfeffer problemlos mahlen k\u00f6nnen. Das Salz- und Pfefferm\u00fchlen-Set ist aus Bambus gefertigt, was ihm ein sch\u00f6nes nat\u00fcrliches und dennoch stilvolles Aussehen verleiht. Zudem sind die M\u00fchlen je mit einem &#8222;P&#8220; bzw. &#8222;S&#8220; graviert. [&hellip;]<\/p>\n","protected":false},"featured_media":8158,"comment_status":"closed","ping_status":"closed","template":"","meta":{"_acf_changed":false},"product_cat":[73],"product_tag":[],"class_list":["post-3768","product","type-product","status-publish","has-post-thumbnail","hentry","product_cat-kuche-de","pa_color-brown"],"acf":[],"yoast_head":"<!-- This site is optimized with the Yoast SEO plugin v27.0 - https:\/\/yoast.com\/product\/yoast-seo-wordpress\/ -->\n<title>Bambus Salz und Pfeffer M\u00fchlenset, braun - Ukiyo Home<\/title>\n<meta name=\"robots\" content=\"index, follow, max-snippet:-1, max-image-preview:large, max-video-preview:-1\" \/>\n<link rel=\"canonical\" href=\"https:\/\/ukiyo-home.com\/de\/bambus-salz-und-pfeffer-muehlenset-braun\/\" \/>\n<meta property=\"og:locale\" content=\"de_DE\" \/>\n<meta property=\"og:type\" content=\"article\" \/>\n<meta property=\"og:title\" content=\"Bambus Salz und Pfeffer M\u00fchlenset, braun - Ukiyo Home\" \/>\n<meta property=\"og:description\" content=\"Dieses Ukiyo Salz- und Pfefferset vereint Stil und Funktion in einem Design auf Ihrem Esstisch. Mit einem Keramikmahlwerk, damit Sie Salz und Pfeffer problemlos mahlen k\u00f6nnen. Das Salz- und Pfefferm\u00fchlen-Set ist aus Bambus gefertigt, was ihm ein sch\u00f6nes nat\u00fcrliches und dennoch stilvolles Aussehen verleiht. Zudem sind die M\u00fchlen je mit einem &#8222;P&#8220; bzw. &#8222;S&#8220; graviert. [&hellip;]\" \/>\n<meta property=\"og:url\" content=\"https:\/\/ukiyo-home.com\/de\/bambus-salz-und-pfeffer-muehlenset-braun\/\" \/>\n<meta property=\"og:site_name\" content=\"Ukiyo Home\" \/>\n<meta property=\"article:modified_time\" content=\"2026-03-12T02:00:21+00:00\" \/>\n<meta property=\"og:image\" content=\"https:\/\/ukiyo-home.com\/wp-content\/uploads\/sites\/7\/2024\/02\/P262.319__S_0__9554512d27c240099a7ce2a057031286.jpg\" \/>\n\t<meta property=\"og:image:width\" content=\"1024\" \/>\n\t<meta property=\"og:image:height\" content=\"1024\" \/>\n\t<meta property=\"og:image:type\" content=\"image\/jpeg\" \/>\n<meta name=\"twitter:card\" content=\"summary_large_image\" \/>\n<meta name=\"twitter:label1\" content=\"Gesch\u00e4tzte Lesezeit\" \/>\n\t<meta name=\"twitter:data1\" content=\"1\u00a0Minute\" \/>\n<script type=\"application\/ld+json\" class=\"yoast-schema-graph\">{\"@context\":\"https:\/\/schema.org\",\"@graph\":[{\"@type\":\"WebPage\",\"@id\":\"https:\/\/ukiyo-home.com\/de\/bambus-salz-und-pfeffer-muehlenset-braun\/\",\"url\":\"https:\/\/ukiyo-home.com\/de\/bambus-salz-und-pfeffer-muehlenset-braun\/\",\"name\":\"Bambus Salz und Pfeffer M\u00fchlenset, braun - Ukiyo Home\",\"isPartOf\":{\"@id\":\"https:\/\/ukiyo-home.com\/de\/#website\"},\"primaryImageOfPage\":{\"@id\":\"https:\/\/ukiyo-home.com\/de\/bambus-salz-und-pfeffer-muehlenset-braun\/#primaryimage\"},\"image\":{\"@id\":\"https:\/\/ukiyo-home.com\/de\/bambus-salz-und-pfeffer-muehlenset-braun\/#primaryimage\"},\"thumbnailUrl\":\"https:\/\/ukiyo-home.com\/wp-content\/uploads\/sites\/7\/2024\/02\/P262.319__S_0__9554512d27c240099a7ce2a057031286.jpg\",\"datePublished\":\"2023-02-27T14:49:46+00:00\",\"dateModified\":\"2026-03-12T02:00:21+00:00\",\"breadcrumb\":{\"@id\":\"https:\/\/ukiyo-home.com\/de\/bambus-salz-und-pfeffer-muehlenset-braun\/#breadcrumb\"},\"inLanguage\":\"de\",\"potentialAction\":[{\"@type\":\"ReadAction\",\"target\":[\"https:\/\/ukiyo-home.com\/de\/bambus-salz-und-pfeffer-muehlenset-braun\/\"]}]},{\"@type\":\"ImageObject\",\"inLanguage\":\"de\",\"@id\":\"https:\/\/ukiyo-home.com\/de\/bambus-salz-und-pfeffer-muehlenset-braun\/#primaryimage\",\"url\":\"https:\/\/ukiyo-home.com\/wp-content\/uploads\/sites\/7\/2024\/02\/P262.319__S_0__9554512d27c240099a7ce2a057031286.jpg\",\"contentUrl\":\"https:\/\/ukiyo-home.com\/wp-content\/uploads\/sites\/7\/2024\/02\/P262.319__S_0__9554512d27c240099a7ce2a057031286.jpg\",\"width\":1024,\"height\":1024},{\"@type\":\"BreadcrumbList\",\"@id\":\"https:\/\/ukiyo-home.com\/de\/bambus-salz-und-pfeffer-muehlenset-braun\/#breadcrumb\",\"itemListElement\":[{\"@type\":\"ListItem\",\"position\":1,\"name\":\"Home\",\"item\":\"https:\/\/ukiyo-home.com\/de\/\"},{\"@type\":\"ListItem\",\"position\":2,\"name\":\"Kollektion\",\"item\":\"https:\/\/ukiyo-home.com\/de\/kollektion-de\/\"},{\"@type\":\"ListItem\",\"position\":3,\"name\":\"Bambus Salz und Pfeffer M\u00fchlenset, braun\"}]},{\"@type\":\"WebSite\",\"@id\":\"https:\/\/ukiyo-home.com\/de\/#website\",\"url\":\"https:\/\/ukiyo-home.com\/de\/\",\"name\":\"Ukiyo Home\",\"description\":\"Just another Swiss Peak Sites site\",\"potentialAction\":[{\"@type\":\"SearchAction\",\"target\":{\"@type\":\"EntryPoint\",\"urlTemplate\":\"https:\/\/ukiyo-home.com\/de\/?s={search_term_string}\"},\"query-input\":{\"@type\":\"PropertyValueSpecification\",\"valueRequired\":true,\"valueName\":\"search_term_string\"}}],\"inLanguage\":\"de\"}]}<\/script>\n<!-- \/ Yoast SEO plugin. -->","yoast_head_json":{"title":"Bambus Salz und Pfeffer M\u00fchlenset, braun - Ukiyo Home","robots":{"index":"index","follow":"follow","max-snippet":"max-snippet:-1","max-image-preview":"max-image-preview:large","max-video-preview":"max-video-preview:-1"},"canonical":"https:\/\/ukiyo-home.com\/de\/bambus-salz-und-pfeffer-muehlenset-braun\/","og_locale":"de_DE","og_type":"article","og_title":"Bambus Salz und Pfeffer M\u00fchlenset, braun - Ukiyo Home","og_description":"Dieses Ukiyo Salz- und Pfefferset vereint Stil und Funktion in einem Design auf Ihrem Esstisch. Mit einem Keramikmahlwerk, damit Sie Salz und Pfeffer problemlos mahlen k\u00f6nnen. Das Salz- und Pfefferm\u00fchlen-Set ist aus Bambus gefertigt, was ihm ein sch\u00f6nes nat\u00fcrliches und dennoch stilvolles Aussehen verleiht. Zudem sind die M\u00fchlen je mit einem &#8222;P&#8220; bzw. &#8222;S&#8220; graviert. [&hellip;]","og_url":"https:\/\/ukiyo-home.com\/de\/bambus-salz-und-pfeffer-muehlenset-braun\/","og_site_name":"Ukiyo Home","article_modified_time":"2026-03-12T02:00:21+00:00","og_image":[{"width":1024,"height":1024,"url":"https:\/\/ukiyo-home.com\/wp-content\/uploads\/sites\/7\/2024\/02\/P262.319__S_0__9554512d27c240099a7ce2a057031286.jpg","type":"image\/jpeg"}],"twitter_card":"summary_large_image","twitter_misc":{"Gesch\u00e4tzte Lesezeit":"1\u00a0Minute"},"schema":{"@context":"https:\/\/schema.org","@graph":[{"@type":"WebPage","@id":"https:\/\/ukiyo-home.com\/de\/bambus-salz-und-pfeffer-muehlenset-braun\/","url":"https:\/\/ukiyo-home.com\/de\/bambus-salz-und-pfeffer-muehlenset-braun\/","name":"Bambus Salz und Pfeffer M\u00fchlenset, braun - Ukiyo Home","isPartOf":{"@id":"https:\/\/ukiyo-home.com\/de\/#website"},"primaryImageOfPage":{"@id":"https:\/\/ukiyo-home.com\/de\/bambus-salz-und-pfeffer-muehlenset-braun\/#primaryimage"},"image":{"@id":"https:\/\/ukiyo-home.com\/de\/bambus-salz-und-pfeffer-muehlenset-braun\/#primaryimage"},"thumbnailUrl":"https:\/\/ukiyo-home.com\/wp-content\/uploads\/sites\/7\/2024\/02\/P262.319__S_0__9554512d27c240099a7ce2a057031286.jpg","datePublished":"2023-02-27T14:49:46+00:00","dateModified":"2026-03-12T02:00:21+00:00","breadcrumb":{"@id":"https:\/\/ukiyo-home.com\/de\/bambus-salz-und-pfeffer-muehlenset-braun\/#breadcrumb"},"inLanguage":"de","potentialAction":[{"@type":"ReadAction","target":["https:\/\/ukiyo-home.com\/de\/bambus-salz-und-pfeffer-muehlenset-braun\/"]}]},{"@type":"ImageObject","inLanguage":"de","@id":"https:\/\/ukiyo-home.com\/de\/bambus-salz-und-pfeffer-muehlenset-braun\/#primaryimage","url":"https:\/\/ukiyo-home.com\/wp-content\/uploads\/sites\/7\/2024\/02\/P262.319__S_0__9554512d27c240099a7ce2a057031286.jpg","contentUrl":"https:\/\/ukiyo-home.com\/wp-content\/uploads\/sites\/7\/2024\/02\/P262.319__S_0__9554512d27c240099a7ce2a057031286.jpg","width":1024,"height":1024},{"@type":"BreadcrumbList","@id":"https:\/\/ukiyo-home.com\/de\/bambus-salz-und-pfeffer-muehlenset-braun\/#breadcrumb","itemListElement":[{"@type":"ListItem","position":1,"name":"Home","item":"https:\/\/ukiyo-home.com\/de\/"},{"@type":"ListItem","position":2,"name":"Kollektion","item":"https:\/\/ukiyo-home.com\/de\/kollektion-de\/"},{"@type":"ListItem","position":3,"name":"Bambus Salz und Pfeffer M\u00fchlenset, braun"}]},{"@type":"WebSite","@id":"https:\/\/ukiyo-home.com\/de\/#website","url":"https:\/\/ukiyo-home.com\/de\/","name":"Ukiyo Home","description":"Just another Swiss Peak Sites site","potentialAction":[{"@type":"SearchAction","target":{"@type":"EntryPoint","urlTemplate":"https:\/\/ukiyo-home.com\/de\/?s={search_term_string}"},"query-input":{"@type":"PropertyValueSpecification","valueRequired":true,"valueName":"search_term_string"}}],"inLanguage":"de"}]}},"_links":{"self":[{"href":"https:\/\/ukiyo-home.com\/de\/wp-json\/wp\/v2\/product\/3768","targetHints":{"allow":["GET"]}}],"collection":[{"href":"https:\/\/ukiyo-home.com\/de\/wp-json\/wp\/v2\/product"}],"about":[{"href":"https:\/\/ukiyo-home.com\/de\/wp-json\/wp\/v2\/types\/product"}],"replies":[{"embeddable":true,"href":"https:\/\/ukiyo-home.com\/de\/wp-json\/wp\/v2\/comments?post=3768"}],"wp:featuredmedia":[{"embeddable":true,"href":"https:\/\/ukiyo-home.com\/de\/wp-json\/wp\/v2\/media\/8158"}],"wp:attachment":[{"href":"https:\/\/ukiyo-home.com\/de\/wp-json\/wp\/v2\/media?parent=3768"}],"wp:term":[{"taxonomy":"product_cat","embeddable":true,"href":"https:\/\/ukiyo-home.com\/de\/wp-json\/wp\/v2\/product_cat?post=3768"},{"taxonomy":"product_tag","embeddable":true,"href":"https:\/\/ukiyo-home.com\/de\/wp-json\/wp\/v2\/product_tag?post=3768"}],"curies":[{"name":"wp","href":"https:\/\/api.w.org\/{rel}","templated":true}]}}